{"id":1321,"date":"2020-09-06T10:18:51","date_gmt":"2020-09-06T10:18:51","guid":{"rendered":"https:\/\/eshumancapital.com\/servicios\/recruiting-for-offers-submissions\/"},"modified":"2020-10-28T18:26:33","modified_gmt":"2020-10-28T18:26:33","slug":"recruiting-for-offers-submissions","status":"publish","type":"page","link":"https:\/\/eshumancapital.com\/fr\/nos-services\/recruiting-for-offers-submissions\/","title":{"rendered":"Recruiting for offers submissions"},"content":{"rendered":"\n<div class=\"wp-block-group alignfull\"><div class=\"wp-block-group__inner-container is-layout-flow wp-block-group-is-layout-flow\">\n<div style=\"height:30px\" aria-hidden=\"true\" class=\"wp-block-spacer\"><\/div>\n\n\n\n<div class=\"wp-block-columns alignwide is-layout-flex wp-container-core-columns-is-layout-9d6595d7 wp-block-columns-is-layout-flex\">\n<div class=\"wp-block-column columna-version-movil is-layout-flow wp-block-column-is-layout-flow\" style=\"flex-basis:20%\">\n<p><\/p>\n<\/div>\n\n\n\n<div class=\"wp-block-column is-vertically-aligned-center columna-central-movil is-layout-flow wp-block-column-is-layout-flow\" style=\"flex-basis:70%\">\n<h2 class=\"has-text-align-center h2-home has-text-color wp-block-heading\" style=\"color:#edddb5\">LES MEILLEURS CV POUR DES OFFRES D&rsquo;EMPLOI DE QUALIT\u00c9<\/h2>\n\n\n\n<hr class=\"wp-block-separator has-text-color has-background is-style-wide hr-servicios\" style=\"background-color:#c0a151;color:#c0a151\"\/>\n\n\n\n<p class=\"has-text-align-center\">Chez ES, nous accompagnons le processus de soumission, en fournissant les meilleurs candidats de notre r\u00e9seau, afin que nos clients puissent pr\u00e9senter avec succ\u00e8s leurs offres et leurs candidatures et ainsi \u00eatre comp\u00e9titifs. Nous captons le \u00ab\u00a0savoir-faire\u00a0\u00bb et le mettons \u00e0 votre disposition.<\/p>\n\n\n\n<div class=\"wp-block-buttons aligncenter is-layout-flex wp-block-buttons-is-layout-flex\">\n<div class=\"wp-block-button\"><a class=\"wp-block-button__link\" href=\"https:\/\/eshumancapital.com\/fr\/contacter\/\" style=\"border-radius:3px\">Contactez notre \u00e9quipe<\/a><\/div>\n<\/div>\n<\/div>\n\n\n\n<div class=\"wp-block-column columna-version-movil is-layout-flow wp-block-column-is-layout-flow\" style=\"flex-basis:20%\"><\/div>\n<\/div>\n\n\n\n<div style=\"height:40px\" aria-hidden=\"true\" class=\"wp-block-spacer\"><\/div>\n<\/div><\/div>\n\n\n\n<div class=\"wp-block-cover alignfull has-white-background-color has-background-dim\"><div class=\"wp-block-cover__inner-container is-layout-flow wp-block-cover-is-layout-flow\">\n<div class=\"wp-block-group alignfull\"><div class=\"wp-block-group__inner-container is-layout-flow wp-block-group-is-layout-flow\">\n<h2 class=\"has-text-color wp-block-heading\" style=\"color:#0a2934\"> <strong>Offres d\u2019emploi<\/strong>    |<span style=\"color: #0a2934; font-size:20px;\"><a class=\"rank-math-link\" href=\"https:\/\/eshumancapital.com\/fr\/category\/offres-demploi\/\">  <a class=\"rank-math-link\" href=\"https:\/\/eshumancapital.com\/fr\/category\/offres-demploi\/\">VOIR TOUTES<\/a><\/a><\/span><\/h2>\n\n\n\n<hr class=\"wp-block-separator has-text-color has-background is-style-wide hr-oferta\" style=\"background-color:#d2a549;color:#d2a549\"\/>\n\n\n<ul class=\"wp-block-latest-posts__list is-grid columns-4 has-dates aligncenter wp-block-latest-posts\"><li><div class=\"wp-block-latest-posts__featured-image\"><img fetchpriority=\"high\" decoding=\"async\" width=\"300\" height=\"300\" src=\"https:\/\/eshumancapital.com\/wp-content\/uploads\/2025\/12\/PROJECT-MANAGER-Obra-Lineal-MADRID.png\" class=\"attachment-medium size-medium wp-post-image\" alt=\"\" style=\"\" srcset=\"https:\/\/eshumancapital.com\/wp-content\/uploads\/2025\/12\/PROJECT-MANAGER-Obra-Lineal-MADRID.png 300w, https:\/\/eshumancapital.com\/wp-content\/uploads\/2025\/12\/PROJECT-MANAGER-Obra-Lineal-MADRID-150x150.png 150w\" sizes=\"(max-width: 300px) 100vw, 300px\" \/><\/div><a class=\"wp-block-latest-posts__post-title\" href=\"https:\/\/eshumancapital.com\/fr\/blog-fr\/senior-project-manager-rail-infrastructure-madrid\/\">Senior Project Manager \u2013 Rail &amp; Infrastructure (Madrid)<\/a><time datetime=\"2025-12-15T16:19:34+00:00\" class=\"wp-block-latest-posts__post-date\">15 d\u00e9cembre 2025<\/time><\/li>\n<li><div class=\"wp-block-latest-posts__featured-image\"><img decoding=\"async\" width=\"300\" height=\"300\" src=\"https:\/\/eshumancapital.com\/wp-content\/uploads\/2025\/11\/LIDERELECTRICOMADRID.png\" class=\"attachment-medium size-medium wp-post-image\" alt=\"\" style=\"\" srcset=\"https:\/\/eshumancapital.com\/wp-content\/uploads\/2025\/11\/LIDERELECTRICOMADRID.png 300w, https:\/\/eshumancapital.com\/wp-content\/uploads\/2025\/11\/LIDERELECTRICOMADRID-150x150.png 150w\" sizes=\"(max-width: 300px) 100vw, 300px\" \/><\/div><a class=\"wp-block-latest-posts__post-title\" href=\"https:\/\/eshumancapital.com\/fr\/offres-demploi\/responsable-electrico-og-madrid\/\">RESPONSABLE EL\u00c9CTRICO O&amp;G-MADRID<\/a><time datetime=\"2025-11-07T09:38:23+00:00\" class=\"wp-block-latest-posts__post-date\">7 novembre 2025<\/time><\/li>\n<li><div class=\"wp-block-latest-posts__featured-image\"><img decoding=\"async\" width=\"300\" height=\"300\" src=\"https:\/\/eshumancapital.com\/wp-content\/uploads\/2025\/09\/TECNICO-DE-FAIS-AEROESPACIAL-SEVILLA.png\" class=\"attachment-medium size-medium wp-post-image\" alt=\"\" style=\"\" srcset=\"https:\/\/eshumancapital.com\/wp-content\/uploads\/2025\/09\/TECNICO-DE-FAIS-AEROESPACIAL-SEVILLA.png 300w, https:\/\/eshumancapital.com\/wp-content\/uploads\/2025\/09\/TECNICO-DE-FAIS-AEROESPACIAL-SEVILLA-150x150.png 150w\" sizes=\"(max-width: 300px) 100vw, 300px\" \/><\/div><a class=\"wp-block-latest-posts__post-title\" href=\"https:\/\/eshumancapital.com\/fr\/offres-demploi\/process-engineer_-fais-aerospace-sector\/\">PROCESS ENGINEER_ FAIs-Aerospace Sector<\/a><time datetime=\"2025-09-25T15:27:00+00:00\" class=\"wp-block-latest-posts__post-date\">25 septembre 2025<\/time><\/li>\n<li><div class=\"wp-block-latest-posts__featured-image\"><img loading=\"lazy\" decoding=\"async\" width=\"300\" height=\"300\" src=\"https:\/\/eshumancapital.com\/wp-content\/uploads\/2025\/09\/ING-QUIMICO-DE-PROCESOS-MADRID.png\" class=\"attachment-medium size-medium wp-post-image\" alt=\"\" style=\"\" srcset=\"https:\/\/eshumancapital.com\/wp-content\/uploads\/2025\/09\/ING-QUIMICO-DE-PROCESOS-MADRID.png 300w, https:\/\/eshumancapital.com\/wp-content\/uploads\/2025\/09\/ING-QUIMICO-DE-PROCESOS-MADRID-150x150.png 150w\" sizes=\"(max-width: 300px) 100vw, 300px\" \/><\/div><a class=\"wp-block-latest-posts__post-title\" href=\"https:\/\/eshumancapital.com\/fr\/offres-demploi\/process-engineer-water-plants-madrid\/\">PROCESS ENGINEER-WATER PLANTS-MADRID<\/a><time datetime=\"2025-09-25T14:45:28+00:00\" class=\"wp-block-latest-posts__post-date\">25 septembre 2025<\/time><\/li>\n<li><div class=\"wp-block-latest-posts__featured-image\"><img loading=\"lazy\" decoding=\"async\" width=\"300\" height=\"300\" src=\"https:\/\/eshumancapital.com\/wp-content\/uploads\/2025\/08\/ELECTRICAL-DESIGN-LEAD-LONDON-UK.png\" class=\"attachment-medium size-medium wp-post-image\" alt=\"\" style=\"\" srcset=\"https:\/\/eshumancapital.com\/wp-content\/uploads\/2025\/08\/ELECTRICAL-DESIGN-LEAD-LONDON-UK.png 300w, https:\/\/eshumancapital.com\/wp-content\/uploads\/2025\/08\/ELECTRICAL-DESIGN-LEAD-LONDON-UK-150x150.png 150w\" sizes=\"(max-width: 300px) 100vw, 300px\" \/><\/div><a class=\"wp-block-latest-posts__post-title\" href=\"https:\/\/eshumancapital.com\/fr\/offres-demploi\/electrical-design-lead-london-uk\/\">ELECTRICAL DESIGN LEAD-LONDON UK<\/a><time datetime=\"2025-08-22T04:30:39+00:00\" class=\"wp-block-latest-posts__post-date\">22 ao\u00fbt 2025<\/time><\/li>\n<li><div class=\"wp-block-latest-posts__featured-image\"><img loading=\"lazy\" decoding=\"async\" width=\"300\" height=\"300\" src=\"https:\/\/eshumancapital.com\/wp-content\/uploads\/2025\/08\/SENIOR-ENGINEERS-KUWAIT.png\" class=\"attachment-medium size-medium wp-post-image\" alt=\"\" style=\"\" srcset=\"https:\/\/eshumancapital.com\/wp-content\/uploads\/2025\/08\/SENIOR-ENGINEERS-KUWAIT.png 300w, https:\/\/eshumancapital.com\/wp-content\/uploads\/2025\/08\/SENIOR-ENGINEERS-KUWAIT-150x150.png 150w\" sizes=\"(max-width: 300px) 100vw, 300px\" \/><\/div><a class=\"wp-block-latest-posts__post-title\" href=\"https:\/\/eshumancapital.com\/fr\/offres-demploi\/procurement-technician-water-treatment-plants-madrid-2\/\">SR ENGINEERS FOR CC PLANT-Kuwait<\/a><time datetime=\"2025-08-12T13:43:59+00:00\" class=\"wp-block-latest-posts__post-date\">12 ao\u00fbt 2025<\/time><\/li>\n<li><div class=\"wp-block-latest-posts__featured-image\"><img loading=\"lazy\" decoding=\"async\" width=\"300\" height=\"300\" src=\"https:\/\/eshumancapital.com\/wp-content\/uploads\/2025\/07\/PROCUREMENT_TECH_MADRID.png\" class=\"attachment-medium size-medium wp-post-image\" alt=\"\" style=\"\" srcset=\"https:\/\/eshumancapital.com\/wp-content\/uploads\/2025\/07\/PROCUREMENT_TECH_MADRID.png 300w, https:\/\/eshumancapital.com\/wp-content\/uploads\/2025\/07\/PROCUREMENT_TECH_MADRID-150x150.png 150w\" sizes=\"(max-width: 300px) 100vw, 300px\" \/><\/div><a class=\"wp-block-latest-posts__post-title\" href=\"https:\/\/eshumancapital.com\/fr\/offres-demploi\/procurement-technician-water-treatment-plants-madrid\/\">PROCUREMENT TECHNICIAN-Water Treatment Plants-Madrid<\/a><time datetime=\"2025-07-07T11:31:54+00:00\" class=\"wp-block-latest-posts__post-date\">7 juillet 2025<\/time><\/li>\n<li><div class=\"wp-block-latest-posts__featured-image\"><img loading=\"lazy\" decoding=\"async\" width=\"300\" height=\"300\" src=\"https:\/\/eshumancapital.com\/wp-content\/uploads\/2025\/07\/247-ING-DE-PROCESOS-SEVILLA.png\" class=\"attachment-medium size-medium wp-post-image\" alt=\"\" style=\"\" srcset=\"https:\/\/eshumancapital.com\/wp-content\/uploads\/2025\/07\/247-ING-DE-PROCESOS-SEVILLA.png 300w, https:\/\/eshumancapital.com\/wp-content\/uploads\/2025\/07\/247-ING-DE-PROCESOS-SEVILLA-150x150.png 150w\" sizes=\"(max-width: 300px) 100vw, 300px\" \/><\/div><a class=\"wp-block-latest-posts__post-title\" href=\"https:\/\/eshumancapital.com\/fr\/offres-demploi\/ingeniero-de-procesos-y-carga-capacidad-sector-aeronautico-sevilla\/\">INGENIERO DE PROCESOS Y CARGA\/CAPACIDAD- Sector Aeron\u00e1utico-Sevilla<\/a><time datetime=\"2025-07-07T11:04:04+00:00\" class=\"wp-block-latest-posts__post-date\">7 juillet 2025<\/time><\/li>\n<\/ul><\/div><\/div>\n\n\n\n<div style=\"height:80px\" aria-hidden=\"true\" class=\"wp-block-spacer\"><\/div>\n<\/div><\/div>\n","protected":false},"excerpt":{"rendered":"","protected":false},"author":2,"featured_media":0,"parent":1307,"menu_order":0,"comment_status":"closed","ping_status":"closed","template":"","meta":{"footnotes":""},"class_list":{"0":"post-1321","1":"page","2":"type-page","3":"status-publish","5":"infinite-scroll-item"},"yoast_head":"<!-- This site is optimized with the Yoast SEO plugin v27.1.1 - https:\/\/yoast.com\/product\/yoast-seo-wordpress\/ -->\n<title>Recruiting for offers submissions - Engineers Sourcing - Headhunter<\/title>\n<meta name=\"robots\" content=\"index, follow, max-snippet:-1, max-image-preview:large, max-video-preview:-1\" \/>\n<link rel=\"canonical\" href=\"https:\/\/eshumancapital.com\/fr\/nos-services\/recruiting-for-offers-submissions\/\" \/>\n<meta property=\"og:locale\" content=\"fr_FR\" \/>\n<meta property=\"og:type\" content=\"article\" \/>\n<meta property=\"og:title\" content=\"Recruiting for offers submissions - Engineers Sourcing - Headhunter\" \/>\n<meta property=\"og:url\" content=\"https:\/\/eshumancapital.com\/fr\/nos-services\/recruiting-for-offers-submissions\/\" \/>\n<meta property=\"og:site_name\" content=\"Engineers Sourcing - Headhunter\" \/>\n<meta property=\"article:modified_time\" content=\"2020-10-28T18:26:33+00:00\" \/>\n<meta name=\"twitter:card\" content=\"summary_large_image\" \/>\n<script type=\"application\/ld+json\" class=\"yoast-schema-graph\">{\"@context\":\"https:\/\/schema.org\",\"@graph\":[{\"@type\":\"WebPage\",\"@id\":\"https:\/\/eshumancapital.com\/fr\/nos-services\/recruiting-for-offers-submissions\/\",\"url\":\"https:\/\/eshumancapital.com\/fr\/nos-services\/recruiting-for-offers-submissions\/\",\"name\":\"Recruiting for offers submissions - Engineers Sourcing - Headhunter\",\"isPartOf\":{\"@id\":\"https:\/\/eshumancapital.com\/fr\/#website\"},\"datePublished\":\"2020-09-06T10:18:51+00:00\",\"dateModified\":\"2020-10-28T18:26:33+00:00\",\"breadcrumb\":{\"@id\":\"https:\/\/eshumancapital.com\/fr\/nos-services\/recruiting-for-offers-submissions\/#breadcrumb\"},\"inLanguage\":\"fr-FR\",\"potentialAction\":[{\"@type\":\"ReadAction\",\"target\":[\"https:\/\/eshumancapital.com\/fr\/nos-services\/recruiting-for-offers-submissions\/\"]}]},{\"@type\":\"BreadcrumbList\",\"@id\":\"https:\/\/eshumancapital.com\/fr\/nos-services\/recruiting-for-offers-submissions\/#breadcrumb\",\"itemListElement\":[{\"@type\":\"ListItem\",\"position\":1,\"name\":\"Portada\",\"item\":\"https:\/\/eshumancapital.com\/fr\/\"},{\"@type\":\"ListItem\",\"position\":2,\"name\":\"Nos Services\",\"item\":\"https:\/\/eshumancapital.com\/fr\/servicios\/\"},{\"@type\":\"ListItem\",\"position\":3,\"name\":\"Recruiting for offers submissions\"}]},{\"@type\":\"WebSite\",\"@id\":\"https:\/\/eshumancapital.com\/fr\/#website\",\"url\":\"https:\/\/eshumancapital.com\/fr\/\",\"name\":\"Engineers Sourcing - Headhunter\",\"description\":\"Servicios de Headhunter, Outplacement y Recruiting. Buscamos talento como el tuyo\",\"publisher\":{\"@id\":\"https:\/\/eshumancapital.com\/fr\/#organization\"},\"potentialAction\":[{\"@type\":\"SearchAction\",\"target\":{\"@type\":\"EntryPoint\",\"urlTemplate\":\"https:\/\/eshumancapital.com\/fr\/?s={search_term_string}\"},\"query-input\":{\"@type\":\"PropertyValueSpecification\",\"valueRequired\":true,\"valueName\":\"search_term_string\"}}],\"inLanguage\":\"fr-FR\"},{\"@type\":\"Organization\",\"@id\":\"https:\/\/eshumancapital.com\/fr\/#organization\",\"name\":\"Engineers Sourcing - Headhunter\",\"url\":\"https:\/\/eshumancapital.com\/fr\/\",\"logo\":{\"@type\":\"ImageObject\",\"inLanguage\":\"fr-FR\",\"@id\":\"https:\/\/eshumancapital.com\/fr\/#\/schema\/logo\/image\/\",\"url\":\"https:\/\/eshumancapital.com\/wp-content\/uploads\/2020\/08\/logotipo-web.png\",\"contentUrl\":\"https:\/\/eshumancapital.com\/wp-content\/uploads\/2020\/08\/logotipo-web.png\",\"width\":235,\"height\":114,\"caption\":\"Engineers Sourcing - Headhunter\"},\"image\":{\"@id\":\"https:\/\/eshumancapital.com\/fr\/#\/schema\/logo\/image\/\"}}]}<\/script>\n<!-- \/ Yoast SEO plugin. -->","yoast_head_json":{"title":"Recruiting for offers submissions - Engineers Sourcing - Headhunter","robots":{"index":"index","follow":"follow","max-snippet":"max-snippet:-1","max-image-preview":"max-image-preview:large","max-video-preview":"max-video-preview:-1"},"canonical":"https:\/\/eshumancapital.com\/fr\/nos-services\/recruiting-for-offers-submissions\/","og_locale":"fr_FR","og_type":"article","og_title":"Recruiting for offers submissions - Engineers Sourcing - Headhunter","og_url":"https:\/\/eshumancapital.com\/fr\/nos-services\/recruiting-for-offers-submissions\/","og_site_name":"Engineers Sourcing - Headhunter","article_modified_time":"2020-10-28T18:26:33+00:00","twitter_card":"summary_large_image","schema":{"@context":"https:\/\/schema.org","@graph":[{"@type":"WebPage","@id":"https:\/\/eshumancapital.com\/fr\/nos-services\/recruiting-for-offers-submissions\/","url":"https:\/\/eshumancapital.com\/fr\/nos-services\/recruiting-for-offers-submissions\/","name":"Recruiting for offers submissions - Engineers Sourcing - Headhunter","isPartOf":{"@id":"https:\/\/eshumancapital.com\/fr\/#website"},"datePublished":"2020-09-06T10:18:51+00:00","dateModified":"2020-10-28T18:26:33+00:00","breadcrumb":{"@id":"https:\/\/eshumancapital.com\/fr\/nos-services\/recruiting-for-offers-submissions\/#breadcrumb"},"inLanguage":"fr-FR","potentialAction":[{"@type":"ReadAction","target":["https:\/\/eshumancapital.com\/fr\/nos-services\/recruiting-for-offers-submissions\/"]}]},{"@type":"BreadcrumbList","@id":"https:\/\/eshumancapital.com\/fr\/nos-services\/recruiting-for-offers-submissions\/#breadcrumb","itemListElement":[{"@type":"ListItem","position":1,"name":"Portada","item":"https:\/\/eshumancapital.com\/fr\/"},{"@type":"ListItem","position":2,"name":"Nos Services","item":"https:\/\/eshumancapital.com\/fr\/servicios\/"},{"@type":"ListItem","position":3,"name":"Recruiting for offers submissions"}]},{"@type":"WebSite","@id":"https:\/\/eshumancapital.com\/fr\/#website","url":"https:\/\/eshumancapital.com\/fr\/","name":"Engineers Sourcing - Headhunter","description":"Servicios de Headhunter, Outplacement y Recruiting. Buscamos talento como el tuyo","publisher":{"@id":"https:\/\/eshumancapital.com\/fr\/#organization"},"potentialAction":[{"@type":"SearchAction","target":{"@type":"EntryPoint","urlTemplate":"https:\/\/eshumancapital.com\/fr\/?s={search_term_string}"},"query-input":{"@type":"PropertyValueSpecification","valueRequired":true,"valueName":"search_term_string"}}],"inLanguage":"fr-FR"},{"@type":"Organization","@id":"https:\/\/eshumancapital.com\/fr\/#organization","name":"Engineers Sourcing - Headhunter","url":"https:\/\/eshumancapital.com\/fr\/","logo":{"@type":"ImageObject","inLanguage":"fr-FR","@id":"https:\/\/eshumancapital.com\/fr\/#\/schema\/logo\/image\/","url":"https:\/\/eshumancapital.com\/wp-content\/uploads\/2020\/08\/logotipo-web.png","contentUrl":"https:\/\/eshumancapital.com\/wp-content\/uploads\/2020\/08\/logotipo-web.png","width":235,"height":114,"caption":"Engineers Sourcing - Headhunter"},"image":{"@id":"https:\/\/eshumancapital.com\/fr\/#\/schema\/logo\/image\/"}}]}},"_links":{"self":[{"href":"https:\/\/eshumancapital.com\/fr\/wp-json\/wp\/v2\/pages\/1321","targetHints":{"allow":["GET"]}}],"collection":[{"href":"https:\/\/eshumancapital.com\/fr\/wp-json\/wp\/v2\/pages"}],"about":[{"href":"https:\/\/eshumancapital.com\/fr\/wp-json\/wp\/v2\/types\/page"}],"author":[{"embeddable":true,"href":"https:\/\/eshumancapital.com\/fr\/wp-json\/wp\/v2\/users\/2"}],"replies":[{"embeddable":true,"href":"https:\/\/eshumancapital.com\/fr\/wp-json\/wp\/v2\/comments?post=1321"}],"version-history":[{"count":2,"href":"https:\/\/eshumancapital.com\/fr\/wp-json\/wp\/v2\/pages\/1321\/revisions"}],"predecessor-version":[{"id":1598,"href":"https:\/\/eshumancapital.com\/fr\/wp-json\/wp\/v2\/pages\/1321\/revisions\/1598"}],"up":[{"embeddable":true,"href":"https:\/\/eshumancapital.com\/fr\/wp-json\/wp\/v2\/pages\/1307"}],"wp:attachment":[{"href":"https:\/\/eshumancapital.com\/fr\/wp-json\/wp\/v2\/media?parent=1321"}],"curies":[{"name":"wp","href":"https:\/\/api.w.org\/{rel}","templated":true}]}}