{"id":1317,"date":"2020-09-06T09:24:40","date_gmt":"2020-09-06T09:24:40","guid":{"rendered":"https:\/\/eshumancapital.com\/servicios\/outplacement\/"},"modified":"2025-01-07T16:24:00","modified_gmt":"2025-01-07T16:24:00","slug":"outplacement","status":"publish","type":"page","link":"https:\/\/eshumancapital.com\/fr\/nos-services\/outplacement\/","title":{"rendered":"Outplacement"},"content":{"rendered":"\n<div class=\"wp-block-group alignfull\"><div class=\"wp-block-group__inner-container is-layout-flow wp-block-group-is-layout-flow\">\n<div style=\"height:30px\" aria-hidden=\"true\" class=\"wp-block-spacer\"><\/div>\n\n\n\n<div class=\"wp-block-columns alignwide is-layout-flex wp-container-core-columns-is-layout-9d6595d7 wp-block-columns-is-layout-flex\">\n<div class=\"wp-block-column columna-version-movil is-layout-flow wp-block-column-is-layout-flow\" style=\"flex-basis:15%\">\n<p><\/p>\n<\/div>\n\n\n\n<div class=\"wp-block-column is-vertically-aligned-center columna-central-movil is-layout-flow wp-block-column-is-layout-flow\" style=\"flex-basis:70%\">\n<h2 class=\"wp-block-heading has-text-align-center h2-home has-text-color\" style=\"color:#edddb5\">DEVEZ-VOUS LICENCIER UN DE VOS PROFESSIONNELS ?<\/h2>\n\n\n\n<h2 class=\"wp-block-heading has-text-align-center h2-home has-text-color\" style=\"color:#edddb5\">Nous pouvons le replacer<\/h2>\n\n\n\n<hr class=\"wp-block-separator has-text-color has-css-opacity has-background is-style-wide hr-servicios\" style=\"background-color:#c0a151;color:#c0a151\"\/>\n\n\n\n<p class=\"has-text-align-center\">Nous proposons un service de replacement pour vos meilleurs professionnels si, en raison de diverses circonstances du march\u00e9, vous devez renoncer \u00e0 eux; nous les conseillons et les accompagnons dans leur recherche d&#8217;emploi.<\/p>\n\n\n\n<div style=\"height:30px\" aria-hidden=\"true\" class=\"wp-block-spacer\"><\/div>\n<\/div>\n\n\n\n<div class=\"wp-block-column columna-version-movil is-layout-flow wp-block-column-is-layout-flow\" style=\"flex-basis:15%\"><\/div>\n<\/div>\n\n\n\n<div class=\"wp-block-columns is-layout-flex wp-container-core-columns-is-layout-9d6595d7 wp-block-columns-is-layout-flex\">\n<div class=\"wp-block-column is-layout-flow wp-block-column-is-layout-flow\" style=\"flex-basis:40%\"><div class=\"wp-block-image\">\n<figure class=\"alignleft size-large\"><img fetchpriority=\"high\" decoding=\"async\" width=\"920\" height=\"550\" src=\"https:\/\/eshumancapital.com\/wp-content\/uploads\/2020\/09\/ES-Human-Capital-reclitamiento-de-talentos-2.png\" alt=\"\" class=\"wp-image-1318\" srcset=\"https:\/\/eshumancapital.com\/wp-content\/uploads\/2020\/09\/ES-Human-Capital-reclitamiento-de-talentos-2.png 920w, https:\/\/eshumancapital.com\/wp-content\/uploads\/2020\/09\/ES-Human-Capital-reclitamiento-de-talentos-2-300x179.png 300w, https:\/\/eshumancapital.com\/wp-content\/uploads\/2020\/09\/ES-Human-Capital-reclitamiento-de-talentos-2-768x459.png 768w\" sizes=\"(max-width: 920px) 100vw, 920px\" \/><\/figure>\n<\/div><\/div>\n\n\n\n<div class=\"wp-block-column is-layout-flow wp-block-column-is-layout-flow\" style=\"flex-basis:60%\">\n<div style=\"height:20px\" aria-hidden=\"true\" class=\"wp-block-spacer\"><\/div>\n\n\n\n<h3 class=\"wp-block-heading has-text-align-left\"><strong><strong>Avantage pour l\u2019entreprise<\/strong><\/strong><\/h3>\n\n\n\n<ul class=\"wp-block-list\">\n<li>Faciliter la captation des talents, se positionner comme g\u00e9n\u00e9rateur de d\u00e9veloppement professionnel.<\/li>\n\n\n\n<li>Rejoindre le monde de la collaboration en cr\u00e9ant un v\u00e9ritable cercle de contacts.<\/li>\n\n\n\n<li>Assurer la coh\u00e9rence des politiques de durabilit\u00e9, diversit\u00e9 et \u00e9galit\u00e9 avec le bien-\u00eatre des personnes.<\/li>\n\n\n\n<li>Prioriser l&rsquo;avenir professionnel aux conflits \u00e9conomiques.<\/li>\n<\/ul>\n<\/div>\n<\/div>\n\n\n\n<div class=\"wp-block-columns is-layout-flex wp-container-core-columns-is-layout-9d6595d7 wp-block-columns-is-layout-flex\">\n<div class=\"wp-block-column is-layout-flow wp-block-column-is-layout-flow\" style=\"flex-basis:40%\"><div class=\"wp-block-image\">\n<figure class=\"alignleft size-large\"><img decoding=\"async\" width=\"920\" height=\"550\" src=\"https:\/\/eshumancapital.com\/wp-content\/uploads\/2020\/09\/ES-Human-Capital-reclitamiento-de-talentos-9.png\" alt=\"\" class=\"wp-image-1910\" srcset=\"https:\/\/eshumancapital.com\/wp-content\/uploads\/2020\/09\/ES-Human-Capital-reclitamiento-de-talentos-9.png 920w, https:\/\/eshumancapital.com\/wp-content\/uploads\/2020\/09\/ES-Human-Capital-reclitamiento-de-talentos-9-300x179.png 300w, https:\/\/eshumancapital.com\/wp-content\/uploads\/2020\/09\/ES-Human-Capital-reclitamiento-de-talentos-9-768x459.png 768w\" sizes=\"(max-width: 920px) 100vw, 920px\" \/><\/figure>\n<\/div><\/div>\n\n\n\n<div class=\"wp-block-column is-layout-flow wp-block-column-is-layout-flow\" style=\"flex-basis:60%\">\n<div style=\"height:20px\" aria-hidden=\"true\" class=\"wp-block-spacer\"><\/div>\n\n\n\n<h3 class=\"wp-block-heading has-text-align-left\"><strong><strong>&nbsp;Avantages pour le travailleur<\/strong><\/strong><\/h3>\n\n\n\n<ul class=\"wp-block-list\">\n<li>Acqu\u00e9rir la capacit\u00e9 de g\u00e9rer efficacement sa carri\u00e8re, gr\u00e2ce \u00e0 des professionnels sp\u00e9cialis\u00e9s.<\/li>\n\n\n\n<li>D\u00e9veloppement de l&#8217;empreinte et de la marque personnelle. \u00c9largissez votre networking.<\/li>\n\n\n\n<li>R\u00e9duire l&rsquo;impact sur l&rsquo;environnement familial et social gr\u00e2ce \u00e0 un soutien constant et professionnel.<\/li>\n\n\n\n<li>Se concentrer sur l&rsquo;avenir, g\u00e9n\u00e9rer le meilleur plan de carri\u00e8re possible pour aujourd&rsquo;hui et pour les ann\u00e9es \u00e0 venir.<\/li>\n<\/ul>\n\n\n\n<p><\/p>\n<\/div>\n<\/div>\n\n\n\n<div style=\"height:47px\" aria-hidden=\"true\" class=\"wp-block-spacer\"><\/div>\n\n\n\n<p><\/p>\n<\/div><\/div>\n\n\n\n<div class=\"wp-block-group alignfull has-background\" style=\"background-color:#f7f3ea\"><div class=\"wp-block-group__inner-container is-layout-flow wp-block-group-is-layout-flow\">\n<div style=\"height:50px\" aria-hidden=\"true\" class=\"wp-block-spacer\"><\/div>\n\n\n\n<div class=\"wp-block-columns is-layout-flex wp-container-core-columns-is-layout-9d6595d7 wp-block-columns-is-layout-flex\">\n<div class=\"wp-block-column is-layout-flow wp-block-column-is-layout-flow\" style=\"flex-basis:25%\"><\/div>\n\n\n\n<div class=\"wp-block-column is-layout-flow wp-block-column-is-layout-flow\" style=\"flex-basis:70%\">\n<h2 class=\"wp-block-heading has-text-align-center\"><strong>Caract\u00e9ristiques du secteur<\/strong><\/h2>\n\n\n\n<p class=\"has-text-align-center\">Nous offrons ce service \u00e0 nos clients et apportons un soutien aux professionnels qui, en raison des fluctuations du march\u00e9, doivent quitter leur emploi.<\/p>\n<\/div>\n\n\n\n<div class=\"wp-block-column is-layout-flow wp-block-column-is-layout-flow\" style=\"flex-basis:25%\"><\/div>\n<\/div>\n\n\n\n<div class=\"wp-block-columns are-vertically-aligned-top interior-texto is-layout-flex wp-container-core-columns-is-layout-9d6595d7 wp-block-columns-is-layout-flex\">\n<div class=\"wp-block-column is-vertically-aligned-top is-layout-flow wp-block-column-is-layout-flow\" style=\"flex-basis:33%\">\n<div style=\"height:20px\" aria-hidden=\"true\" class=\"wp-block-spacer\"><\/div>\n\n\n<div class=\"wp-block-image\">\n<figure class=\"aligncenter size-large is-resized\"><img decoding=\"async\" width=\"300\" height=\"300\" src=\"https:\/\/eshumancapital.com\/wp-content\/uploads\/2020\/09\/ES-Human-Capital-icono-11.png\" alt=\"\" class=\"wp-image-1919\" style=\"width:75px;height:75px\" srcset=\"https:\/\/eshumancapital.com\/wp-content\/uploads\/2020\/09\/ES-Human-Capital-icono-11.png 300w, https:\/\/eshumancapital.com\/wp-content\/uploads\/2020\/09\/ES-Human-Capital-icono-11-150x150.png 150w\" sizes=\"(max-width: 300px) 100vw, 300px\" \/><\/figure>\n<\/div>\n\n\n<h3 class=\"wp-block-heading has-text-align-center has-text-color\" style=\"color:#cfa64e\"><strong>Dur\u00e9e de la prestation<\/strong><\/h3>\n\n\n\n<p class=\"has-text-align-center\">Le service de replacement est g\u00e9n\u00e9ralement de six mois par candidat.<\/p>\n<\/div>\n\n\n\n<div class=\"wp-block-column is-vertically-aligned-top is-layout-flow wp-block-column-is-layout-flow\" style=\"flex-basis:33%\">\n<div style=\"height:20px\" aria-hidden=\"true\" class=\"wp-block-spacer\"><\/div>\n\n\n<div class=\"wp-block-image\">\n<figure class=\"aligncenter size-large is-resized\"><img loading=\"lazy\" decoding=\"async\" width=\"300\" height=\"300\" src=\"https:\/\/eshumancapital.com\/wp-content\/uploads\/2020\/09\/ES-Human-Capital-icono-9.png\" alt=\"\" class=\"wp-image-1913\" style=\"width:75px;height:75px\" srcset=\"https:\/\/eshumancapital.com\/wp-content\/uploads\/2020\/09\/ES-Human-Capital-icono-9.png 300w, https:\/\/eshumancapital.com\/wp-content\/uploads\/2020\/09\/ES-Human-Capital-icono-9-150x150.png 150w\" sizes=\"(max-width: 300px) 100vw, 300px\" \/><\/figure>\n<\/div>\n\n\n<h3 class=\"wp-block-heading has-text-align-center has-text-color\" style=\"color:#cfa64e\"><strong>Co\u00fbt total<\/strong><\/h3>\n\n\n\n<p class=\"has-text-align-center\">Un co\u00fbt tr\u00e8s comp\u00e9titif pour des services de replacement impeccables.<\/p>\n<\/div>\n\n\n\n<div class=\"wp-block-column is-vertically-aligned-top is-layout-flow wp-block-column-is-layout-flow\" style=\"flex-basis:33%\">\n<div style=\"height:20px\" aria-hidden=\"true\" class=\"wp-block-spacer\"><\/div>\n\n\n<div class=\"wp-block-image\">\n<figure class=\"aligncenter size-large is-resized\"><img loading=\"lazy\" decoding=\"async\" width=\"300\" height=\"300\" src=\"https:\/\/eshumancapital.com\/wp-content\/uploads\/2020\/09\/ES-Human-Capital-icono-10.png\" alt=\"\" class=\"wp-image-1916\" style=\"width:75px;height:75px\" srcset=\"https:\/\/eshumancapital.com\/wp-content\/uploads\/2020\/09\/ES-Human-Capital-icono-10.png 300w, https:\/\/eshumancapital.com\/wp-content\/uploads\/2020\/09\/ES-Human-Capital-icono-10-150x150.png 150w\" sizes=\"(max-width: 300px) 100vw, 300px\" \/><\/figure>\n<\/div>\n\n\n<h3 class=\"wp-block-heading has-text-align-center has-text-color\" style=\"color:#cfa64e\"><strong>Ce que le service inclut<\/strong><\/h3>\n\n\n\n<ul class=\"wp-block-list\">\n<li>Mise \u00e0 jour du CV en fonction du march\u00e9.<\/li>\n\n\n\n<li>Networking.<\/li>\n\n\n\n<li>Soutien psychologique.<\/li>\n<\/ul>\n<\/div>\n<\/div>\n\n\n\n<div style=\"height:22px\" aria-hidden=\"true\" class=\"wp-block-spacer\"><\/div>\n\n\n\n<div class=\"wp-block-buttons is-content-justification-center is-layout-flex wp-container-core-buttons-is-layout-16018d1d wp-block-buttons-is-layout-flex\">\n<div class=\"wp-block-button\"><a class=\"wp-block-button__link wp-element-button\" href=\"https:\/\/eshumancapital.com\/fr\/contacter\/\" style=\"border-radius:3px\">\u00c9crivez-nous maintenant<\/a><\/div>\n<\/div>\n\n\n\n<div style=\"height:70px\" aria-hidden=\"true\" class=\"wp-block-spacer\"><\/div>\n\n\n\n<div style=\"height:30px\" aria-hidden=\"true\" class=\"wp-block-spacer\"><\/div>\n<\/div><\/div>\n\n\n\n<div class=\"wp-block-group alignwide\"><div class=\"wp-block-group__inner-container is-layout-flow wp-block-group-is-layout-flow\">\n<div class=\"wp-block-columns alignwide borde-headhunter is-layout-flex wp-container-core-columns-is-layout-9d6595d7 wp-block-columns-is-layout-flex\">\n<div class=\"wp-block-column is-vertically-aligned-top columna-color is-layout-flow wp-block-column-is-layout-flow\" style=\"flex-basis:33.33%\">\n<div style=\"height:20px\" aria-hidden=\"true\" class=\"wp-block-spacer\"><\/div>\n\n\n\n<div style=\"height:53px\" aria-hidden=\"true\" class=\"wp-block-spacer\"><\/div>\n\n\n\n<h2 class=\"wp-block-heading\"><strong>Vous avez besoin de notre service d&rsquo;Outplacement<\/strong><\/h2>\n\n\n\n<div style=\"height:52px\" aria-hidden=\"true\" class=\"wp-block-spacer\"><\/div>\n<\/div>\n\n\n\n<div class=\"wp-block-column is-layout-flow wp-block-column-is-layout-flow\" style=\"flex-basis:66.66%\">\n<div style=\"height:55px\" aria-hidden=\"true\" class=\"wp-block-spacer\"><\/div>\n\n\n\n<div class=\"wp-block-columns is-layout-flex wp-container-core-columns-is-layout-9d6595d7 wp-block-columns-is-layout-flex\">\n<div class=\"wp-block-column is-vertically-aligned-top paddin-columna-headhunter is-layout-flow wp-block-column-is-layout-flow\">\n<p>Nous travaillons en permanence sur la mise \u00e0 jour des bases de donn\u00e9es des meilleurs candidats, ainsi que des emplois du secteur. Si votre entreprise souhaite maintenir un contact int\u00e9gral avec ses meilleurs talents, ce service est fait pour vous.<\/p>\n\n\n\n<div class=\"wp-block-buttons is-layout-flex wp-block-buttons-is-layout-flex\">\n<div class=\"wp-block-button\"><a class=\"wp-block-button__link wp-element-button\" href=\"https:\/\/eshumancapital.com\/fr\/contacter\/\" style=\"border-radius:3px\">Demande d&rsquo;informations sur nos plans<\/a><\/div>\n\n\n\n<div class=\"wp-block-button\"><a class=\"wp-block-button__link wp-element-button\" href=\"https:\/\/formacion.eshumancapital.com\/?lang=en\" style=\"border-radius:3px\">S&rsquo;inscrire et acc\u00e9der \u00e0 notre plateforme de formation<\/a><\/div>\n<\/div>\n<\/div>\n<\/div>\n<\/div>\n<\/div>\n<\/div><\/div>\n\n\n\n<div style=\"height:76px\" aria-hidden=\"true\" class=\"wp-block-spacer\"><\/div>\n","protected":false},"excerpt":{"rendered":"","protected":false},"author":2,"featured_media":0,"parent":1307,"menu_order":0,"comment_status":"closed","ping_status":"closed","template":"","meta":{"footnotes":""},"class_list":{"0":"post-1317","1":"page","2":"type-page","3":"status-publish","5":"infinite-scroll-item"},"yoast_head":"<!-- This site is optimized with the Yoast SEO plugin v27.1.1 - https:\/\/yoast.com\/product\/yoast-seo-wordpress\/ -->\n<title>Outplacement - Engineers Sourcing - Headhunter<\/title>\n<meta name=\"robots\" content=\"index, follow, max-snippet:-1, max-image-preview:large, max-video-preview:-1\" \/>\n<link rel=\"canonical\" href=\"https:\/\/eshumancapital.com\/fr\/nos-services\/outplacement\/\" \/>\n<meta property=\"og:locale\" content=\"fr_FR\" \/>\n<meta property=\"og:type\" content=\"article\" \/>\n<meta property=\"og:title\" content=\"Outplacement - Engineers Sourcing - Headhunter\" \/>\n<meta property=\"og:url\" content=\"https:\/\/eshumancapital.com\/fr\/nos-services\/outplacement\/\" \/>\n<meta property=\"og:site_name\" content=\"Engineers Sourcing - Headhunter\" \/>\n<meta property=\"article:modified_time\" content=\"2025-01-07T16:24:00+00:00\" \/>\n<meta property=\"og:image\" content=\"https:\/\/eshumancapital.com\/wp-content\/uploads\/2020\/09\/ES-Human-Capital-reclitamiento-de-talentos-2.png\" \/>\n\t<meta property=\"og:image:width\" content=\"920\" \/>\n\t<meta property=\"og:image:height\" content=\"550\" \/>\n\t<meta property=\"og:image:type\" content=\"image\/png\" \/>\n<meta name=\"twitter:card\" content=\"summary_large_image\" \/>\n<meta name=\"twitter:label1\" content=\"Dur\u00e9e de lecture estim\u00e9e\" \/>\n\t<meta name=\"twitter:data1\" content=\"3 minutes\" \/>\n<script type=\"application\/ld+json\" class=\"yoast-schema-graph\">{\"@context\":\"https:\/\/schema.org\",\"@graph\":[{\"@type\":\"WebPage\",\"@id\":\"https:\/\/eshumancapital.com\/fr\/nos-services\/outplacement\/\",\"url\":\"https:\/\/eshumancapital.com\/fr\/nos-services\/outplacement\/\",\"name\":\"Outplacement - Engineers Sourcing - Headhunter\",\"isPartOf\":{\"@id\":\"https:\/\/eshumancapital.com\/fr\/#website\"},\"primaryImageOfPage\":{\"@id\":\"https:\/\/eshumancapital.com\/fr\/nos-services\/outplacement\/#primaryimage\"},\"image\":{\"@id\":\"https:\/\/eshumancapital.com\/fr\/nos-services\/outplacement\/#primaryimage\"},\"thumbnailUrl\":\"https:\/\/eshumancapital.com\/wp-content\/uploads\/2020\/09\/ES-Human-Capital-reclitamiento-de-talentos-2.png\",\"datePublished\":\"2020-09-06T09:24:40+00:00\",\"dateModified\":\"2025-01-07T16:24:00+00:00\",\"breadcrumb\":{\"@id\":\"https:\/\/eshumancapital.com\/fr\/nos-services\/outplacement\/#breadcrumb\"},\"inLanguage\":\"fr-FR\",\"potentialAction\":[{\"@type\":\"ReadAction\",\"target\":[\"https:\/\/eshumancapital.com\/fr\/nos-services\/outplacement\/\"]}]},{\"@type\":\"ImageObject\",\"inLanguage\":\"fr-FR\",\"@id\":\"https:\/\/eshumancapital.com\/fr\/nos-services\/outplacement\/#primaryimage\",\"url\":\"https:\/\/eshumancapital.com\/wp-content\/uploads\/2020\/09\/ES-Human-Capital-reclitamiento-de-talentos-2.png\",\"contentUrl\":\"https:\/\/eshumancapital.com\/wp-content\/uploads\/2020\/09\/ES-Human-Capital-reclitamiento-de-talentos-2.png\"},{\"@type\":\"BreadcrumbList\",\"@id\":\"https:\/\/eshumancapital.com\/fr\/nos-services\/outplacement\/#breadcrumb\",\"itemListElement\":[{\"@type\":\"ListItem\",\"position\":1,\"name\":\"Portada\",\"item\":\"https:\/\/eshumancapital.com\/fr\/\"},{\"@type\":\"ListItem\",\"position\":2,\"name\":\"Nos Services\",\"item\":\"https:\/\/eshumancapital.com\/fr\/servicios\/\"},{\"@type\":\"ListItem\",\"position\":3,\"name\":\"Outplacement\"}]},{\"@type\":\"WebSite\",\"@id\":\"https:\/\/eshumancapital.com\/fr\/#website\",\"url\":\"https:\/\/eshumancapital.com\/fr\/\",\"name\":\"Engineers Sourcing - Headhunter\",\"description\":\"Servicios de Headhunter, Outplacement y Recruiting. Buscamos talento como el tuyo\",\"publisher\":{\"@id\":\"https:\/\/eshumancapital.com\/fr\/#organization\"},\"potentialAction\":[{\"@type\":\"SearchAction\",\"target\":{\"@type\":\"EntryPoint\",\"urlTemplate\":\"https:\/\/eshumancapital.com\/fr\/?s={search_term_string}\"},\"query-input\":{\"@type\":\"PropertyValueSpecification\",\"valueRequired\":true,\"valueName\":\"search_term_string\"}}],\"inLanguage\":\"fr-FR\"},{\"@type\":\"Organization\",\"@id\":\"https:\/\/eshumancapital.com\/fr\/#organization\",\"name\":\"Engineers Sourcing - Headhunter\",\"url\":\"https:\/\/eshumancapital.com\/fr\/\",\"logo\":{\"@type\":\"ImageObject\",\"inLanguage\":\"fr-FR\",\"@id\":\"https:\/\/eshumancapital.com\/fr\/#\/schema\/logo\/image\/\",\"url\":\"https:\/\/eshumancapital.com\/wp-content\/uploads\/2020\/08\/logotipo-web.png\",\"contentUrl\":\"https:\/\/eshumancapital.com\/wp-content\/uploads\/2020\/08\/logotipo-web.png\",\"width\":235,\"height\":114,\"caption\":\"Engineers Sourcing - Headhunter\"},\"image\":{\"@id\":\"https:\/\/eshumancapital.com\/fr\/#\/schema\/logo\/image\/\"}}]}<\/script>\n<!-- \/ Yoast SEO plugin. -->","yoast_head_json":{"title":"Outplacement - Engineers Sourcing - Headhunter","robots":{"index":"index","follow":"follow","max-snippet":"max-snippet:-1","max-image-preview":"max-image-preview:large","max-video-preview":"max-video-preview:-1"},"canonical":"https:\/\/eshumancapital.com\/fr\/nos-services\/outplacement\/","og_locale":"fr_FR","og_type":"article","og_title":"Outplacement - Engineers Sourcing - Headhunter","og_url":"https:\/\/eshumancapital.com\/fr\/nos-services\/outplacement\/","og_site_name":"Engineers Sourcing - Headhunter","article_modified_time":"2025-01-07T16:24:00+00:00","og_image":[{"width":920,"height":550,"url":"https:\/\/eshumancapital.com\/wp-content\/uploads\/2020\/09\/ES-Human-Capital-reclitamiento-de-talentos-2.png","type":"image\/png"}],"twitter_card":"summary_large_image","twitter_misc":{"Dur\u00e9e de lecture estim\u00e9e":"3 minutes"},"schema":{"@context":"https:\/\/schema.org","@graph":[{"@type":"WebPage","@id":"https:\/\/eshumancapital.com\/fr\/nos-services\/outplacement\/","url":"https:\/\/eshumancapital.com\/fr\/nos-services\/outplacement\/","name":"Outplacement - Engineers Sourcing - Headhunter","isPartOf":{"@id":"https:\/\/eshumancapital.com\/fr\/#website"},"primaryImageOfPage":{"@id":"https:\/\/eshumancapital.com\/fr\/nos-services\/outplacement\/#primaryimage"},"image":{"@id":"https:\/\/eshumancapital.com\/fr\/nos-services\/outplacement\/#primaryimage"},"thumbnailUrl":"https:\/\/eshumancapital.com\/wp-content\/uploads\/2020\/09\/ES-Human-Capital-reclitamiento-de-talentos-2.png","datePublished":"2020-09-06T09:24:40+00:00","dateModified":"2025-01-07T16:24:00+00:00","breadcrumb":{"@id":"https:\/\/eshumancapital.com\/fr\/nos-services\/outplacement\/#breadcrumb"},"inLanguage":"fr-FR","potentialAction":[{"@type":"ReadAction","target":["https:\/\/eshumancapital.com\/fr\/nos-services\/outplacement\/"]}]},{"@type":"ImageObject","inLanguage":"fr-FR","@id":"https:\/\/eshumancapital.com\/fr\/nos-services\/outplacement\/#primaryimage","url":"https:\/\/eshumancapital.com\/wp-content\/uploads\/2020\/09\/ES-Human-Capital-reclitamiento-de-talentos-2.png","contentUrl":"https:\/\/eshumancapital.com\/wp-content\/uploads\/2020\/09\/ES-Human-Capital-reclitamiento-de-talentos-2.png"},{"@type":"BreadcrumbList","@id":"https:\/\/eshumancapital.com\/fr\/nos-services\/outplacement\/#breadcrumb","itemListElement":[{"@type":"ListItem","position":1,"name":"Portada","item":"https:\/\/eshumancapital.com\/fr\/"},{"@type":"ListItem","position":2,"name":"Nos Services","item":"https:\/\/eshumancapital.com\/fr\/servicios\/"},{"@type":"ListItem","position":3,"name":"Outplacement"}]},{"@type":"WebSite","@id":"https:\/\/eshumancapital.com\/fr\/#website","url":"https:\/\/eshumancapital.com\/fr\/","name":"Engineers Sourcing - Headhunter","description":"Servicios de Headhunter, Outplacement y Recruiting. Buscamos talento como el tuyo","publisher":{"@id":"https:\/\/eshumancapital.com\/fr\/#organization"},"potentialAction":[{"@type":"SearchAction","target":{"@type":"EntryPoint","urlTemplate":"https:\/\/eshumancapital.com\/fr\/?s={search_term_string}"},"query-input":{"@type":"PropertyValueSpecification","valueRequired":true,"valueName":"search_term_string"}}],"inLanguage":"fr-FR"},{"@type":"Organization","@id":"https:\/\/eshumancapital.com\/fr\/#organization","name":"Engineers Sourcing - Headhunter","url":"https:\/\/eshumancapital.com\/fr\/","logo":{"@type":"ImageObject","inLanguage":"fr-FR","@id":"https:\/\/eshumancapital.com\/fr\/#\/schema\/logo\/image\/","url":"https:\/\/eshumancapital.com\/wp-content\/uploads\/2020\/08\/logotipo-web.png","contentUrl":"https:\/\/eshumancapital.com\/wp-content\/uploads\/2020\/08\/logotipo-web.png","width":235,"height":114,"caption":"Engineers Sourcing - Headhunter"},"image":{"@id":"https:\/\/eshumancapital.com\/fr\/#\/schema\/logo\/image\/"}}]}},"_links":{"self":[{"href":"https:\/\/eshumancapital.com\/fr\/wp-json\/wp\/v2\/pages\/1317","targetHints":{"allow":["GET"]}}],"collection":[{"href":"https:\/\/eshumancapital.com\/fr\/wp-json\/wp\/v2\/pages"}],"about":[{"href":"https:\/\/eshumancapital.com\/fr\/wp-json\/wp\/v2\/types\/page"}],"author":[{"embeddable":true,"href":"https:\/\/eshumancapital.com\/fr\/wp-json\/wp\/v2\/users\/2"}],"replies":[{"embeddable":true,"href":"https:\/\/eshumancapital.com\/fr\/wp-json\/wp\/v2\/comments?post=1317"}],"version-history":[{"count":3,"href":"https:\/\/eshumancapital.com\/fr\/wp-json\/wp\/v2\/pages\/1317\/revisions"}],"predecessor-version":[{"id":13164,"href":"https:\/\/eshumancapital.com\/fr\/wp-json\/wp\/v2\/pages\/1317\/revisions\/13164"}],"up":[{"embeddable":true,"href":"https:\/\/eshumancapital.com\/fr\/wp-json\/wp\/v2\/pages\/1307"}],"wp:attachment":[{"href":"https:\/\/eshumancapital.com\/fr\/wp-json\/wp\/v2\/media?parent=1317"}],"curies":[{"name":"wp","href":"https:\/\/api.w.org\/{rel}","templated":true}]}}