{"id":1307,"date":"2020-09-04T17:00:33","date_gmt":"2020-09-04T17:00:33","guid":{"rendered":"https:\/\/eshumancapital.com\/servicios\/"},"modified":"2022-08-31T15:56:37","modified_gmt":"2022-08-31T15:56:37","slug":"nos-services","status":"publish","type":"page","link":"https:\/\/eshumancapital.com\/fr\/nos-services\/","title":{"rendered":"Nos Services"},"content":{"rendered":"\n<div class=\"wp-block-group alignfull columna-version-movil-centrado\"><div class=\"wp-block-group__inner-container is-layout-flow wp-block-group-is-layout-flow\">\n<div style=\"height:30px\" aria-hidden=\"true\" class=\"wp-block-spacer\"><\/div>\n\n\n\n<div class=\"wp-block-columns alignwide is-layout-flex wp-container-core-columns-is-layout-9d6595d7 wp-block-columns-is-layout-flex\">\n<div class=\"wp-block-column columna-version-movil is-layout-flow wp-block-column-is-layout-flow\" style=\"flex-basis:20%\">\n<p><\/p>\n<\/div>\n\n\n\n<div class=\"wp-block-column is-vertically-aligned-center columna-central-movil is-layout-flow wp-block-column-is-layout-flow\" style=\"flex-basis:80%\">\n<h2 class=\"has-text-align-center h2-home has-huge-font-size has-text-color wp-block-heading\" style=\"color:#edddb5\">LES SERVICES QUE NOUS OFFRONS<\/h2>\n\n\n\n<hr class=\"wp-block-separator has-text-color has-css-opacity has-background is-style-wide hr-servicios\" style=\"background-color:#c0a151;color:#c0a151\"\/>\n\n\n\n<p class=\"has-text-align-center\">Nos services sont bas\u00e9s sur les besoins actuels du secteur. Nous sommes constamment en qu\u00eate de solutions agiles et nous nous adaptons aux exigences de nos clients.<\/p>\n\n\n\n<div style=\"height:30px\" aria-hidden=\"true\" class=\"wp-block-spacer\"><\/div>\n\n\n\n<div class=\"wp-block-columns is-layout-flex wp-container-core-columns-is-layout-9d6595d7 wp-block-columns-is-layout-flex\">\n<div class=\"wp-block-column hover-img-home is-layout-flow wp-block-column-is-layout-flow\">\n<h3 class=\"has-text-align-center wp-block-heading\" style=\"font-size:26px\"><strong><a href=\"https:\/\/eshumancapital.com\/fr\/nos-services\/chasseur-de-tetes\/\" class=\"rank-math-link\">Chasseur de t\u00eates<\/a><\/strong><\/h3>\n\n\n\n<figure class=\"wp-block-image is-resized\"><a href=\"https:\/\/eshumancapital.com\/fr\/nos-services\/chasseur-de-tetes\/\"><img fetchpriority=\"high\" decoding=\"async\" src=\"https:\/\/eshumancapital.com\/wp-content\/uploads\/2020\/08\/es-human-capitan-home-3.png\" alt=\"\" class=\"wp-image-1303\" width=\"236\" height=\"236\" srcset=\"https:\/\/eshumancapital.com\/wp-content\/uploads\/2020\/08\/es-human-capitan-home-3.png 314w, https:\/\/eshumancapital.com\/wp-content\/uploads\/2020\/08\/es-human-capitan-home-3-300x300.png 300w, https:\/\/eshumancapital.com\/wp-content\/uploads\/2020\/08\/es-human-capitan-home-3-150x150.png 150w\" sizes=\"(max-width: 236px) 100vw, 236px\" \/><\/a><\/figure>\n<\/div>\n\n\n\n<div class=\"wp-block-column hover-img-home is-layout-flow wp-block-column-is-layout-flow\">\n<h3 class=\"has-text-align-center wp-block-heading\" style=\"font-size:26px\"><strong><a class=\"rank-math-link\" href=\"https:\/\/eshumancapital.com\/servicios\/headhunter\/\"><\/a><strong><a href=\"https:\/\/eshumancapital.com\/fr\/nos-services\/outplacement\/\" class=\"rank-math-link\">Outplacement<\/a><\/strong><\/strong><\/h3>\n\n\n<div class=\"wp-block-image\">\n<figure class=\"aligncenter size-large is-resized\"><a href=\"https:\/\/eshumancapital.com\/fr\/nos-services\/outplacement\/\"><img decoding=\"async\" src=\"https:\/\/eshumancapital.com\/wp-content\/uploads\/2020\/08\/es-human-capitan-home-1.png\" alt=\"\" class=\"wp-image-1848\" width=\"236\" height=\"236\" srcset=\"https:\/\/eshumancapital.com\/wp-content\/uploads\/2020\/08\/es-human-capitan-home-1.png 314w, https:\/\/eshumancapital.com\/wp-content\/uploads\/2020\/08\/es-human-capitan-home-1-300x300.png 300w, https:\/\/eshumancapital.com\/wp-content\/uploads\/2020\/08\/es-human-capitan-home-1-150x150.png 150w\" sizes=\"(max-width: 236px) 100vw, 236px\" \/><\/a><\/figure>\n<\/div><\/div>\n\n\n\n<div class=\"wp-block-column hover-img-home is-layout-flow wp-block-column-is-layout-flow\">\n<h3 class=\"has-text-align-center wp-block-heading\" style=\"font-size:26px\"><strong><a href=\"https:\/\/eshumancapital.com\/servicios\/recruiting\/\" class=\"rank-math-link\"><\/a><strong><a href=\"https:\/\/eshumancapital.com\/fr\/nos-services\/recruiting-for-offers-submissions\/\" class=\"rank-math-link\">Recruiting<\/a><\/strong><\/strong><\/h3>\n\n\n<div class=\"wp-block-image\">\n<figure class=\"aligncenter size-large is-resized\"><a href=\"https:\/\/eshumancapital.com\/fr\/nos-services\/recruiting-for-offers-submissions\/\"><img decoding=\"async\" src=\"https:\/\/eshumancapital.com\/wp-content\/uploads\/2020\/08\/es-human-capitan-home-2.png\" alt=\"\" class=\"wp-image-1851\" width=\"236\" height=\"236\" srcset=\"https:\/\/eshumancapital.com\/wp-content\/uploads\/2020\/08\/es-human-capitan-home-2.png 314w, https:\/\/eshumancapital.com\/wp-content\/uploads\/2020\/08\/es-human-capitan-home-2-300x300.png 300w, https:\/\/eshumancapital.com\/wp-content\/uploads\/2020\/08\/es-human-capitan-home-2-150x150.png 150w\" sizes=\"(max-width: 236px) 100vw, 236px\" \/><\/a><\/figure>\n<\/div>\n\n\n<p><\/p>\n<\/div>\n<\/div>\n<\/div>\n\n\n\n<div class=\"wp-block-column columna-version-movil is-layout-flow wp-block-column-is-layout-flow\" style=\"flex-basis:20%\"><\/div>\n<\/div>\n\n\n\n<div class=\"wp-block-buttons is-content-justification-center is-layout-flex wp-container-core-buttons-is-layout-16018d1d wp-block-buttons-is-layout-flex\">\n<div class=\"wp-block-button\"><a class=\"wp-block-button__link\" href=\"https:\/\/eshumancapital.com\/fr\/contacter\/\" style=\"border-radius:3px\">Contactez l&rsquo;un de nos professionnels<\/a><\/div>\n<\/div>\n\n\n\n<div style=\"height:80px\" aria-hidden=\"true\" class=\"wp-block-spacer\"><\/div>\n<\/div><\/div>\n\n\n\n<div class=\"wp-block-group alignfull has-background\" style=\"background-color:#f7f3ea\"><div class=\"wp-block-group__inner-container is-layout-flow wp-block-group-is-layout-flow\">\n<div style=\"height:50px\" aria-hidden=\"true\" class=\"wp-block-spacer\"><\/div>\n\n\n\n<div class=\"wp-block-columns is-layout-flex wp-container-core-columns-is-layout-9d6595d7 wp-block-columns-is-layout-flex\">\n<div class=\"wp-block-column is-layout-flow wp-block-column-is-layout-flow\" style=\"flex-basis:25%\"><\/div>\n\n\n\n<div class=\"wp-block-column is-layout-flow wp-block-column-is-layout-flow\" style=\"flex-basis:70%\">\n<h2 class=\"has-text-align-center wp-block-heading\"><strong><strong>Pourquoi choisir nos services?<\/strong><\/strong><\/h2>\n<\/div>\n\n\n\n<div class=\"wp-block-column is-layout-flow wp-block-column-is-layout-flow\" style=\"flex-basis:25%\"><\/div>\n<\/div>\n\n\n\n<div class=\"wp-block-columns are-vertically-aligned-top interior-texto is-layout-flex wp-container-core-columns-is-layout-9d6595d7 wp-block-columns-is-layout-flex\">\n<div class=\"wp-block-column is-vertically-aligned-top is-layout-flow wp-block-column-is-layout-flow\" style=\"flex-basis:33%\">\n<div style=\"height:20px\" aria-hidden=\"true\" class=\"wp-block-spacer\"><\/div>\n\n\n<div class=\"wp-block-image\">\n<figure class=\"aligncenter size-large is-resized\"><img loading=\"lazy\" decoding=\"async\" src=\"https:\/\/eshumancapital.com\/wp-content\/uploads\/2020\/09\/ES-Human-Capital-icono.png\" alt=\"\" class=\"wp-image-1871\" width=\"75\" height=\"75\" srcset=\"https:\/\/eshumancapital.com\/wp-content\/uploads\/2020\/09\/ES-Human-Capital-icono.png 300w, https:\/\/eshumancapital.com\/wp-content\/uploads\/2020\/09\/ES-Human-Capital-icono-150x150.png 150w\" sizes=\"(max-width: 75px) 100vw, 75px\" \/><\/figure>\n<\/div>\n\n\n<h3 class=\"has-text-align-center has-text-color wp-block-heading\" style=\"color:#cfa64e\"><strong>Nous renfor\u00e7ons les talents<\/strong><\/h3>\n\n\n\n<p class=\"has-text-align-center\">Nous accroissons le talent et le savoir-faire dans l&rsquo;entreprise cliente.<\/p>\n<\/div>\n\n\n\n<div class=\"wp-block-column is-vertically-aligned-top is-layout-flow wp-block-column-is-layout-flow\" style=\"flex-basis:33%\">\n<div style=\"height:20px\" aria-hidden=\"true\" class=\"wp-block-spacer\"><\/div>\n\n\n<div class=\"wp-block-image\">\n<figure class=\"aligncenter size-large is-resized\"><img loading=\"lazy\" decoding=\"async\" src=\"https:\/\/eshumancapital.com\/wp-content\/uploads\/2020\/09\/ES-Human-Capital-icono-2.png\" alt=\"\" class=\"wp-image-1873\" width=\"75\" height=\"75\" srcset=\"https:\/\/eshumancapital.com\/wp-content\/uploads\/2020\/09\/ES-Human-Capital-icono-2.png 300w, https:\/\/eshumancapital.com\/wp-content\/uploads\/2020\/09\/ES-Human-Capital-icono-2-150x150.png 150w\" sizes=\"(max-width: 75px) 100vw, 75px\" \/><\/figure>\n<\/div>\n\n\n<h3 class=\"has-text-align-center has-text-color wp-block-heading\" style=\"color:#cfa64e\"><strong>Nous offrons la garantie<\/strong><\/h3>\n\n\n\n<p class=\"has-text-align-center\">S\u00e9curit\u00e9 de la comp\u00e9tence de la personne s\u00e9lectionn\u00e9e ou du poste obtenu.<\/p>\n<\/div>\n\n\n\n<div class=\"wp-block-column is-vertically-aligned-top is-layout-flow wp-block-column-is-layout-flow\" style=\"flex-basis:33%\">\n<div style=\"height:20px\" aria-hidden=\"true\" class=\"wp-block-spacer\"><\/div>\n\n\n<div class=\"wp-block-image\">\n<figure class=\"aligncenter size-large is-resized\"><img loading=\"lazy\" decoding=\"async\" src=\"https:\/\/eshumancapital.com\/wp-content\/uploads\/2020\/09\/ES-Human-Capital-icono-3.png\" alt=\"\" class=\"wp-image-1875\" width=\"75\" height=\"75\" srcset=\"https:\/\/eshumancapital.com\/wp-content\/uploads\/2020\/09\/ES-Human-Capital-icono-3.png 300w, https:\/\/eshumancapital.com\/wp-content\/uploads\/2020\/09\/ES-Human-Capital-icono-3-150x150.png 150w\" sizes=\"(max-width: 75px) 100vw, 75px\" \/><\/figure>\n<\/div>\n\n\n<h3 class=\"has-text-align-center has-text-color wp-block-heading\" style=\"color:#cfa64e\"><strong>Des m\u00e9canismes adapt\u00e9s<\/strong><\/h3>\n\n\n\n<p class=\"has-text-align-center\">Des outils de travail adapt\u00e9s \u00e0 l&rsquo;\u00e9volution du march\u00e9 de ce si\u00e8cle.<\/p>\n<\/div>\n<\/div>\n\n\n\n<div class=\"wp-block-buttons is-content-justification-center is-layout-flex wp-container-core-buttons-is-layout-16018d1d wp-block-buttons-is-layout-flex\">\n<div class=\"wp-block-button\"><a class=\"wp-block-button__link\" href=\"https:\/\/eshumancapital.com\/wp-content\/uploads\/2021\/10\/presentacion-Engineers-Sourcing_fra.pdf\" style=\"border-radius:3px\" target=\"_blank\" rel=\"noreferrer noopener\">T\u00e9l\u00e9charger la pr\u00e9sentation des SERVICES<\/a><\/div>\n<\/div>\n\n\n\n<div style=\"height:80px\" aria-hidden=\"true\" class=\"wp-block-spacer\"><\/div>\n<\/div><\/div>\n","protected":false},"excerpt":{"rendered":"","protected":false},"author":2,"featured_media":0,"parent":0,"menu_order":0,"comment_status":"closed","ping_status":"closed","template":"","meta":{"footnotes":""},"class_list":{"0":"post-1307","1":"page","2":"type-page","3":"status-publish","5":"infinite-scroll-item"},"yoast_head":"<!-- This site is optimized with the Yoast SEO plugin v27.1.1 - https:\/\/yoast.com\/product\/yoast-seo-wordpress\/ -->\n<title>Nos Services - Engineers Sourcing - Headhunter<\/title>\n<meta name=\"robots\" content=\"index, follow, max-snippet:-1, max-image-preview:large, max-video-preview:-1\" \/>\n<link rel=\"canonical\" href=\"https:\/\/eshumancapital.com\/fr\/nos-services\/\" \/>\n<meta property=\"og:locale\" content=\"fr_FR\" \/>\n<meta property=\"og:type\" content=\"article\" \/>\n<meta property=\"og:title\" content=\"Nos Services - Engineers Sourcing - Headhunter\" \/>\n<meta property=\"og:url\" content=\"https:\/\/eshumancapital.com\/fr\/nos-services\/\" \/>\n<meta property=\"og:site_name\" content=\"Engineers Sourcing - Headhunter\" \/>\n<meta property=\"article:modified_time\" content=\"2022-08-31T15:56:37+00:00\" \/>\n<meta property=\"og:image\" content=\"https:\/\/eshumancapital.com\/wp-content\/uploads\/2020\/08\/es-human-capitan-home-3.png\" \/>\n<meta name=\"twitter:card\" content=\"summary_large_image\" \/>\n<meta name=\"twitter:label1\" content=\"Dur\u00e9e de lecture estim\u00e9e\" \/>\n\t<meta name=\"twitter:data1\" content=\"1 minute\" \/>\n<script type=\"application\/ld+json\" class=\"yoast-schema-graph\">{\"@context\":\"https:\/\/schema.org\",\"@graph\":[{\"@type\":\"WebPage\",\"@id\":\"https:\/\/eshumancapital.com\/fr\/nos-services\/\",\"url\":\"https:\/\/eshumancapital.com\/fr\/nos-services\/\",\"name\":\"Nos Services - Engineers Sourcing - Headhunter\",\"isPartOf\":{\"@id\":\"https:\/\/eshumancapital.com\/fr\/#website\"},\"primaryImageOfPage\":{\"@id\":\"https:\/\/eshumancapital.com\/fr\/nos-services\/#primaryimage\"},\"image\":{\"@id\":\"https:\/\/eshumancapital.com\/fr\/nos-services\/#primaryimage\"},\"thumbnailUrl\":\"https:\/\/eshumancapital.com\/wp-content\/uploads\/2020\/08\/es-human-capitan-home-3.png\",\"datePublished\":\"2020-09-04T17:00:33+00:00\",\"dateModified\":\"2022-08-31T15:56:37+00:00\",\"breadcrumb\":{\"@id\":\"https:\/\/eshumancapital.com\/fr\/nos-services\/#breadcrumb\"},\"inLanguage\":\"fr-FR\",\"potentialAction\":[{\"@type\":\"ReadAction\",\"target\":[\"https:\/\/eshumancapital.com\/fr\/nos-services\/\"]}]},{\"@type\":\"ImageObject\",\"inLanguage\":\"fr-FR\",\"@id\":\"https:\/\/eshumancapital.com\/fr\/nos-services\/#primaryimage\",\"url\":\"https:\/\/eshumancapital.com\/wp-content\/uploads\/2020\/08\/es-human-capitan-home-3.png\",\"contentUrl\":\"https:\/\/eshumancapital.com\/wp-content\/uploads\/2020\/08\/es-human-capitan-home-3.png\"},{\"@type\":\"BreadcrumbList\",\"@id\":\"https:\/\/eshumancapital.com\/fr\/nos-services\/#breadcrumb\",\"itemListElement\":[{\"@type\":\"ListItem\",\"position\":1,\"name\":\"Portada\",\"item\":\"https:\/\/eshumancapital.com\/fr\/\"},{\"@type\":\"ListItem\",\"position\":2,\"name\":\"Nos Services\"}]},{\"@type\":\"WebSite\",\"@id\":\"https:\/\/eshumancapital.com\/fr\/#website\",\"url\":\"https:\/\/eshumancapital.com\/fr\/\",\"name\":\"Engineers Sourcing - Headhunter\",\"description\":\"Servicios de Headhunter, Outplacement y Recruiting. Buscamos talento como el tuyo\",\"publisher\":{\"@id\":\"https:\/\/eshumancapital.com\/fr\/#organization\"},\"potentialAction\":[{\"@type\":\"SearchAction\",\"target\":{\"@type\":\"EntryPoint\",\"urlTemplate\":\"https:\/\/eshumancapital.com\/fr\/?s={search_term_string}\"},\"query-input\":{\"@type\":\"PropertyValueSpecification\",\"valueRequired\":true,\"valueName\":\"search_term_string\"}}],\"inLanguage\":\"fr-FR\"},{\"@type\":\"Organization\",\"@id\":\"https:\/\/eshumancapital.com\/fr\/#organization\",\"name\":\"Engineers Sourcing - Headhunter\",\"url\":\"https:\/\/eshumancapital.com\/fr\/\",\"logo\":{\"@type\":\"ImageObject\",\"inLanguage\":\"fr-FR\",\"@id\":\"https:\/\/eshumancapital.com\/fr\/#\/schema\/logo\/image\/\",\"url\":\"https:\/\/eshumancapital.com\/wp-content\/uploads\/2020\/08\/logotipo-web.png\",\"contentUrl\":\"https:\/\/eshumancapital.com\/wp-content\/uploads\/2020\/08\/logotipo-web.png\",\"width\":235,\"height\":114,\"caption\":\"Engineers Sourcing - Headhunter\"},\"image\":{\"@id\":\"https:\/\/eshumancapital.com\/fr\/#\/schema\/logo\/image\/\"}}]}<\/script>\n<!-- \/ Yoast SEO plugin. -->","yoast_head_json":{"title":"Nos Services - Engineers Sourcing - Headhunter","robots":{"index":"index","follow":"follow","max-snippet":"max-snippet:-1","max-image-preview":"max-image-preview:large","max-video-preview":"max-video-preview:-1"},"canonical":"https:\/\/eshumancapital.com\/fr\/nos-services\/","og_locale":"fr_FR","og_type":"article","og_title":"Nos Services - Engineers Sourcing - Headhunter","og_url":"https:\/\/eshumancapital.com\/fr\/nos-services\/","og_site_name":"Engineers Sourcing - Headhunter","article_modified_time":"2022-08-31T15:56:37+00:00","og_image":[{"url":"https:\/\/eshumancapital.com\/wp-content\/uploads\/2020\/08\/es-human-capitan-home-3.png","type":"","width":"","height":""}],"twitter_card":"summary_large_image","twitter_misc":{"Dur\u00e9e de lecture estim\u00e9e":"1 minute"},"schema":{"@context":"https:\/\/schema.org","@graph":[{"@type":"WebPage","@id":"https:\/\/eshumancapital.com\/fr\/nos-services\/","url":"https:\/\/eshumancapital.com\/fr\/nos-services\/","name":"Nos Services - Engineers Sourcing - Headhunter","isPartOf":{"@id":"https:\/\/eshumancapital.com\/fr\/#website"},"primaryImageOfPage":{"@id":"https:\/\/eshumancapital.com\/fr\/nos-services\/#primaryimage"},"image":{"@id":"https:\/\/eshumancapital.com\/fr\/nos-services\/#primaryimage"},"thumbnailUrl":"https:\/\/eshumancapital.com\/wp-content\/uploads\/2020\/08\/es-human-capitan-home-3.png","datePublished":"2020-09-04T17:00:33+00:00","dateModified":"2022-08-31T15:56:37+00:00","breadcrumb":{"@id":"https:\/\/eshumancapital.com\/fr\/nos-services\/#breadcrumb"},"inLanguage":"fr-FR","potentialAction":[{"@type":"ReadAction","target":["https:\/\/eshumancapital.com\/fr\/nos-services\/"]}]},{"@type":"ImageObject","inLanguage":"fr-FR","@id":"https:\/\/eshumancapital.com\/fr\/nos-services\/#primaryimage","url":"https:\/\/eshumancapital.com\/wp-content\/uploads\/2020\/08\/es-human-capitan-home-3.png","contentUrl":"https:\/\/eshumancapital.com\/wp-content\/uploads\/2020\/08\/es-human-capitan-home-3.png"},{"@type":"BreadcrumbList","@id":"https:\/\/eshumancapital.com\/fr\/nos-services\/#breadcrumb","itemListElement":[{"@type":"ListItem","position":1,"name":"Portada","item":"https:\/\/eshumancapital.com\/fr\/"},{"@type":"ListItem","position":2,"name":"Nos Services"}]},{"@type":"WebSite","@id":"https:\/\/eshumancapital.com\/fr\/#website","url":"https:\/\/eshumancapital.com\/fr\/","name":"Engineers Sourcing - Headhunter","description":"Servicios de Headhunter, Outplacement y Recruiting. Buscamos talento como el tuyo","publisher":{"@id":"https:\/\/eshumancapital.com\/fr\/#organization"},"potentialAction":[{"@type":"SearchAction","target":{"@type":"EntryPoint","urlTemplate":"https:\/\/eshumancapital.com\/fr\/?s={search_term_string}"},"query-input":{"@type":"PropertyValueSpecification","valueRequired":true,"valueName":"search_term_string"}}],"inLanguage":"fr-FR"},{"@type":"Organization","@id":"https:\/\/eshumancapital.com\/fr\/#organization","name":"Engineers Sourcing - Headhunter","url":"https:\/\/eshumancapital.com\/fr\/","logo":{"@type":"ImageObject","inLanguage":"fr-FR","@id":"https:\/\/eshumancapital.com\/fr\/#\/schema\/logo\/image\/","url":"https:\/\/eshumancapital.com\/wp-content\/uploads\/2020\/08\/logotipo-web.png","contentUrl":"https:\/\/eshumancapital.com\/wp-content\/uploads\/2020\/08\/logotipo-web.png","width":235,"height":114,"caption":"Engineers Sourcing - Headhunter"},"image":{"@id":"https:\/\/eshumancapital.com\/fr\/#\/schema\/logo\/image\/"}}]}},"_links":{"self":[{"href":"https:\/\/eshumancapital.com\/fr\/wp-json\/wp\/v2\/pages\/1307","targetHints":{"allow":["GET"]}}],"collection":[{"href":"https:\/\/eshumancapital.com\/fr\/wp-json\/wp\/v2\/pages"}],"about":[{"href":"https:\/\/eshumancapital.com\/fr\/wp-json\/wp\/v2\/types\/page"}],"author":[{"embeddable":true,"href":"https:\/\/eshumancapital.com\/fr\/wp-json\/wp\/v2\/users\/2"}],"replies":[{"embeddable":true,"href":"https:\/\/eshumancapital.com\/fr\/wp-json\/wp\/v2\/comments?post=1307"}],"version-history":[{"count":6,"href":"https:\/\/eshumancapital.com\/fr\/wp-json\/wp\/v2\/pages\/1307\/revisions"}],"predecessor-version":[{"id":6196,"href":"https:\/\/eshumancapital.com\/fr\/wp-json\/wp\/v2\/pages\/1307\/revisions\/6196"}],"wp:attachment":[{"href":"https:\/\/eshumancapital.com\/fr\/wp-json\/wp\/v2\/media?parent=1307"}],"curies":[{"name":"wp","href":"https:\/\/api.w.org\/{rel}","templated":true}]}}