{"id":1290,"date":"2020-08-23T11:35:13","date_gmt":"2020-08-23T11:35:13","guid":{"rendered":"https:\/\/eshumancapital.com\/contactar\/"},"modified":"2021-03-29T06:12:37","modified_gmt":"2021-03-29T06:12:37","slug":"contacter","status":"publish","type":"page","link":"https:\/\/eshumancapital.com\/fr\/contacter\/","title":{"rendered":"Contacter"},"content":{"rendered":"\n<div class=\"wp-block-group alignfull\"><div class=\"wp-block-group__inner-container is-layout-flow wp-block-group-is-layout-flow\">\n<div class=\"wp-block-columns alignwide is-layout-flex wp-container-core-columns-is-layout-9d6595d7 wp-block-columns-is-layout-flex\">\n<div class=\"wp-block-column columna-color columna-margenes is-layout-flow wp-block-column-is-layout-flow\" style=\"flex-basis:33.33%\">\n<h2 class=\"wp-block-heading\"><strong>Sp\u00e9cialistes en mati\u00e8re de s\u00e9lection et de r\u00e9insertion professionnelle de travailleurs hautement qualifi\u00e9s.<\/strong><\/h2>\n\n\n\n<div style=\"height:40px\" aria-hidden=\"true\" class=\"wp-block-spacer\"><\/div>\n\n\n\n<h3 class=\"wp-block-heading\"><strong>Informations de contact<\/strong>:<\/h3>\n\n\n\n<div><i class=\"fas fa-mobile-alt\"><\/i><a class=\"rank-math-link\" href=\"tel:+34630773419\"> 630 773 419<\/a>\n<p><i class=\"far fa-envelope\"><\/i><a href=\"mailto:info@eshumancapital.com\" target=\"_blank\" rel=\"noreferrer noopener\"> info@eshumancapital.com<\/a><\/p>\n<\/div>\n<\/div>\n\n\n\n<div class=\"wp-block-column columnas-espacio is-layout-flow wp-block-column-is-layout-flow\" style=\"flex-basis:66.66%\">\n<div style=\"height:25px\" aria-hidden=\"true\" class=\"wp-block-spacer\"><\/div>\n\n\n\n<div class=\"wpcf7 no-js\" id=\"wpcf7-f1493-o1\" lang=\"fr-FR\" dir=\"ltr\" data-wpcf7-id=\"1493\">\n<div class=\"screen-reader-response\"><p role=\"status\" aria-live=\"polite\" aria-atomic=\"true\"><\/p> <ul><\/ul><\/div>\n<form action=\"\/fr\/wp-json\/wp\/v2\/pages\/1290#wpcf7-f1493-o1\" method=\"post\" class=\"wpcf7-form init\" aria-label=\"Formulaire de contact\" novalidate=\"novalidate\" data-status=\"init\">\n<fieldset class=\"hidden-fields-container\"><input type=\"hidden\" name=\"_wpcf7\" value=\"1493\" \/><input type=\"hidden\" name=\"_wpcf7_version\" value=\"6.1.5\" \/><input type=\"hidden\" name=\"_wpcf7_locale\" value=\"fr_FR\" \/><input type=\"hidden\" name=\"_wpcf7_unit_tag\" value=\"wpcf7-f1493-o1\" \/><input type=\"hidden\" name=\"_wpcf7_container_post\" value=\"0\" \/><input type=\"hidden\" name=\"_wpcf7_posted_data_hash\" value=\"\" \/><input type=\"hidden\" name=\"_wpcf7_recaptcha_response\" value=\"\" \/>\n<\/fieldset>\n<div class=\"grid-33 tablet-grid-33 mobile-grid-100 first-column\" style=\"font-size:15px;\">\n\t<p><span class=\"wpcf7-form-control-wrap\" data-name=\"your-name\"><input size=\"40\" maxlength=\"400\" class=\"wpcf7-form-control wpcf7-text wpcf7-validates-as-required\" aria-required=\"true\" aria-invalid=\"false\" placeholder=\"Pr\u00e9nom et nom*\" value=\"\" type=\"text\" name=\"your-name\" \/><\/span>\n\t<\/p>\n<\/div>\n<div class=\"grid-33 tablet-grid-33 mobile-grid-100 second-column\" style=\"font-size:15px;\">\n\t<p><span class=\"wpcf7-form-control-wrap\" data-name=\"phone-number\"><input size=\"40\" maxlength=\"400\" class=\"wpcf7-form-control wpcf7-tel wpcf7-validates-as-required wpcf7-text wpcf7-validates-as-tel\" aria-required=\"true\" aria-invalid=\"false\" placeholder=\"Tel\u00e9phone*\" value=\"\" type=\"tel\" name=\"phone-number\" \/><\/span>\n\t<\/p>\n<\/div>\n<div class=\"grid-33 tablet-grid-33 mobile-grid-100 third-column\" style=\"font-size:15px;\">\n\t<p><span class=\"wpcf7-form-control-wrap\" data-name=\"your-email\"><input size=\"40\" maxlength=\"400\" class=\"wpcf7-form-control wpcf7-email wpcf7-validates-as-required wpcf7-text wpcf7-validates-as-email\" aria-required=\"true\" aria-invalid=\"false\" placeholder=\"Email*\" value=\"\" type=\"email\" name=\"your-email\" \/><\/span>\n\t<\/p>\n<\/div>\n<div class=\"grid-100 tablet-grid-100 mobile-grid-100 one-column\" style=\"font-size:15px; padding-top:20px;\">\n\t<p><span class=\"wpcf7-form-control-wrap\" data-name=\"your-message\"><textarea cols=\"40\" rows=\"10\" maxlength=\"2000\" class=\"wpcf7-form-control wpcf7-textarea\" aria-invalid=\"false\" placeholder=\"Commentaires\" name=\"your-message\"><\/textarea><\/span>\n\t<\/p>\n<\/div>\n<p style=\"font-size:12px\"><span class=\"wpcf7-form-control-wrap\" data-name=\"ckeck-legal\"><span class=\"wpcf7-form-control wpcf7-acceptance\"><span class=\"wpcf7-list-item\"><input type=\"checkbox\" name=\"ckeck-legal\" value=\"1\" aria-invalid=\"false\" \/><\/span><\/span><\/span>J'ai lu et j'accepte <a href=\"https:\/\/eshumancapital.com\/en\/privacy-policy\/\" TARGET='_blank'>la politique de donn\u00e9es<\/a><br \/>\n<span class=\"wpcf7-form-control-wrap\" data-name=\"mails-info\"><span class=\"wpcf7-form-control wpcf7-checkbox\"><span class=\"wpcf7-list-item first last\"><input type=\"checkbox\" name=\"mails-info[]\" value=\"Je souhaite recevoir du courrier commercial\" \/><span class=\"wpcf7-list-item-label\">Je souhaite recevoir du courrier commercial<\/span><\/span><\/span><\/span>\n<\/p>\n<div class=\"boton-fomrulario\">\n\t<p><input class=\"wpcf7-form-control wpcf7-submit has-spinner\" type=\"submit\" value=\"ENVOYER\" \/>\n\t<\/p>\n<\/div>\n<p style=\"font-size:12px\"><b>Responsible:<\/b> ES ENGINEERS SOURCING SL, 28039 MADRID<br \/>\n<b>Purpose:<\/b> Selection Consulting Services<br \/>\n<b>Legitimacy:<\/b> contractual or commercial relationship<br \/>\n<b>Conservation:<\/b> 2 years after the last contact of interest<br \/>\n<b>Recipients:<\/b> We do not transfer your data except legal obligation<br \/>\n<b>International transfers:<\/b> No planned<br \/>\n<b>Origin:<\/b> The interested party<br \/>\n<b>Rights:<\/b> You have the right to access your data, rectify it, delete it, limit or oppose its treatment, its portability, not to be subject to automated decisions, to withdraw your consent and to file claims with the Control Authority (Spanish Protection Agency of data)\n<\/p><div class=\"wpcf7-response-output\" aria-hidden=\"true\"><\/div>\n<\/form>\n<\/div>\n\n<\/div>\n<\/div>\n<\/div><\/div>\n\n\n\n<div class=\"wp-block-group alignwide estilo-fondo\"><div class=\"wp-block-group__inner-container is-layout-flow wp-block-group-is-layout-flow\">\n<div class=\"wp-block-cover alignwide\" style=\"min-height:350px;aspect-ratio:unset;\"><img fetchpriority=\"high\" decoding=\"async\" width=\"1522\" height=\"497\" class=\"wp-block-cover__image-background wp-image-1833\" alt=\"\" src=\"https:\/\/eshumancapital.com\/wp-content\/uploads\/2020\/08\/EsHumanCapitan-CTA-home-1.jpg\" data-object-fit=\"cover\" srcset=\"https:\/\/eshumancapital.com\/wp-content\/uploads\/2020\/08\/EsHumanCapitan-CTA-home-1.jpg 1522w, https:\/\/eshumancapital.com\/wp-content\/uploads\/2020\/08\/EsHumanCapitan-CTA-home-1-300x98.jpg 300w, https:\/\/eshumancapital.com\/wp-content\/uploads\/2020\/08\/EsHumanCapitan-CTA-home-1-1024x334.jpg 1024w, https:\/\/eshumancapital.com\/wp-content\/uploads\/2020\/08\/EsHumanCapitan-CTA-home-1-768x251.jpg 768w\" sizes=\"(max-width: 1522px) 100vw, 1522px\" \/><div class=\"wp-block-cover__inner-container is-layout-flow wp-block-cover-is-layout-flow\">\n<h3 class=\"wp-block-heading\" id=\"block-b0337925-b623-42af-ab8b-d5fb2b861382\">\u00c0 LA RECHERCHE D\u2019UN EMPLOI ?<\/h3>\n\n\n\n<h2 class=\"wp-block-heading\" id=\"block-a5901151-82fc-4026-a276-7ae518ec6092\"><strong><strong>Nous recherchons un talent comme le v\u00f4tre.<\/strong><\/strong><\/h2>\n\n\n\n<h2 class=\"has-black-color has-text-color wp-block-heading\" id=\"block-e6824924-e5ff-45dc-baf4-eefe26bf9529\"><strong><a class=\"rank-math-link\" href=\"https:\/\/eshumancapital.com\/fr\/envoyer-cv\/\"><strong><a class=\"rank-math-link\" href=\"https:\/\/eshumancapital.com\/fr\/envoyer-cv\/\">Envoyez-nous votre CV<\/a><\/strong><\/a><\/strong><\/h2>\n\n\n\n<p><\/p>\n<\/div><\/div>\n\n\n\n<p><\/p>\n<\/div><\/div>\n\n\n\n<div style=\"height:60px\" aria-hidden=\"true\" class=\"wp-block-spacer columna-version-movil\"><\/div>\n","protected":false},"excerpt":{"rendered":"","protected":false},"author":2,"featured_media":0,"parent":0,"menu_order":0,"comment_status":"closed","ping_status":"closed","template":"","meta":{"footnotes":""},"class_list":{"0":"post-1290","1":"page","2":"type-page","3":"status-publish","5":"infinite-scroll-item"},"yoast_head":"<!-- This site is optimized with the Yoast SEO plugin v27.1.1 - https:\/\/yoast.com\/product\/yoast-seo-wordpress\/ -->\n<title>Contacter - Engineers Sourcing - Headhunter<\/title>\n<meta name=\"robots\" content=\"index, follow, max-snippet:-1, max-image-preview:large, max-video-preview:-1\" \/>\n<link rel=\"canonical\" href=\"https:\/\/eshumancapital.com\/fr\/contacter\/\" \/>\n<meta property=\"og:locale\" content=\"fr_FR\" \/>\n<meta property=\"og:type\" content=\"article\" \/>\n<meta property=\"og:title\" content=\"Contacter - Engineers Sourcing - Headhunter\" \/>\n<meta property=\"og:url\" content=\"https:\/\/eshumancapital.com\/fr\/contacter\/\" \/>\n<meta property=\"og:site_name\" content=\"Engineers Sourcing - Headhunter\" \/>\n<meta property=\"article:modified_time\" content=\"2021-03-29T06:12:37+00:00\" \/>\n<meta property=\"og:image\" content=\"https:\/\/eshumancapital.com\/wp-content\/uploads\/2020\/08\/EsHumanCapitan-CTA-home-1.jpg\" \/>\n<meta name=\"twitter:card\" content=\"summary_large_image\" \/>\n<script type=\"application\/ld+json\" class=\"yoast-schema-graph\">{\"@context\":\"https:\/\/schema.org\",\"@graph\":[{\"@type\":\"WebPage\",\"@id\":\"https:\/\/eshumancapital.com\/fr\/contacter\/\",\"url\":\"https:\/\/eshumancapital.com\/fr\/contacter\/\",\"name\":\"Contacter - Engineers Sourcing - Headhunter\",\"isPartOf\":{\"@id\":\"https:\/\/eshumancapital.com\/fr\/#website\"},\"primaryImageOfPage\":{\"@id\":\"https:\/\/eshumancapital.com\/fr\/contacter\/#primaryimage\"},\"image\":{\"@id\":\"https:\/\/eshumancapital.com\/fr\/contacter\/#primaryimage\"},\"thumbnailUrl\":\"https:\/\/eshumancapital.com\/wp-content\/uploads\/2020\/08\/EsHumanCapitan-CTA-home-1.jpg\",\"datePublished\":\"2020-08-23T11:35:13+00:00\",\"dateModified\":\"2021-03-29T06:12:37+00:00\",\"breadcrumb\":{\"@id\":\"https:\/\/eshumancapital.com\/fr\/contacter\/#breadcrumb\"},\"inLanguage\":\"fr-FR\",\"potentialAction\":[{\"@type\":\"ReadAction\",\"target\":[\"https:\/\/eshumancapital.com\/fr\/contacter\/\"]}]},{\"@type\":\"ImageObject\",\"inLanguage\":\"fr-FR\",\"@id\":\"https:\/\/eshumancapital.com\/fr\/contacter\/#primaryimage\",\"url\":\"https:\/\/eshumancapital.com\/wp-content\/uploads\/2020\/08\/EsHumanCapitan-CTA-home-1.jpg\",\"contentUrl\":\"https:\/\/eshumancapital.com\/wp-content\/uploads\/2020\/08\/EsHumanCapitan-CTA-home-1.jpg\"},{\"@type\":\"BreadcrumbList\",\"@id\":\"https:\/\/eshumancapital.com\/fr\/contacter\/#breadcrumb\",\"itemListElement\":[{\"@type\":\"ListItem\",\"position\":1,\"name\":\"Portada\",\"item\":\"https:\/\/eshumancapital.com\/fr\/\"},{\"@type\":\"ListItem\",\"position\":2,\"name\":\"Contacter\"}]},{\"@type\":\"WebSite\",\"@id\":\"https:\/\/eshumancapital.com\/fr\/#website\",\"url\":\"https:\/\/eshumancapital.com\/fr\/\",\"name\":\"Engineers Sourcing - Headhunter\",\"description\":\"Servicios de Headhunter, Outplacement y Recruiting. Buscamos talento como el tuyo\",\"publisher\":{\"@id\":\"https:\/\/eshumancapital.com\/fr\/#organization\"},\"potentialAction\":[{\"@type\":\"SearchAction\",\"target\":{\"@type\":\"EntryPoint\",\"urlTemplate\":\"https:\/\/eshumancapital.com\/fr\/?s={search_term_string}\"},\"query-input\":{\"@type\":\"PropertyValueSpecification\",\"valueRequired\":true,\"valueName\":\"search_term_string\"}}],\"inLanguage\":\"fr-FR\"},{\"@type\":\"Organization\",\"@id\":\"https:\/\/eshumancapital.com\/fr\/#organization\",\"name\":\"Engineers Sourcing - Headhunter\",\"url\":\"https:\/\/eshumancapital.com\/fr\/\",\"logo\":{\"@type\":\"ImageObject\",\"inLanguage\":\"fr-FR\",\"@id\":\"https:\/\/eshumancapital.com\/fr\/#\/schema\/logo\/image\/\",\"url\":\"https:\/\/eshumancapital.com\/wp-content\/uploads\/2020\/08\/logotipo-web.png\",\"contentUrl\":\"https:\/\/eshumancapital.com\/wp-content\/uploads\/2020\/08\/logotipo-web.png\",\"width\":235,\"height\":114,\"caption\":\"Engineers Sourcing - Headhunter\"},\"image\":{\"@id\":\"https:\/\/eshumancapital.com\/fr\/#\/schema\/logo\/image\/\"}}]}<\/script>\n<!-- \/ Yoast SEO plugin. -->","yoast_head_json":{"title":"Contacter - Engineers Sourcing - Headhunter","robots":{"index":"index","follow":"follow","max-snippet":"max-snippet:-1","max-image-preview":"max-image-preview:large","max-video-preview":"max-video-preview:-1"},"canonical":"https:\/\/eshumancapital.com\/fr\/contacter\/","og_locale":"fr_FR","og_type":"article","og_title":"Contacter - Engineers Sourcing - Headhunter","og_url":"https:\/\/eshumancapital.com\/fr\/contacter\/","og_site_name":"Engineers Sourcing - Headhunter","article_modified_time":"2021-03-29T06:12:37+00:00","og_image":[{"url":"https:\/\/eshumancapital.com\/wp-content\/uploads\/2020\/08\/EsHumanCapitan-CTA-home-1.jpg","type":"","width":"","height":""}],"twitter_card":"summary_large_image","schema":{"@context":"https:\/\/schema.org","@graph":[{"@type":"WebPage","@id":"https:\/\/eshumancapital.com\/fr\/contacter\/","url":"https:\/\/eshumancapital.com\/fr\/contacter\/","name":"Contacter - Engineers Sourcing - Headhunter","isPartOf":{"@id":"https:\/\/eshumancapital.com\/fr\/#website"},"primaryImageOfPage":{"@id":"https:\/\/eshumancapital.com\/fr\/contacter\/#primaryimage"},"image":{"@id":"https:\/\/eshumancapital.com\/fr\/contacter\/#primaryimage"},"thumbnailUrl":"https:\/\/eshumancapital.com\/wp-content\/uploads\/2020\/08\/EsHumanCapitan-CTA-home-1.jpg","datePublished":"2020-08-23T11:35:13+00:00","dateModified":"2021-03-29T06:12:37+00:00","breadcrumb":{"@id":"https:\/\/eshumancapital.com\/fr\/contacter\/#breadcrumb"},"inLanguage":"fr-FR","potentialAction":[{"@type":"ReadAction","target":["https:\/\/eshumancapital.com\/fr\/contacter\/"]}]},{"@type":"ImageObject","inLanguage":"fr-FR","@id":"https:\/\/eshumancapital.com\/fr\/contacter\/#primaryimage","url":"https:\/\/eshumancapital.com\/wp-content\/uploads\/2020\/08\/EsHumanCapitan-CTA-home-1.jpg","contentUrl":"https:\/\/eshumancapital.com\/wp-content\/uploads\/2020\/08\/EsHumanCapitan-CTA-home-1.jpg"},{"@type":"BreadcrumbList","@id":"https:\/\/eshumancapital.com\/fr\/contacter\/#breadcrumb","itemListElement":[{"@type":"ListItem","position":1,"name":"Portada","item":"https:\/\/eshumancapital.com\/fr\/"},{"@type":"ListItem","position":2,"name":"Contacter"}]},{"@type":"WebSite","@id":"https:\/\/eshumancapital.com\/fr\/#website","url":"https:\/\/eshumancapital.com\/fr\/","name":"Engineers Sourcing - Headhunter","description":"Servicios de Headhunter, Outplacement y Recruiting. Buscamos talento como el tuyo","publisher":{"@id":"https:\/\/eshumancapital.com\/fr\/#organization"},"potentialAction":[{"@type":"SearchAction","target":{"@type":"EntryPoint","urlTemplate":"https:\/\/eshumancapital.com\/fr\/?s={search_term_string}"},"query-input":{"@type":"PropertyValueSpecification","valueRequired":true,"valueName":"search_term_string"}}],"inLanguage":"fr-FR"},{"@type":"Organization","@id":"https:\/\/eshumancapital.com\/fr\/#organization","name":"Engineers Sourcing - Headhunter","url":"https:\/\/eshumancapital.com\/fr\/","logo":{"@type":"ImageObject","inLanguage":"fr-FR","@id":"https:\/\/eshumancapital.com\/fr\/#\/schema\/logo\/image\/","url":"https:\/\/eshumancapital.com\/wp-content\/uploads\/2020\/08\/logotipo-web.png","contentUrl":"https:\/\/eshumancapital.com\/wp-content\/uploads\/2020\/08\/logotipo-web.png","width":235,"height":114,"caption":"Engineers Sourcing - Headhunter"},"image":{"@id":"https:\/\/eshumancapital.com\/fr\/#\/schema\/logo\/image\/"}}]}},"_links":{"self":[{"href":"https:\/\/eshumancapital.com\/fr\/wp-json\/wp\/v2\/pages\/1290","targetHints":{"allow":["GET"]}}],"collection":[{"href":"https:\/\/eshumancapital.com\/fr\/wp-json\/wp\/v2\/pages"}],"about":[{"href":"https:\/\/eshumancapital.com\/fr\/wp-json\/wp\/v2\/types\/page"}],"author":[{"embeddable":true,"href":"https:\/\/eshumancapital.com\/fr\/wp-json\/wp\/v2\/users\/2"}],"replies":[{"embeddable":true,"href":"https:\/\/eshumancapital.com\/fr\/wp-json\/wp\/v2\/comments?post=1290"}],"version-history":[{"count":7,"href":"https:\/\/eshumancapital.com\/fr\/wp-json\/wp\/v2\/pages\/1290\/revisions"}],"predecessor-version":[{"id":2210,"href":"https:\/\/eshumancapital.com\/fr\/wp-json\/wp\/v2\/pages\/1290\/revisions\/2210"}],"wp:attachment":[{"href":"https:\/\/eshumancapital.com\/fr\/wp-json\/wp\/v2\/media?parent=1290"}],"curies":[{"name":"wp","href":"https:\/\/api.w.org\/{rel}","templated":true}]}}