{"id":1287,"date":"2020-08-23T09:55:35","date_gmt":"2020-08-23T09:55:35","guid":{"rendered":"https:\/\/eshumancapital.com\/inicio\/"},"modified":"2022-05-12T19:25:51","modified_gmt":"2022-05-12T19:25:51","slug":"home","status":"publish","type":"page","link":"https:\/\/eshumancapital.com\/fr\/","title":{"rendered":"Home"},"content":{"rendered":"\n<div class=\"wp-block-columns is-layout-flex wp-container-core-columns-is-layout-9d6595d7 wp-block-columns-is-layout-flex\">\n<div class=\"wp-block-column is-layout-flow wp-block-column-is-layout-flow\" style=\"flex-basis:100%\">\n<\/div>\n<\/div>\n\n\n\n<div class=\"wp-block-group alignwide\"><div class=\"wp-block-group__inner-container is-layout-flow wp-block-group-is-layout-flow\">\n<div class=\"wp-block-columns alignwide is-layout-flex wp-container-core-columns-is-layout-9d6595d7 wp-block-columns-is-layout-flex\">\n<div class=\"wp-block-column columnas-espacio is-layout-flow wp-block-column-is-layout-flow\">\n<h2 class=\"h2-home has-text-color wp-block-heading\" style=\"color:#edddb5\">MISSION<\/h2>\n\n\n\n<hr class=\"wp-block-separator has-text-color has-background is-style-wide hr-home\" style=\"background-color:#c0a151;color:#c0a151\"\/>\n\n\n\n<h2 class=\"has-text-color wp-block-heading\" style=\"color:#1d2d37\"><strong>Attirer les talents<\/strong><\/h2>\n\n\n\n<p>Nous nous consacrons \u00e0 rechercher, attirer et valoriser le talent de directifs, de cadres interm\u00e9diaires ou ou de profils techniques qualifi\u00e9s.<br>Nous adaptons vos besoins \u00e0 l&rsquo;actualit\u00e9, au jour le jour, de mani\u00e8re agile et polyvalente.<\/p>\n<\/div>\n\n\n\n<div class=\"wp-block-column columnas-espacio is-layout-flow wp-block-column-is-layout-flow\">\n<h2 class=\"h2-home has-text-color wp-block-heading\" style=\"color:#edddb5\">VISION<\/h2>\n\n\n\n<hr class=\"wp-block-separator has-text-color has-background is-style-wide hr-home\" style=\"background-color:#c0a151;color:#c0a151\"\/>\n\n\n\n<h2 class=\"has-text-color wp-block-heading\" style=\"color:#1d2d37\"><strong>S\u00e9lection de professionnels<\/strong><\/h2>\n\n\n\n<p>Notre principal objectif est de continuer \u00e0 offrir une m\u00e9thodologie authentique et polyvalente dans la s\u00e9lection de sp\u00e9cialistes et de professionnels techniques qualifi\u00e9s dans le secteur de l&rsquo;ing\u00e9nierie.<\/p>\n<\/div>\n\n\n\n<div class=\"wp-block-column columnas-espacio is-layout-flow wp-block-column-is-layout-flow\">\n<h2 class=\"h2-home has-text-color wp-block-heading\" style=\"color:#edddb5\">&nbsp;VALEURS<\/h2>\n\n\n\n<hr class=\"wp-block-separator has-text-color has-background is-style-wide hr-home\" style=\"background-color:#c0a151;color:#c0a151\"\/>\n\n\n\n<h2 class=\"has-text-color wp-block-heading\" style=\"color:#1d2d37\"><strong>Toujours \u00e0 la pointe de l\u2019actualit\u00e9<\/strong><\/h2>\n\n\n\n<p>Une \u00e9quipe de consultants ayant une formation qualifi\u00e9e, une exp\u00e9rience vari\u00e9e et soutenue par nos propres clients.<br>Toujours en mouvement, nous nous adaptons et nous nous actualisons dans un march\u00e9 en perp\u00e9tuel \u00e9volution.<\/p>\n<\/div>\n<\/div>\n<\/div><\/div>\n\n\n\n<div class=\"wp-block-group alignwide estilo-fondo\"><div class=\"wp-block-group__inner-container is-layout-flow wp-block-group-is-layout-flow\">\n<div class=\"wp-block-cover alignwide is-light\" style=\"min-height:350px;aspect-ratio:unset;\"><span aria-hidden=\"true\" class=\"has-background-dim-0 wp-block-cover__gradient-background has-background-dim\"><\/span><img fetchpriority=\"high\" decoding=\"async\" width=\"1522\" height=\"497\" class=\"wp-block-cover__image-background wp-image-1833\" src=\"https:\/\/eshumancapital.com\/wp-content\/uploads\/2020\/08\/EsHumanCapitan-CTA-home-1.jpg\" data-object-fit=\"cover\" srcset=\"https:\/\/eshumancapital.com\/wp-content\/uploads\/2020\/08\/EsHumanCapitan-CTA-home-1.jpg 1522w, https:\/\/eshumancapital.com\/wp-content\/uploads\/2020\/08\/EsHumanCapitan-CTA-home-1-300x98.jpg 300w, https:\/\/eshumancapital.com\/wp-content\/uploads\/2020\/08\/EsHumanCapitan-CTA-home-1-1024x334.jpg 1024w, https:\/\/eshumancapital.com\/wp-content\/uploads\/2020\/08\/EsHumanCapitan-CTA-home-1-768x251.jpg 768w\" sizes=\"(max-width: 1522px) 100vw, 1522px\" \/><div class=\"wp-block-cover__inner-container is-layout-flow wp-block-cover-is-layout-flow\">\n<h3 class=\"wp-block-heading\" id=\"block-b0337925-b623-42af-ab8b-d5fb2b861382\">\u00c0 LA RECHERCHE D&rsquo;UN EMPLOI ?<\/h3>\n\n\n\n<h2 class=\"wp-block-heading\" id=\"block-a5901151-82fc-4026-a276-7ae518ec6092\"><strong>Nous recherchons un talent comme le v\u00f4tre.<\/strong><\/h2>\n\n\n\n<h2 class=\"has-black-color has-text-color wp-block-heading\" id=\"block-e6824924-e5ff-45dc-baf4-eefe26bf9529\"><strong><a href=\"https:\/\/eshumancapital.com\/fr\/envoyer-cv\/\" class=\"rank-math-link\">Envoyez-nous votre CV<\/a><\/strong><\/h2>\n\n\n\n<p><\/p>\n<\/div><\/div>\n<\/div><\/div>\n\n\n\n<div style=\"height:60px\" aria-hidden=\"true\" class=\"wp-block-spacer\"><\/div>\n\n\n\n<div class=\"wp-block-group\"><div class=\"wp-block-group__inner-container is-layout-flow wp-block-group-is-layout-flow\">\n<div class=\"wp-block-columns is-layout-flex wp-container-core-columns-is-layout-9d6595d7 wp-block-columns-is-layout-flex\">\n<div class=\"wp-block-column hover-img-home is-layout-flow wp-block-column-is-layout-flow\">\n<h2 class=\"has-text-align-center has-text-color wp-block-heading\" style=\"color:#1c2d36\"><strong><a href=\"https:\/\/eshumancapital.com\/fr\/nos-services\/chasseur-de-tetes\/\" class=\"rank-math-link\">Headhunter<\/a><\/strong><\/h2>\n\n\n\n<p class=\"has-text-align-center\">&nbsp;Nous captons le talent pour le mettre \u00e0 votre service.<\/p>\n\n\n\n<div class=\"wp-block-image hover-img-home\"><figure class=\"aligncenter size-large\"><a href=\"https:\/\/eshumancapital.com\/fr\/nos-services\/chasseur-de-tetes\/\"><img decoding=\"async\" width=\"314\" height=\"314\" src=\"https:\/\/eshumancapital.com\/wp-content\/uploads\/2020\/08\/es-human-capitan-home.png\" alt=\"\" class=\"wp-image-1836\" srcset=\"https:\/\/eshumancapital.com\/wp-content\/uploads\/2020\/08\/es-human-capitan-home.png 314w, https:\/\/eshumancapital.com\/wp-content\/uploads\/2020\/08\/es-human-capitan-home-300x300.png 300w, https:\/\/eshumancapital.com\/wp-content\/uploads\/2020\/08\/es-human-capitan-home-150x150.png 150w\" sizes=\"(max-width: 314px) 100vw, 314px\" \/><\/a><\/figure><\/div>\n<\/div>\n\n\n\n<div class=\"wp-block-column hover-img-home is-layout-flow wp-block-column-is-layout-flow\">\n<h2 class=\"has-text-align-center has-text-color wp-block-heading\" style=\"color:#1c2d36\"><strong><a href=\"https:\/\/eshumancapital.com\/fr\/nos-services\/outplacement\/\" class=\"rank-math-link\">Outplacement<\/a><\/strong><\/h2>\n\n\n\n<p class=\"has-text-align-center\">Nous offrons un service de placement de vos meilleurs professionnels.<\/p>\n\n\n\n<div class=\"wp-block-image hover-img-home\"><figure class=\"aligncenter size-large\"><a href=\"https:\/\/eshumancapital.com\/fr\/nos-services\/outplacement\/\"><img decoding=\"async\" width=\"314\" height=\"314\" src=\"https:\/\/eshumancapital.com\/wp-content\/uploads\/2020\/08\/es-human-capitan-home-1.png\" alt=\"\" class=\"wp-image-1848\" srcset=\"https:\/\/eshumancapital.com\/wp-content\/uploads\/2020\/08\/es-human-capitan-home-1.png 314w, https:\/\/eshumancapital.com\/wp-content\/uploads\/2020\/08\/es-human-capitan-home-1-300x300.png 300w, https:\/\/eshumancapital.com\/wp-content\/uploads\/2020\/08\/es-human-capitan-home-1-150x150.png 150w\" sizes=\"(max-width: 314px) 100vw, 314px\" \/><\/a><\/figure><\/div>\n<\/div>\n\n\n\n<div class=\"wp-block-column hover-img-home is-layout-flow wp-block-column-is-layout-flow\">\n<h2 class=\"has-text-align-center has-text-color wp-block-heading\" style=\"color:#1c2d36\"><strong><a class=\"rank-math-link\" href=\"https:\/\/eshumancapital.com\/servicios\/recruiting\/\">Recrui<\/a><a href=\"https:\/\/eshumancapital.com\/fr\/nos-services\/recruiting-for-offers-submissions\/\" class=\"rank-math-link\">t<\/a><a class=\"rank-math-link\" href=\"https:\/\/eshumancapital.com\/servicios\/recruiting\/\">ing&nbsp;<\/a><\/strong><\/h2>\n\n\n\n<p class=\"has-text-align-center\">Nous assistons nos clients en recrutant des sp\u00e9cialistes pour la pr\u00e9sentation de leurs offres.<\/p>\n\n\n\n<div class=\"wp-block-image hover-img-home\"><figure class=\"aligncenter size-large\"><a href=\"https:\/\/eshumancapital.com\/fr\/nos-services\/recruiting-for-offers-submissions\/\"><img loading=\"lazy\" decoding=\"async\" width=\"314\" height=\"314\" src=\"https:\/\/eshumancapital.com\/wp-content\/uploads\/2020\/08\/es-human-capitan-home-2.png\" alt=\"\" class=\"wp-image-1851\" srcset=\"https:\/\/eshumancapital.com\/wp-content\/uploads\/2020\/08\/es-human-capitan-home-2.png 314w, https:\/\/eshumancapital.com\/wp-content\/uploads\/2020\/08\/es-human-capitan-home-2-300x300.png 300w, https:\/\/eshumancapital.com\/wp-content\/uploads\/2020\/08\/es-human-capitan-home-2-150x150.png 150w\" sizes=\"(max-width: 314px) 100vw, 314px\" \/><\/a><\/figure><\/div>\n\n\n\n<p><\/p>\n<\/div>\n<\/div>\n<\/div><\/div>\n\n\n\n<div style=\"height:20px\" aria-hidden=\"true\" class=\"wp-block-spacer\"><\/div>\n\n\n\n<div class=\"wp-block-group\"><div class=\"wp-block-group__inner-container is-layout-flow wp-block-group-is-layout-flow\">\n<h2 class=\"wp-block-heading\"> Offres d&#8217;emploi    |<span style=\"color: #0a2934; font-size:20px;\"><a class=\"rank-math-link\" href=\"https:\/\/eshumancapital.com\/fr\/category\/offres-demploi\/\">  VOIR TOUTES<\/a><\/span><\/h2>\n\n\n\n<hr class=\"wp-block-separator has-text-color has-background is-style-wide\" style=\"background-color:#d2a549;color:#d2a549\"\/>\n\n\n<ul class=\"wp-block-latest-posts__list is-grid columns-4 has-dates aligncenter wp-block-latest-posts\"><li><div class=\"wp-block-latest-posts__featured-image aligncenter\"><img loading=\"lazy\" decoding=\"async\" width=\"300\" height=\"300\" src=\"https:\/\/eshumancapital.com\/wp-content\/uploads\/2025\/12\/PROJECT-MANAGER-Obra-Lineal-MADRID.png\" class=\"attachment-medium size-medium wp-post-image\" alt=\"\" style=\"\" srcset=\"https:\/\/eshumancapital.com\/wp-content\/uploads\/2025\/12\/PROJECT-MANAGER-Obra-Lineal-MADRID.png 300w, https:\/\/eshumancapital.com\/wp-content\/uploads\/2025\/12\/PROJECT-MANAGER-Obra-Lineal-MADRID-150x150.png 150w\" sizes=\"(max-width: 300px) 100vw, 300px\" \/><\/div><a class=\"wp-block-latest-posts__post-title\" href=\"https:\/\/eshumancapital.com\/fr\/blog-fr\/senior-project-manager-rail-infrastructure-madrid\/\">Senior Project Manager \u2013 Rail &amp; Infrastructure (Madrid)<\/a><time datetime=\"2025-12-15T16:19:34+00:00\" class=\"wp-block-latest-posts__post-date\">15 d\u00e9cembre 2025<\/time><\/li>\n<li><div class=\"wp-block-latest-posts__featured-image aligncenter\"><img loading=\"lazy\" decoding=\"async\" width=\"300\" height=\"300\" src=\"https:\/\/eshumancapital.com\/wp-content\/uploads\/2025\/11\/LIDERELECTRICOMADRID.png\" class=\"attachment-medium size-medium wp-post-image\" alt=\"\" style=\"\" srcset=\"https:\/\/eshumancapital.com\/wp-content\/uploads\/2025\/11\/LIDERELECTRICOMADRID.png 300w, https:\/\/eshumancapital.com\/wp-content\/uploads\/2025\/11\/LIDERELECTRICOMADRID-150x150.png 150w\" sizes=\"(max-width: 300px) 100vw, 300px\" \/><\/div><a class=\"wp-block-latest-posts__post-title\" href=\"https:\/\/eshumancapital.com\/fr\/offres-demploi\/responsable-electrico-og-madrid\/\">RESPONSABLE EL\u00c9CTRICO O&amp;G-MADRID<\/a><time datetime=\"2025-11-07T09:38:23+00:00\" class=\"wp-block-latest-posts__post-date\">7 novembre 2025<\/time><\/li>\n<li><div class=\"wp-block-latest-posts__featured-image aligncenter\"><img loading=\"lazy\" decoding=\"async\" width=\"300\" height=\"300\" src=\"https:\/\/eshumancapital.com\/wp-content\/uploads\/2025\/09\/TECNICO-DE-FAIS-AEROESPACIAL-SEVILLA.png\" class=\"attachment-medium size-medium wp-post-image\" alt=\"\" style=\"\" srcset=\"https:\/\/eshumancapital.com\/wp-content\/uploads\/2025\/09\/TECNICO-DE-FAIS-AEROESPACIAL-SEVILLA.png 300w, https:\/\/eshumancapital.com\/wp-content\/uploads\/2025\/09\/TECNICO-DE-FAIS-AEROESPACIAL-SEVILLA-150x150.png 150w\" sizes=\"(max-width: 300px) 100vw, 300px\" \/><\/div><a class=\"wp-block-latest-posts__post-title\" href=\"https:\/\/eshumancapital.com\/fr\/offres-demploi\/process-engineer_-fais-aerospace-sector\/\">PROCESS ENGINEER_ FAIs-Aerospace Sector<\/a><time datetime=\"2025-09-25T15:27:00+00:00\" class=\"wp-block-latest-posts__post-date\">25 septembre 2025<\/time><\/li>\n<li><div class=\"wp-block-latest-posts__featured-image aligncenter\"><img loading=\"lazy\" decoding=\"async\" width=\"300\" height=\"300\" src=\"https:\/\/eshumancapital.com\/wp-content\/uploads\/2025\/09\/ING-QUIMICO-DE-PROCESOS-MADRID.png\" class=\"attachment-medium size-medium wp-post-image\" alt=\"\" style=\"\" srcset=\"https:\/\/eshumancapital.com\/wp-content\/uploads\/2025\/09\/ING-QUIMICO-DE-PROCESOS-MADRID.png 300w, https:\/\/eshumancapital.com\/wp-content\/uploads\/2025\/09\/ING-QUIMICO-DE-PROCESOS-MADRID-150x150.png 150w\" sizes=\"(max-width: 300px) 100vw, 300px\" \/><\/div><a class=\"wp-block-latest-posts__post-title\" href=\"https:\/\/eshumancapital.com\/fr\/offres-demploi\/process-engineer-water-plants-madrid\/\">PROCESS ENGINEER-WATER PLANTS-MADRID<\/a><time datetime=\"2025-09-25T14:45:28+00:00\" class=\"wp-block-latest-posts__post-date\">25 septembre 2025<\/time><\/li>\n<li><div class=\"wp-block-latest-posts__featured-image aligncenter\"><img loading=\"lazy\" decoding=\"async\" width=\"300\" height=\"300\" src=\"https:\/\/eshumancapital.com\/wp-content\/uploads\/2025\/08\/ELECTRICAL-DESIGN-LEAD-LONDON-UK.png\" class=\"attachment-medium size-medium wp-post-image\" alt=\"\" style=\"\" srcset=\"https:\/\/eshumancapital.com\/wp-content\/uploads\/2025\/08\/ELECTRICAL-DESIGN-LEAD-LONDON-UK.png 300w, https:\/\/eshumancapital.com\/wp-content\/uploads\/2025\/08\/ELECTRICAL-DESIGN-LEAD-LONDON-UK-150x150.png 150w\" sizes=\"(max-width: 300px) 100vw, 300px\" \/><\/div><a class=\"wp-block-latest-posts__post-title\" href=\"https:\/\/eshumancapital.com\/fr\/offres-demploi\/electrical-design-lead-london-uk\/\">ELECTRICAL DESIGN LEAD-LONDON UK<\/a><time datetime=\"2025-08-22T04:30:39+00:00\" class=\"wp-block-latest-posts__post-date\">22 ao\u00fbt 2025<\/time><\/li>\n<li><div class=\"wp-block-latest-posts__featured-image aligncenter\"><img loading=\"lazy\" decoding=\"async\" width=\"300\" height=\"300\" src=\"https:\/\/eshumancapital.com\/wp-content\/uploads\/2025\/08\/SENIOR-ENGINEERS-KUWAIT.png\" class=\"attachment-medium size-medium wp-post-image\" alt=\"\" style=\"\" srcset=\"https:\/\/eshumancapital.com\/wp-content\/uploads\/2025\/08\/SENIOR-ENGINEERS-KUWAIT.png 300w, https:\/\/eshumancapital.com\/wp-content\/uploads\/2025\/08\/SENIOR-ENGINEERS-KUWAIT-150x150.png 150w\" sizes=\"(max-width: 300px) 100vw, 300px\" \/><\/div><a class=\"wp-block-latest-posts__post-title\" href=\"https:\/\/eshumancapital.com\/fr\/offres-demploi\/procurement-technician-water-treatment-plants-madrid-2\/\">SR ENGINEERS FOR CC PLANT-Kuwait<\/a><time datetime=\"2025-08-12T13:43:59+00:00\" class=\"wp-block-latest-posts__post-date\">12 ao\u00fbt 2025<\/time><\/li>\n<li><div class=\"wp-block-latest-posts__featured-image aligncenter\"><img loading=\"lazy\" decoding=\"async\" width=\"300\" height=\"300\" src=\"https:\/\/eshumancapital.com\/wp-content\/uploads\/2025\/07\/PROCUREMENT_TECH_MADRID.png\" class=\"attachment-medium size-medium wp-post-image\" alt=\"\" style=\"\" srcset=\"https:\/\/eshumancapital.com\/wp-content\/uploads\/2025\/07\/PROCUREMENT_TECH_MADRID.png 300w, https:\/\/eshumancapital.com\/wp-content\/uploads\/2025\/07\/PROCUREMENT_TECH_MADRID-150x150.png 150w\" sizes=\"(max-width: 300px) 100vw, 300px\" \/><\/div><a class=\"wp-block-latest-posts__post-title\" href=\"https:\/\/eshumancapital.com\/fr\/offres-demploi\/procurement-technician-water-treatment-plants-madrid\/\">PROCUREMENT TECHNICIAN-Water Treatment Plants-Madrid<\/a><time datetime=\"2025-07-07T11:31:54+00:00\" class=\"wp-block-latest-posts__post-date\">7 juillet 2025<\/time><\/li>\n<li><div class=\"wp-block-latest-posts__featured-image aligncenter\"><img loading=\"lazy\" decoding=\"async\" width=\"300\" height=\"300\" src=\"https:\/\/eshumancapital.com\/wp-content\/uploads\/2025\/07\/247-ING-DE-PROCESOS-SEVILLA.png\" class=\"attachment-medium size-medium wp-post-image\" alt=\"\" style=\"\" srcset=\"https:\/\/eshumancapital.com\/wp-content\/uploads\/2025\/07\/247-ING-DE-PROCESOS-SEVILLA.png 300w, https:\/\/eshumancapital.com\/wp-content\/uploads\/2025\/07\/247-ING-DE-PROCESOS-SEVILLA-150x150.png 150w\" sizes=\"(max-width: 300px) 100vw, 300px\" \/><\/div><a class=\"wp-block-latest-posts__post-title\" href=\"https:\/\/eshumancapital.com\/fr\/offres-demploi\/ingeniero-de-procesos-y-carga-capacidad-sector-aeronautico-sevilla\/\">INGENIERO DE PROCESOS Y CARGA\/CAPACIDAD- Sector Aeron\u00e1utico-Sevilla<\/a><time datetime=\"2025-07-07T11:04:04+00:00\" class=\"wp-block-latest-posts__post-date\">7 juillet 2025<\/time><\/li>\n<\/ul><\/div><\/div>\n\n\n\n<div style=\"height:60px\" aria-hidden=\"true\" class=\"wp-block-spacer\"><\/div>\n","protected":false},"excerpt":{"rendered":"","protected":false},"author":2,"featured_media":0,"parent":0,"menu_order":0,"comment_status":"closed","ping_status":"closed","template":"","meta":{"footnotes":""},"class_list":{"0":"post-1287","1":"page","2":"type-page","3":"status-publish","5":"infinite-scroll-item"},"yoast_head":"<!-- This site is optimized with the Yoast SEO plugin v27.1.1 - https:\/\/yoast.com\/product\/yoast-seo-wordpress\/ -->\n<title>Home - Engineers Sourcing - Headhunter<\/title>\n<meta name=\"robots\" content=\"index, follow, max-snippet:-1, max-image-preview:large, max-video-preview:-1\" \/>\n<link rel=\"canonical\" href=\"https:\/\/eshumancapital.com\/fr\/\" \/>\n<meta property=\"og:locale\" content=\"fr_FR\" \/>\n<meta property=\"og:type\" content=\"article\" \/>\n<meta property=\"og:title\" content=\"Home - Engineers Sourcing - Headhunter\" \/>\n<meta property=\"og:url\" content=\"https:\/\/eshumancapital.com\/fr\/\" \/>\n<meta property=\"og:site_name\" content=\"Engineers Sourcing - Headhunter\" \/>\n<meta property=\"article:modified_time\" content=\"2022-05-12T19:25:51+00:00\" \/>\n<meta property=\"og:image\" content=\"https:\/\/eshumancapital.com\/wp-content\/uploads\/2020\/08\/EsHumanCapitan-CTA-home-1.jpg\" \/>\n<meta name=\"twitter:card\" content=\"summary_large_image\" \/>\n<meta name=\"twitter:label1\" content=\"Dur\u00e9e de lecture estim\u00e9e\" \/>\n\t<meta name=\"twitter:data1\" content=\"1 minute\" \/>\n<script type=\"application\/ld+json\" class=\"yoast-schema-graph\">{\"@context\":\"https:\/\/schema.org\",\"@graph\":[{\"@type\":\"WebPage\",\"@id\":\"https:\/\/eshumancapital.com\/fr\/\",\"url\":\"https:\/\/eshumancapital.com\/fr\/\",\"name\":\"Home - Engineers Sourcing - Headhunter\",\"isPartOf\":{\"@id\":\"https:\/\/eshumancapital.com\/fr\/#website\"},\"primaryImageOfPage\":{\"@id\":\"https:\/\/eshumancapital.com\/fr\/#primaryimage\"},\"image\":{\"@id\":\"https:\/\/eshumancapital.com\/fr\/#primaryimage\"},\"thumbnailUrl\":\"https:\/\/eshumancapital.com\/wp-content\/uploads\/2020\/08\/EsHumanCapitan-CTA-home-1.jpg\",\"datePublished\":\"2020-08-23T09:55:35+00:00\",\"dateModified\":\"2022-05-12T19:25:51+00:00\",\"breadcrumb\":{\"@id\":\"https:\/\/eshumancapital.com\/fr\/#breadcrumb\"},\"inLanguage\":\"fr-FR\",\"potentialAction\":[{\"@type\":\"ReadAction\",\"target\":[\"https:\/\/eshumancapital.com\/fr\/\"]}]},{\"@type\":\"ImageObject\",\"inLanguage\":\"fr-FR\",\"@id\":\"https:\/\/eshumancapital.com\/fr\/#primaryimage\",\"url\":\"https:\/\/eshumancapital.com\/wp-content\/uploads\/2020\/08\/EsHumanCapitan-CTA-home-1.jpg\",\"contentUrl\":\"https:\/\/eshumancapital.com\/wp-content\/uploads\/2020\/08\/EsHumanCapitan-CTA-home-1.jpg\"},{\"@type\":\"BreadcrumbList\",\"@id\":\"https:\/\/eshumancapital.com\/fr\/#breadcrumb\",\"itemListElement\":[{\"@type\":\"ListItem\",\"position\":1,\"name\":\"Portada\",\"item\":\"https:\/\/eshumancapital.com\/fr\/\"},{\"@type\":\"ListItem\",\"position\":2,\"name\":\"Home\"}]},{\"@type\":\"WebSite\",\"@id\":\"https:\/\/eshumancapital.com\/fr\/#website\",\"url\":\"https:\/\/eshumancapital.com\/fr\/\",\"name\":\"Engineers Sourcing - Headhunter\",\"description\":\"Servicios de Headhunter, Outplacement y Recruiting. Buscamos talento como el tuyo\",\"publisher\":{\"@id\":\"https:\/\/eshumancapital.com\/fr\/#organization\"},\"potentialAction\":[{\"@type\":\"SearchAction\",\"target\":{\"@type\":\"EntryPoint\",\"urlTemplate\":\"https:\/\/eshumancapital.com\/fr\/?s={search_term_string}\"},\"query-input\":{\"@type\":\"PropertyValueSpecification\",\"valueRequired\":true,\"valueName\":\"search_term_string\"}}],\"inLanguage\":\"fr-FR\"},{\"@type\":\"Organization\",\"@id\":\"https:\/\/eshumancapital.com\/fr\/#organization\",\"name\":\"Engineers Sourcing - Headhunter\",\"url\":\"https:\/\/eshumancapital.com\/fr\/\",\"logo\":{\"@type\":\"ImageObject\",\"inLanguage\":\"fr-FR\",\"@id\":\"https:\/\/eshumancapital.com\/fr\/#\/schema\/logo\/image\/\",\"url\":\"https:\/\/eshumancapital.com\/wp-content\/uploads\/2020\/08\/logotipo-web.png\",\"contentUrl\":\"https:\/\/eshumancapital.com\/wp-content\/uploads\/2020\/08\/logotipo-web.png\",\"width\":235,\"height\":114,\"caption\":\"Engineers Sourcing - Headhunter\"},\"image\":{\"@id\":\"https:\/\/eshumancapital.com\/fr\/#\/schema\/logo\/image\/\"}}]}<\/script>\n<!-- \/ Yoast SEO plugin. -->","yoast_head_json":{"title":"Home - Engineers Sourcing - Headhunter","robots":{"index":"index","follow":"follow","max-snippet":"max-snippet:-1","max-image-preview":"max-image-preview:large","max-video-preview":"max-video-preview:-1"},"canonical":"https:\/\/eshumancapital.com\/fr\/","og_locale":"fr_FR","og_type":"article","og_title":"Home - Engineers Sourcing - Headhunter","og_url":"https:\/\/eshumancapital.com\/fr\/","og_site_name":"Engineers Sourcing - Headhunter","article_modified_time":"2022-05-12T19:25:51+00:00","og_image":[{"url":"https:\/\/eshumancapital.com\/wp-content\/uploads\/2020\/08\/EsHumanCapitan-CTA-home-1.jpg","type":"","width":"","height":""}],"twitter_card":"summary_large_image","twitter_misc":{"Dur\u00e9e de lecture estim\u00e9e":"1 minute"},"schema":{"@context":"https:\/\/schema.org","@graph":[{"@type":"WebPage","@id":"https:\/\/eshumancapital.com\/fr\/","url":"https:\/\/eshumancapital.com\/fr\/","name":"Home - Engineers Sourcing - Headhunter","isPartOf":{"@id":"https:\/\/eshumancapital.com\/fr\/#website"},"primaryImageOfPage":{"@id":"https:\/\/eshumancapital.com\/fr\/#primaryimage"},"image":{"@id":"https:\/\/eshumancapital.com\/fr\/#primaryimage"},"thumbnailUrl":"https:\/\/eshumancapital.com\/wp-content\/uploads\/2020\/08\/EsHumanCapitan-CTA-home-1.jpg","datePublished":"2020-08-23T09:55:35+00:00","dateModified":"2022-05-12T19:25:51+00:00","breadcrumb":{"@id":"https:\/\/eshumancapital.com\/fr\/#breadcrumb"},"inLanguage":"fr-FR","potentialAction":[{"@type":"ReadAction","target":["https:\/\/eshumancapital.com\/fr\/"]}]},{"@type":"ImageObject","inLanguage":"fr-FR","@id":"https:\/\/eshumancapital.com\/fr\/#primaryimage","url":"https:\/\/eshumancapital.com\/wp-content\/uploads\/2020\/08\/EsHumanCapitan-CTA-home-1.jpg","contentUrl":"https:\/\/eshumancapital.com\/wp-content\/uploads\/2020\/08\/EsHumanCapitan-CTA-home-1.jpg"},{"@type":"BreadcrumbList","@id":"https:\/\/eshumancapital.com\/fr\/#breadcrumb","itemListElement":[{"@type":"ListItem","position":1,"name":"Portada","item":"https:\/\/eshumancapital.com\/fr\/"},{"@type":"ListItem","position":2,"name":"Home"}]},{"@type":"WebSite","@id":"https:\/\/eshumancapital.com\/fr\/#website","url":"https:\/\/eshumancapital.com\/fr\/","name":"Engineers Sourcing - Headhunter","description":"Servicios de Headhunter, Outplacement y Recruiting. Buscamos talento como el tuyo","publisher":{"@id":"https:\/\/eshumancapital.com\/fr\/#organization"},"potentialAction":[{"@type":"SearchAction","target":{"@type":"EntryPoint","urlTemplate":"https:\/\/eshumancapital.com\/fr\/?s={search_term_string}"},"query-input":{"@type":"PropertyValueSpecification","valueRequired":true,"valueName":"search_term_string"}}],"inLanguage":"fr-FR"},{"@type":"Organization","@id":"https:\/\/eshumancapital.com\/fr\/#organization","name":"Engineers Sourcing - Headhunter","url":"https:\/\/eshumancapital.com\/fr\/","logo":{"@type":"ImageObject","inLanguage":"fr-FR","@id":"https:\/\/eshumancapital.com\/fr\/#\/schema\/logo\/image\/","url":"https:\/\/eshumancapital.com\/wp-content\/uploads\/2020\/08\/logotipo-web.png","contentUrl":"https:\/\/eshumancapital.com\/wp-content\/uploads\/2020\/08\/logotipo-web.png","width":235,"height":114,"caption":"Engineers Sourcing - Headhunter"},"image":{"@id":"https:\/\/eshumancapital.com\/fr\/#\/schema\/logo\/image\/"}}]}},"_links":{"self":[{"href":"https:\/\/eshumancapital.com\/fr\/wp-json\/wp\/v2\/pages\/1287","targetHints":{"allow":["GET"]}}],"collection":[{"href":"https:\/\/eshumancapital.com\/fr\/wp-json\/wp\/v2\/pages"}],"about":[{"href":"https:\/\/eshumancapital.com\/fr\/wp-json\/wp\/v2\/types\/page"}],"author":[{"embeddable":true,"href":"https:\/\/eshumancapital.com\/fr\/wp-json\/wp\/v2\/users\/2"}],"replies":[{"embeddable":true,"href":"https:\/\/eshumancapital.com\/fr\/wp-json\/wp\/v2\/comments?post=1287"}],"version-history":[{"count":9,"href":"https:\/\/eshumancapital.com\/fr\/wp-json\/wp\/v2\/pages\/1287\/revisions"}],"predecessor-version":[{"id":7647,"href":"https:\/\/eshumancapital.com\/fr\/wp-json\/wp\/v2\/pages\/1287\/revisions\/7647"}],"wp:attachment":[{"href":"https:\/\/eshumancapital.com\/fr\/wp-json\/wp\/v2\/media?parent=1287"}],"curies":[{"name":"wp","href":"https:\/\/api.w.org\/{rel}","templated":true}]}}