{"id":9,"date":"2020-08-23T09:55:35","date_gmt":"2020-08-23T09:55:35","guid":{"rendered":"https:\/\/eshumancapital.com\/?page_id=9"},"modified":"2025-11-15T12:42:02","modified_gmt":"2025-11-15T12:42:02","slug":"inicio","status":"publish","type":"page","link":"https:\/\/eshumancapital.com\/es\/","title":{"rendered":"B\u00fasqueda y selecci\u00f3n de profesionales"},"content":{"rendered":"\n<div class=\"wp-block-columns is-layout-flex wp-container-core-columns-is-layout-9d6595d7 wp-block-columns-is-layout-flex\">\n<div class=\"wp-block-column is-layout-flow wp-block-column-is-layout-flow\">\n<\/div>\n<\/div>\n\n\n\n<div class=\"wp-block-group alignwide\"><div class=\"wp-block-group__inner-container is-layout-flow wp-block-group-is-layout-flow\">\n<div class=\"wp-block-columns alignwide is-layout-flex wp-container-core-columns-is-layout-9d6595d7 wp-block-columns-is-layout-flex\">\n<div class=\"wp-block-column columnas-espacio is-layout-flow wp-block-column-is-layout-flow\">\n<h2 class=\"wp-block-heading h2-home has-text-color\" style=\"color:#edddb5\">MISI\u00d3N<\/h2>\n\n\n\n<hr class=\"wp-block-separator has-text-color has-css-opacity has-background is-style-wide hr-home\" style=\"background-color:#c0a151;color:#c0a151\"\/>\n\n\n\n<h2 class=\"wp-block-heading has-text-color\" style=\"color:#1d2d37\"><strong>Atraer Talentos<\/strong><\/h2>\n\n\n\n<p>Nos centramos en buscar, en atraer y valorar el talento tanto de directivos, como mandos intermedios o perfiles t\u00e9cnicos cualificados.<br>Adaptamos tus necesidades a la actualidad, al d\u00eda a d\u00eda, de manera \u00e1gil y vers\u00e1til.<\/p>\n<\/div>\n\n\n\n<div class=\"wp-block-column columnas-espacio is-layout-flow wp-block-column-is-layout-flow\">\n<h2 class=\"wp-block-heading h2-home has-text-color\" style=\"color:#edddb5\">VISI\u00d3N<\/h2>\n\n\n\n<hr class=\"wp-block-separator has-text-color has-css-opacity has-background is-style-wide hr-home\" style=\"background-color:#c0a151;color:#c0a151\"\/>\n\n\n\n<h2 class=\"wp-block-heading has-text-color\" style=\"color:#1d2d37\"><strong>Selecci\u00f3n de<br>profesionales<\/strong><\/h2>\n\n\n\n<p>Nuestro principal objetivo, seguir ofreciendo una metodolog\u00eda genuina y vers\u00e1til, en la selecci\u00f3n de especialistas y profesionales t\u00e9cnicos cualificados dentro del sector de la ingenier\u00eda.<\/p>\n<\/div>\n\n\n\n<div class=\"wp-block-column columnas-espacio is-layout-flow wp-block-column-is-layout-flow\">\n<h2 class=\"wp-block-heading h2-home has-text-color\" style=\"color:#edddb5\">VALORES<\/h2>\n\n\n\n<hr class=\"wp-block-separator has-text-color has-css-opacity has-background is-style-wide hr-home\" style=\"background-color:#c0a151;color:#c0a151\"\/>\n\n\n\n<h2 class=\"wp-block-heading has-text-color\" style=\"color:#1d2d37\"><strong>Siempre actualizados<\/strong><\/h2>\n\n\n\n<p>Equipo de consultores con formaci\u00f3n cualificada, experiencia contrastada y avalada por nuestros propios clientes.<br>Siempre en movimiento, adapt\u00e1ndonos y actualiz\u00e1ndonos&nbsp;en un mercado cambiante.<\/p>\n<\/div>\n<\/div>\n<\/div><\/div>\n\n\n\n<div class=\"wp-block-group alignwide estilo-fondo\"><div class=\"wp-block-group__inner-container is-layout-flow wp-block-group-is-layout-flow\">\n<div class=\"wp-block-cover alignwide is-light\" style=\"min-height:350px;aspect-ratio:unset;\"><img fetchpriority=\"high\" decoding=\"async\" width=\"1522\" height=\"497\" class=\"wp-block-cover__image-background wp-image-14\" alt=\"\" src=\"https:\/\/eshumancapital.com\/wp-content\/uploads\/2020\/08\/EsHumanCapitan-CTA-home-1.jpg\" data-object-fit=\"cover\" srcset=\"https:\/\/eshumancapital.com\/wp-content\/uploads\/2020\/08\/EsHumanCapitan-CTA-home-1.jpg 1522w, https:\/\/eshumancapital.com\/wp-content\/uploads\/2020\/08\/EsHumanCapitan-CTA-home-1-300x98.jpg 300w, https:\/\/eshumancapital.com\/wp-content\/uploads\/2020\/08\/EsHumanCapitan-CTA-home-1-1024x334.jpg 1024w, https:\/\/eshumancapital.com\/wp-content\/uploads\/2020\/08\/EsHumanCapitan-CTA-home-1-768x251.jpg 768w\" sizes=\"(max-width: 1522px) 100vw, 1522px\" \/><span aria-hidden=\"true\" class=\"wp-block-cover__background has-background-dim-0 has-background-dim\"><\/span><div class=\"wp-block-cover__inner-container is-layout-flow wp-block-cover-is-layout-flow\">\n<h3 class=\"wp-block-heading\" id=\"block-b0337925-b623-42af-ab8b-d5fb2b861382\">\u00bfBUSCAS EMPLEO?<\/h3>\n\n\n\n<h2 class=\"wp-block-heading\" id=\"block-a5901151-82fc-4026-a276-7ae518ec6092\"><strong>Estamos buscando talento como el tuyo.<\/strong><\/h2>\n\n\n\n<h2 class=\"wp-block-heading has-black-color has-text-color\" id=\"block-e6824924-e5ff-45dc-baf4-eefe26bf9529\"><strong><a href=\"https:\/\/eshumancapital.com\/es\/enviar-curriculum\/\" class=\"rank-math-link\">Env\u00edanos tu CV<\/a><\/strong><\/h2>\n\n\n\n<p><\/p>\n<\/div><\/div>\n<\/div><\/div>\n\n\n\n<div style=\"height:40px\" aria-hidden=\"true\" class=\"wp-block-spacer\"><\/div>\n\n\n\n<div class=\"wp-block-group\"><div class=\"wp-block-group__inner-container is-layout-flow wp-block-group-is-layout-flow\">\n<div class=\"wp-block-columns is-layout-flex wp-container-core-columns-is-layout-9d6595d7 wp-block-columns-is-layout-flex\">\n<div class=\"wp-block-column hover-img-home is-layout-flow wp-block-column-is-layout-flow\">\n<h2 class=\"wp-block-heading has-text-align-center has-text-color\" style=\"color:#1c2d36\"><strong><a href=\"https:\/\/eshumancapital.com\/es\/servicios\/headhunter\/\" class=\"rank-math-link\">Headhunter<\/a><\/strong><\/h2>\n\n\n\n<p class=\"has-text-align-center\">\u00a0Conocemos el sector y atrapamos el talento para ponerlo a su servicio. <\/p>\n\n\n<div class=\"wp-block-image hover-img-home\">\n<figure class=\"aligncenter size-large\"><a href=\"https:\/\/eshumancapital.com\/es\/servicios\/headhunter\/\"><img decoding=\"async\" width=\"314\" height=\"314\" src=\"https:\/\/eshumancapital.com\/wp-content\/uploads\/2020\/08\/es-human-capitan-home.png\" alt=\"\" class=\"wp-image-20\" title=\"Engineers-Sourcing-headhunter\" srcset=\"https:\/\/eshumancapital.com\/wp-content\/uploads\/2020\/08\/es-human-capitan-home.png 314w, https:\/\/eshumancapital.com\/wp-content\/uploads\/2020\/08\/es-human-capitan-home-300x300.png 300w, https:\/\/eshumancapital.com\/wp-content\/uploads\/2020\/08\/es-human-capitan-home-150x150.png 150w\" sizes=\"(max-width: 314px) 100vw, 314px\" \/><\/a><\/figure>\n<\/div><\/div>\n\n\n\n<div class=\"wp-block-column hover-img-home is-layout-flow wp-block-column-is-layout-flow\">\n<h2 class=\"wp-block-heading has-text-align-center has-text-color\" style=\"color:#1c2d36\"><strong><a href=\"https:\/\/eshumancapital.com\/es\/servicios\/outplacement\/\" class=\"rank-math-link\">Outplacement<\/a><\/strong><\/h2>\n\n\n\n<p class=\"has-text-align-center\">Ofrecemos servicio de recolocaci\u00f3n de sus mejores profesionales.<\/p>\n\n\n<div class=\"wp-block-image hover-img-home\">\n<figure class=\"aligncenter size-large\"><a href=\"https:\/\/eshumancapital.com\/es\/servicios\/outplacement\/\"><img decoding=\"async\" width=\"314\" height=\"314\" src=\"https:\/\/eshumancapital.com\/wp-content\/uploads\/2020\/08\/es-human-capitan-home-1.png\" alt=\"\" class=\"wp-image-96\" title=\"Engineers-Sourcing-outplacement\" srcset=\"https:\/\/eshumancapital.com\/wp-content\/uploads\/2020\/08\/es-human-capitan-home-1.png 314w, https:\/\/eshumancapital.com\/wp-content\/uploads\/2020\/08\/es-human-capitan-home-1-300x300.png 300w, https:\/\/eshumancapital.com\/wp-content\/uploads\/2020\/08\/es-human-capitan-home-1-150x150.png 150w\" sizes=\"(max-width: 314px) 100vw, 314px\" \/><\/a><\/figure>\n<\/div><\/div>\n\n\n\n<div class=\"wp-block-column hover-img-home is-layout-flow wp-block-column-is-layout-flow\">\n<h2 class=\"wp-block-heading has-text-align-center has-text-color\" style=\"color:#1c2d36\"><strong><a href=\"https:\/\/eshumancapital.com\/servicios\/recruiting\/\" class=\"rank-math-link\">Recruiting&nbsp;<\/a><\/strong><\/h2>\n\n\n\n<p class=\"has-text-align-center\">Apoyamos a nuestros clientes reclutando especialistas para la&nbsp;presentaci\u00f3n de sus ofertas.<\/p>\n\n\n<div class=\"wp-block-image hover-img-home\">\n<figure class=\"aligncenter size-large\"><a href=\"https:\/\/eshumancapital.com\/servicios\/recruiting\/\"><img loading=\"lazy\" decoding=\"async\" width=\"314\" height=\"314\" src=\"https:\/\/eshumancapital.com\/wp-content\/uploads\/2020\/08\/es-human-capitan-home-2.png\" alt=\"\" class=\"wp-image-97\" title=\"Engineers-Sourcing-recruiting\" srcset=\"https:\/\/eshumancapital.com\/wp-content\/uploads\/2020\/08\/es-human-capitan-home-2.png 314w, https:\/\/eshumancapital.com\/wp-content\/uploads\/2020\/08\/es-human-capitan-home-2-300x300.png 300w, https:\/\/eshumancapital.com\/wp-content\/uploads\/2020\/08\/es-human-capitan-home-2-150x150.png 150w\" sizes=\"(max-width: 314px) 100vw, 314px\" \/><\/a><\/figure>\n<\/div><\/div>\n\n\n\n<div class=\"wp-block-column hover-img-home is-layout-flow wp-block-column-is-layout-flow\">\n<h2 class=\"wp-block-heading has-text-align-center has-text-color\" style=\"color:#1c2d36\"><strong><a href=\"https:\/\/eshumancapital.com\/es\/servicios\/formacion-y-coaching-profesional\/\">Desarrollo<\/a><\/strong><\/h2>\n\n\n\n<p class=\"has-text-align-center\">Nuevo servicio de <strong>formaci\u00f3n y coaching profesional<\/strong>, dirigido a personas que desean evolucionar<\/p>\n\n\n<div class=\"wp-block-image hover-img-home\">\n<figure class=\"aligncenter size-full\"><a href=\"https:\/\/eshumancapital.com\/es\/servicios\/formacion-y-coaching-profesional\/\"><img loading=\"lazy\" decoding=\"async\" width=\"314\" height=\"314\" src=\"https:\/\/eshumancapital.com\/wp-content\/uploads\/2025\/11\/eshuman-capital-desarrollo.png\" alt=\"\" class=\"wp-image-16389\" title=\"Engineers-Sourcing-recruiting\" srcset=\"https:\/\/eshumancapital.com\/wp-content\/uploads\/2025\/11\/eshuman-capital-desarrollo.png 314w, https:\/\/eshumancapital.com\/wp-content\/uploads\/2025\/11\/eshuman-capital-desarrollo-300x300.png 300w, https:\/\/eshumancapital.com\/wp-content\/uploads\/2025\/11\/eshuman-capital-desarrollo-150x150.png 150w\" sizes=\"(max-width: 314px) 100vw, 314px\" \/><\/a><\/figure>\n<\/div><\/div>\n<\/div>\n<\/div><\/div>\n\n\n\n<div class=\"wp-block-group\"><div class=\"wp-block-group__inner-container is-layout-flow wp-block-group-is-layout-flow\">\n<h2 class=\"wp-block-heading\"> Ofertas de empleo    |<span style=\"color: #0a2934; font-size:20px;\"><a href=\"https:\/\/eshumancapital.com\/es\/category\/ofertas-de-empleo\/\" class=\"rank-math-link\">  VER TODAS <\/a><\/span><\/h2>\n\n\n\n<hr class=\"wp-block-separator has-text-color has-css-opacity has-background is-style-wide\" style=\"background-color:#d2a549;color:#d2a549\"\/>\n\n\n<ul class=\"wp-block-latest-posts__list is-grid columns-4 has-dates aligncenter wp-block-latest-posts\"><li><div class=\"wp-block-latest-posts__featured-image aligncenter\"><img loading=\"lazy\" decoding=\"async\" width=\"300\" height=\"300\" src=\"https:\/\/eshumancapital.com\/wp-content\/uploads\/2026\/03\/BUSINESS-DEVELOPMENT.png\" class=\"attachment-medium size-medium wp-post-image\" alt=\"\" style=\"\" srcset=\"https:\/\/eshumancapital.com\/wp-content\/uploads\/2026\/03\/BUSINESS-DEVELOPMENT.png 300w, https:\/\/eshumancapital.com\/wp-content\/uploads\/2026\/03\/BUSINESS-DEVELOPMENT-150x150.png 150w\" sizes=\"(max-width: 300px) 100vw, 300px\" \/><\/div><a class=\"wp-block-latest-posts__post-title\" href=\"https:\/\/eshumancapital.com\/es\/sector-industrial\/bussines-development-asia-pacific\/\">Commercial Director \u2013 Business Development \u00a0\u2014 ASIA PACIFIC<\/a><time datetime=\"2026-03-09T16:21:07+00:00\" class=\"wp-block-latest-posts__post-date\">09\/03\/2026<\/time><\/li>\n<li><div class=\"wp-block-latest-posts__featured-image aligncenter\"><img loading=\"lazy\" decoding=\"async\" width=\"300\" height=\"300\" src=\"https:\/\/eshumancapital.com\/wp-content\/uploads\/2026\/02\/RESPONSABLE-DE-INGENIERIA-PR.png\" class=\"attachment-medium size-medium wp-post-image\" alt=\"\" style=\"\" srcset=\"https:\/\/eshumancapital.com\/wp-content\/uploads\/2026\/02\/RESPONSABLE-DE-INGENIERIA-PR.png 300w, https:\/\/eshumancapital.com\/wp-content\/uploads\/2026\/02\/RESPONSABLE-DE-INGENIERIA-PR-150x150.png 150w\" sizes=\"(max-width: 300px) 100vw, 300px\" \/><\/div><a class=\"wp-block-latest-posts__post-title\" href=\"https:\/\/eshumancapital.com\/es\/sector-industrial\/responsable-de-ingenieria-puesta-en-marcha-wtp-puerto-rico\/\">Responsable de Ingenier\u00eda \u2013 Puesta en Marcha WTP &#8211; PUERTO RICO<\/a><time datetime=\"2026-02-23T15:17:18+00:00\" class=\"wp-block-latest-posts__post-date\">23\/02\/2026<\/time><\/li>\n<li><div class=\"wp-block-latest-posts__featured-image aligncenter\"><img loading=\"lazy\" decoding=\"async\" width=\"300\" height=\"300\" src=\"https:\/\/eshumancapital.com\/wp-content\/uploads\/2026\/02\/Gerente-de-Construccion-Hidraulica.png\" class=\"attachment-medium size-medium wp-post-image\" alt=\"\" style=\"\" srcset=\"https:\/\/eshumancapital.com\/wp-content\/uploads\/2026\/02\/Gerente-de-Construccion-Hidraulica.png 300w, https:\/\/eshumancapital.com\/wp-content\/uploads\/2026\/02\/Gerente-de-Construccion-Hidraulica-150x150.png 150w\" sizes=\"(max-width: 300px) 100vw, 300px\" \/><\/div><a class=\"wp-block-latest-posts__post-title\" href=\"https:\/\/eshumancapital.com\/es\/sector-industrial\/gerente-de-construccion-hidraulica-proyectos-epc-puerto-rico\/\">Gerente de Construcci\u00f3n Hidr\u00e1ulica \u2013 Proyectos EPC (Puerto Rico)<\/a><time datetime=\"2026-02-09T14:26:30+00:00\" class=\"wp-block-latest-posts__post-date\">09\/02\/2026<\/time><\/li>\n<li><div class=\"wp-block-latest-posts__featured-image aligncenter\"><img loading=\"lazy\" decoding=\"async\" width=\"300\" height=\"300\" src=\"https:\/\/eshumancapital.com\/wp-content\/uploads\/2026\/01\/ANALISTAFUNCIONALPROPTECHMADRID.png\" class=\"attachment-medium size-medium wp-post-image\" alt=\"\" style=\"\" srcset=\"https:\/\/eshumancapital.com\/wp-content\/uploads\/2026\/01\/ANALISTAFUNCIONALPROPTECHMADRID.png 300w, https:\/\/eshumancapital.com\/wp-content\/uploads\/2026\/01\/ANALISTAFUNCIONALPROPTECHMADRID-150x150.png 150w\" sizes=\"(max-width: 300px) 100vw, 300px\" \/><\/div><a class=\"wp-block-latest-posts__post-title\" href=\"https:\/\/eshumancapital.com\/es\/sector-industrial\/analista-funcional-proyecto-nueva-plataforma-tecnologica-madrid\/\">ANALISTA FUNCIONAL &#8211; PROYECTO NUEVA PLATAFORMA TECNOL\u00d3GICA MADRID<\/a><time datetime=\"2026-01-26T17:57:46+00:00\" class=\"wp-block-latest-posts__post-date\">26\/01\/2026<\/time><\/li>\n<li><div class=\"wp-block-latest-posts__featured-image aligncenter\"><img loading=\"lazy\" decoding=\"async\" width=\"300\" height=\"300\" src=\"https:\/\/eshumancapital.com\/wp-content\/uploads\/2026\/01\/CISOMADRID.png\" class=\"attachment-medium size-medium wp-post-image\" alt=\"\" style=\"\" srcset=\"https:\/\/eshumancapital.com\/wp-content\/uploads\/2026\/01\/CISOMADRID.png 300w, https:\/\/eshumancapital.com\/wp-content\/uploads\/2026\/01\/CISOMADRID-150x150.png 150w\" sizes=\"(max-width: 300px) 100vw, 300px\" \/><\/div><a class=\"wp-block-latest-posts__post-title\" href=\"https:\/\/eshumancapital.com\/es\/sector-industrial\/ciso-sector-proptech-madrid\/\">CISO Sector PROPTECH MADRID<\/a><time datetime=\"2026-01-26T17:19:03+00:00\" class=\"wp-block-latest-posts__post-date\">26\/01\/2026<\/time><\/li>\n<li><div class=\"wp-block-latest-posts__featured-image aligncenter\"><img loading=\"lazy\" decoding=\"async\" width=\"300\" height=\"300\" src=\"https:\/\/eshumancapital.com\/wp-content\/uploads\/2026\/01\/TECNICO-MANTENIMIENTO-INSTALACIONES-ESPANA.png\" class=\"attachment-medium size-medium wp-post-image\" alt=\"\" style=\"\" srcset=\"https:\/\/eshumancapital.com\/wp-content\/uploads\/2026\/01\/TECNICO-MANTENIMIENTO-INSTALACIONES-ESPANA.png 300w, https:\/\/eshumancapital.com\/wp-content\/uploads\/2026\/01\/TECNICO-MANTENIMIENTO-INSTALACIONES-ESPANA-150x150.png 150w\" sizes=\"(max-width: 300px) 100vw, 300px\" \/><\/div><a class=\"wp-block-latest-posts__post-title\" href=\"https:\/\/eshumancapital.com\/es\/sector-industrial\/tecnicos-as-de-mantenimiento-electrico-mecanico-electromecanico-sat\/\">T\u00e9cnicos\/as de Mantenimiento (El\u00e9ctrico \/ Mec\u00e1nico \/ Electromec\u00e1nico \/ SAT)<\/a><time datetime=\"2026-01-26T15:19:41+00:00\" class=\"wp-block-latest-posts__post-date\">26\/01\/2026<\/time><\/li>\n<li><div class=\"wp-block-latest-posts__featured-image aligncenter\"><img loading=\"lazy\" decoding=\"async\" width=\"300\" height=\"300\" src=\"https:\/\/eshumancapital.com\/wp-content\/uploads\/2026\/01\/DIRECTOR-OBRA-CIVIL-MADRID.png\" class=\"attachment-medium size-medium wp-post-image\" alt=\"\" style=\"\" srcset=\"https:\/\/eshumancapital.com\/wp-content\/uploads\/2026\/01\/DIRECTOR-OBRA-CIVIL-MADRID.png 300w, https:\/\/eshumancapital.com\/wp-content\/uploads\/2026\/01\/DIRECTOR-OBRA-CIVIL-MADRID-150x150.png 150w\" sizes=\"(max-width: 300px) 100vw, 300px\" \/><\/div><a class=\"wp-block-latest-posts__post-title\" href=\"https:\/\/eshumancapital.com\/es\/sector-industrial\/director-a-de-obra-urbanizacion-y-obra-vial-madrid\/\">DIRECTOR\/A DE OBRA \u2013 URBANIZACI\u00d3N Y OBRA VIAL &#8211; MADRID<\/a><time datetime=\"2026-01-05T15:10:53+00:00\" class=\"wp-block-latest-posts__post-date\">05\/01\/2026<\/time><\/li>\n<li><div class=\"wp-block-latest-posts__featured-image aligncenter\"><img loading=\"lazy\" decoding=\"async\" width=\"300\" height=\"300\" src=\"https:\/\/eshumancapital.com\/wp-content\/uploads\/2026\/01\/INGENIERO_HIDRAULICO_MADRID.png\" class=\"attachment-medium size-medium wp-post-image\" alt=\"\" style=\"\" srcset=\"https:\/\/eshumancapital.com\/wp-content\/uploads\/2026\/01\/INGENIERO_HIDRAULICO_MADRID.png 300w, https:\/\/eshumancapital.com\/wp-content\/uploads\/2026\/01\/INGENIERO_HIDRAULICO_MADRID-150x150.png 150w\" sizes=\"(max-width: 300px) 100vw, 300px\" \/><\/div><a class=\"wp-block-latest-posts__post-title\" href=\"https:\/\/eshumancapital.com\/es\/ofertas-de-empleo\/ingeniero-a-de-hidraulica-urbana-abastecimiento-y-saneamiento-madrid\/\">INGENIERO\/A DE HIDR\u00c1ULICA URBANA \u2013 ABASTECIMIENTO Y SANEAMIENTO &#8211; MADRID<\/a><time datetime=\"2026-01-05T14:53:53+00:00\" class=\"wp-block-latest-posts__post-date\">05\/01\/2026<\/time><\/li>\n<\/ul><\/div><\/div>\n\n\n\n<div style=\"height:60px\" aria-hidden=\"true\" class=\"wp-block-spacer\"><\/div>\n","protected":false},"excerpt":{"rendered":"","protected":false},"author":2,"featured_media":10,"parent":0,"menu_order":0,"comment_status":"closed","ping_status":"closed","template":"","meta":{"footnotes":""},"class_list":{"0":"post-9","1":"page","2":"type-page","3":"status-publish","4":"has-post-thumbnail","6":"infinite-scroll-item"},"yoast_head":"<!-- This site is optimized with the Yoast SEO plugin v27.1.1 - https:\/\/yoast.com\/product\/yoast-seo-wordpress\/ -->\n<title>B\u00fasqueda y selecci\u00f3n de profesionales - Engineers Sourcing - Headhunter<\/title>\n<meta name=\"robots\" content=\"index, follow, max-snippet:-1, max-image-preview:large, max-video-preview:-1\" \/>\n<link rel=\"canonical\" href=\"https:\/\/eshumancapital.com\/es\/\" \/>\n<meta property=\"og:locale\" content=\"es_ES\" \/>\n<meta property=\"og:type\" content=\"article\" \/>\n<meta property=\"og:title\" content=\"B\u00fasqueda y selecci\u00f3n de profesionales - Engineers Sourcing - Headhunter\" \/>\n<meta property=\"og:url\" content=\"https:\/\/eshumancapital.com\/es\/\" \/>\n<meta property=\"og:site_name\" content=\"Engineers Sourcing - Headhunter\" \/>\n<meta property=\"article:modified_time\" content=\"2025-11-15T12:42:02+00:00\" \/>\n<meta property=\"og:image\" content=\"https:\/\/eshumancapital.com\/wp-content\/uploads\/2020\/08\/EsHumanCapitan-cabecera-home.jpg\" \/>\n\t<meta property=\"og:image:width\" content=\"1920\" \/>\n\t<meta property=\"og:image:height\" content=\"743\" \/>\n\t<meta property=\"og:image:type\" content=\"image\/jpeg\" \/>\n<meta name=\"twitter:card\" content=\"summary_large_image\" \/>\n<meta name=\"twitter:label1\" content=\"Tiempo de lectura\" \/>\n\t<meta name=\"twitter:data1\" content=\"2 minutos\" \/>\n<script type=\"application\/ld+json\" class=\"yoast-schema-graph\">{\"@context\":\"https:\/\/schema.org\",\"@graph\":[{\"@type\":\"WebPage\",\"@id\":\"https:\/\/eshumancapital.com\/es\/\",\"url\":\"https:\/\/eshumancapital.com\/es\/\",\"name\":\"B\u00fasqueda y selecci\u00f3n de profesionales - Engineers Sourcing - Headhunter\",\"isPartOf\":{\"@id\":\"https:\/\/eshumancapital.com\/es\/#website\"},\"primaryImageOfPage\":{\"@id\":\"https:\/\/eshumancapital.com\/es\/#primaryimage\"},\"image\":{\"@id\":\"https:\/\/eshumancapital.com\/es\/#primaryimage\"},\"thumbnailUrl\":\"https:\/\/eshumancapital.com\/wp-content\/uploads\/2020\/08\/EsHumanCapitan-cabecera-home.jpg\",\"datePublished\":\"2020-08-23T09:55:35+00:00\",\"dateModified\":\"2025-11-15T12:42:02+00:00\",\"breadcrumb\":{\"@id\":\"https:\/\/eshumancapital.com\/es\/#breadcrumb\"},\"inLanguage\":\"es\",\"potentialAction\":[{\"@type\":\"ReadAction\",\"target\":[\"https:\/\/eshumancapital.com\/es\/\"]}]},{\"@type\":\"ImageObject\",\"inLanguage\":\"es\",\"@id\":\"https:\/\/eshumancapital.com\/es\/#primaryimage\",\"url\":\"https:\/\/eshumancapital.com\/wp-content\/uploads\/2020\/08\/EsHumanCapitan-cabecera-home.jpg\",\"contentUrl\":\"https:\/\/eshumancapital.com\/wp-content\/uploads\/2020\/08\/EsHumanCapitan-cabecera-home.jpg\",\"width\":1920,\"height\":743,\"caption\":\"Es-Human-Capital-Headhunter-Madrid\"},{\"@type\":\"BreadcrumbList\",\"@id\":\"https:\/\/eshumancapital.com\/es\/#breadcrumb\",\"itemListElement\":[{\"@type\":\"ListItem\",\"position\":1,\"name\":\"Portada\",\"item\":\"https:\/\/eshumancapital.com\/es\/\"},{\"@type\":\"ListItem\",\"position\":2,\"name\":\"B\u00fasqueda y selecci\u00f3n de profesionales\"}]},{\"@type\":\"WebSite\",\"@id\":\"https:\/\/eshumancapital.com\/es\/#website\",\"url\":\"https:\/\/eshumancapital.com\/es\/\",\"name\":\"Engineers Sourcing - Headhunter\",\"description\":\"Servicios de Headhunter, Outplacement y Recruiting. Buscamos talento como el tuyo\",\"publisher\":{\"@id\":\"https:\/\/eshumancapital.com\/es\/#organization\"},\"potentialAction\":[{\"@type\":\"SearchAction\",\"target\":{\"@type\":\"EntryPoint\",\"urlTemplate\":\"https:\/\/eshumancapital.com\/es\/?s={search_term_string}\"},\"query-input\":{\"@type\":\"PropertyValueSpecification\",\"valueRequired\":true,\"valueName\":\"search_term_string\"}}],\"inLanguage\":\"es\"},{\"@type\":\"Organization\",\"@id\":\"https:\/\/eshumancapital.com\/es\/#organization\",\"name\":\"Engineers Sourcing - Headhunter\",\"url\":\"https:\/\/eshumancapital.com\/es\/\",\"logo\":{\"@type\":\"ImageObject\",\"inLanguage\":\"es\",\"@id\":\"https:\/\/eshumancapital.com\/es\/#\/schema\/logo\/image\/\",\"url\":\"https:\/\/eshumancapital.com\/wp-content\/uploads\/2020\/08\/logotipo-web.png\",\"contentUrl\":\"https:\/\/eshumancapital.com\/wp-content\/uploads\/2020\/08\/logotipo-web.png\",\"width\":235,\"height\":114,\"caption\":\"Engineers Sourcing - Headhunter\"},\"image\":{\"@id\":\"https:\/\/eshumancapital.com\/es\/#\/schema\/logo\/image\/\"}}]}<\/script>\n<!-- \/ Yoast SEO plugin. -->","yoast_head_json":{"title":"B\u00fasqueda y selecci\u00f3n de profesionales - Engineers Sourcing - Headhunter","robots":{"index":"index","follow":"follow","max-snippet":"max-snippet:-1","max-image-preview":"max-image-preview:large","max-video-preview":"max-video-preview:-1"},"canonical":"https:\/\/eshumancapital.com\/es\/","og_locale":"es_ES","og_type":"article","og_title":"B\u00fasqueda y selecci\u00f3n de profesionales - Engineers Sourcing - Headhunter","og_url":"https:\/\/eshumancapital.com\/es\/","og_site_name":"Engineers Sourcing - Headhunter","article_modified_time":"2025-11-15T12:42:02+00:00","og_image":[{"width":1920,"height":743,"url":"https:\/\/eshumancapital.com\/wp-content\/uploads\/2020\/08\/EsHumanCapitan-cabecera-home.jpg","type":"image\/jpeg"}],"twitter_card":"summary_large_image","twitter_misc":{"Tiempo de lectura":"2 minutos"},"schema":{"@context":"https:\/\/schema.org","@graph":[{"@type":"WebPage","@id":"https:\/\/eshumancapital.com\/es\/","url":"https:\/\/eshumancapital.com\/es\/","name":"B\u00fasqueda y selecci\u00f3n de profesionales - Engineers Sourcing - Headhunter","isPartOf":{"@id":"https:\/\/eshumancapital.com\/es\/#website"},"primaryImageOfPage":{"@id":"https:\/\/eshumancapital.com\/es\/#primaryimage"},"image":{"@id":"https:\/\/eshumancapital.com\/es\/#primaryimage"},"thumbnailUrl":"https:\/\/eshumancapital.com\/wp-content\/uploads\/2020\/08\/EsHumanCapitan-cabecera-home.jpg","datePublished":"2020-08-23T09:55:35+00:00","dateModified":"2025-11-15T12:42:02+00:00","breadcrumb":{"@id":"https:\/\/eshumancapital.com\/es\/#breadcrumb"},"inLanguage":"es","potentialAction":[{"@type":"ReadAction","target":["https:\/\/eshumancapital.com\/es\/"]}]},{"@type":"ImageObject","inLanguage":"es","@id":"https:\/\/eshumancapital.com\/es\/#primaryimage","url":"https:\/\/eshumancapital.com\/wp-content\/uploads\/2020\/08\/EsHumanCapitan-cabecera-home.jpg","contentUrl":"https:\/\/eshumancapital.com\/wp-content\/uploads\/2020\/08\/EsHumanCapitan-cabecera-home.jpg","width":1920,"height":743,"caption":"Es-Human-Capital-Headhunter-Madrid"},{"@type":"BreadcrumbList","@id":"https:\/\/eshumancapital.com\/es\/#breadcrumb","itemListElement":[{"@type":"ListItem","position":1,"name":"Portada","item":"https:\/\/eshumancapital.com\/es\/"},{"@type":"ListItem","position":2,"name":"B\u00fasqueda y selecci\u00f3n de profesionales"}]},{"@type":"WebSite","@id":"https:\/\/eshumancapital.com\/es\/#website","url":"https:\/\/eshumancapital.com\/es\/","name":"Engineers Sourcing - Headhunter","description":"Servicios de Headhunter, Outplacement y Recruiting. Buscamos talento como el tuyo","publisher":{"@id":"https:\/\/eshumancapital.com\/es\/#organization"},"potentialAction":[{"@type":"SearchAction","target":{"@type":"EntryPoint","urlTemplate":"https:\/\/eshumancapital.com\/es\/?s={search_term_string}"},"query-input":{"@type":"PropertyValueSpecification","valueRequired":true,"valueName":"search_term_string"}}],"inLanguage":"es"},{"@type":"Organization","@id":"https:\/\/eshumancapital.com\/es\/#organization","name":"Engineers Sourcing - Headhunter","url":"https:\/\/eshumancapital.com\/es\/","logo":{"@type":"ImageObject","inLanguage":"es","@id":"https:\/\/eshumancapital.com\/es\/#\/schema\/logo\/image\/","url":"https:\/\/eshumancapital.com\/wp-content\/uploads\/2020\/08\/logotipo-web.png","contentUrl":"https:\/\/eshumancapital.com\/wp-content\/uploads\/2020\/08\/logotipo-web.png","width":235,"height":114,"caption":"Engineers Sourcing - Headhunter"},"image":{"@id":"https:\/\/eshumancapital.com\/es\/#\/schema\/logo\/image\/"}}]}},"_links":{"self":[{"href":"https:\/\/eshumancapital.com\/es\/wp-json\/wp\/v2\/pages\/9","targetHints":{"allow":["GET"]}}],"collection":[{"href":"https:\/\/eshumancapital.com\/es\/wp-json\/wp\/v2\/pages"}],"about":[{"href":"https:\/\/eshumancapital.com\/es\/wp-json\/wp\/v2\/types\/page"}],"author":[{"embeddable":true,"href":"https:\/\/eshumancapital.com\/es\/wp-json\/wp\/v2\/users\/2"}],"replies":[{"embeddable":true,"href":"https:\/\/eshumancapital.com\/es\/wp-json\/wp\/v2\/comments?post=9"}],"version-history":[{"count":111,"href":"https:\/\/eshumancapital.com\/es\/wp-json\/wp\/v2\/pages\/9\/revisions"}],"predecessor-version":[{"id":16503,"href":"https:\/\/eshumancapital.com\/es\/wp-json\/wp\/v2\/pages\/9\/revisions\/16503"}],"wp:featuredmedia":[{"embeddable":true,"href":"https:\/\/eshumancapital.com\/es\/wp-json\/wp\/v2\/media\/10"}],"wp:attachment":[{"href":"https:\/\/eshumancapital.com\/es\/wp-json\/wp\/v2\/media?parent=9"}],"curies":[{"name":"wp","href":"https:\/\/api.w.org\/{rel}","templated":true}]}}