{"id":629,"date":"2020-09-06T10:48:47","date_gmt":"2020-09-06T10:48:47","guid":{"rendered":"https:\/\/eshumancapital.com\/?page_id=629"},"modified":"2020-11-29T22:07:46","modified_gmt":"2020-11-29T22:07:46","slug":"enviar-curriculum","status":"publish","type":"page","link":"https:\/\/eshumancapital.com\/es\/enviar-curriculum\/","title":{"rendered":"Enviar Curriculum"},"content":{"rendered":"\n<div class=\"wp-block-group alignwide\"><div class=\"wp-block-group__inner-container is-layout-flow wp-block-group-is-layout-flow\">\n<div class=\"wp-block-columns alignwide is-layout-flex wp-container-core-columns-is-layout-9d6595d7 wp-block-columns-is-layout-flex\">\n<div class=\"wp-block-column columna-color columna-margenes is-layout-flow wp-block-column-is-layout-flow\" style=\"flex-basis:33.33%\">\n<h3 class=\"wp-block-heading\">\u00bfBUSCAS EMPLEO?<\/h3>\n\n\n\n<h2 class=\"wp-block-heading\"><strong>Estamos buscando talentos como el tuyo.<\/strong><\/h2>\n\n\n\n<h2 class=\"wp-block-heading\"><strong>Env\u00edanos tu Curriculum y formar\u00e1s parte de nuestra comunidad.<\/strong><\/h2>\n\n\n\n<div style=\"height:40px\" aria-hidden=\"true\" class=\"wp-block-spacer\"><\/div>\n<\/div>\n\n\n\n<div class=\"wp-block-column columnas-espacio is-layout-flow wp-block-column-is-layout-flow\" style=\"flex-basis:66.66%\">\n<div style=\"height:25px\" aria-hidden=\"true\" class=\"wp-block-spacer\"><\/div>\n\n\n\n<div class=\"wpcf7 no-js\" id=\"wpcf7-f633-o1\" lang=\"es-ES\" dir=\"ltr\" data-wpcf7-id=\"633\">\n<div class=\"screen-reader-response\"><p role=\"status\" aria-live=\"polite\" aria-atomic=\"true\"><\/p> <ul><\/ul><\/div>\n<form action=\"\/es\/wp-json\/wp\/v2\/pages\/629#wpcf7-f633-o1\" method=\"post\" class=\"wpcf7-form init\" aria-label=\"Formulario de contacto\" enctype=\"multipart\/form-data\" novalidate=\"novalidate\" data-status=\"init\">\n<fieldset class=\"hidden-fields-container\"><input type=\"hidden\" name=\"_wpcf7\" value=\"633\" \/><input type=\"hidden\" name=\"_wpcf7_version\" value=\"6.1.5\" \/><input type=\"hidden\" name=\"_wpcf7_locale\" value=\"es_ES\" \/><input type=\"hidden\" name=\"_wpcf7_unit_tag\" value=\"wpcf7-f633-o1\" \/><input type=\"hidden\" name=\"_wpcf7_container_post\" value=\"0\" \/><input type=\"hidden\" name=\"_wpcf7_posted_data_hash\" value=\"\" \/><input type=\"hidden\" name=\"_wpcf7_recaptcha_response\" value=\"\" \/>\n<\/fieldset>\n<div class=\"grid-33 tablet-grid-33 mobile-grid-100 first-column\" style=\"font-size:15px;\">\n\t<p><span class=\"wpcf7-form-control-wrap\" data-name=\"your-name\"><input size=\"40\" maxlength=\"400\" class=\"wpcf7-form-control wpcf7-text wpcf7-validates-as-required\" aria-required=\"true\" aria-invalid=\"false\" placeholder=\"Nombre y apellidos*\" value=\"\" type=\"text\" name=\"your-name\" \/><\/span>\n\t<\/p>\n<\/div>\n<div class=\"grid-33 tablet-grid-33 mobile-grid-100 second-column\" style=\"font-size:15px;\">\n\t<p><span class=\"wpcf7-form-control-wrap\" data-name=\"phone-number\"><input size=\"40\" maxlength=\"400\" class=\"wpcf7-form-control wpcf7-tel wpcf7-validates-as-required wpcf7-text wpcf7-validates-as-tel\" aria-required=\"true\" aria-invalid=\"false\" placeholder=\"Tel\u00e9fono*\" value=\"\" type=\"tel\" name=\"phone-number\" \/><\/span>\n\t<\/p>\n<\/div>\n<div class=\"grid-33 tablet-grid-33 mobile-grid-100 third-column\" style=\"font-size:15px;\">\n\t<p><span class=\"wpcf7-form-control-wrap\" data-name=\"your-email\"><input size=\"40\" maxlength=\"400\" class=\"wpcf7-form-control wpcf7-email wpcf7-validates-as-required wpcf7-text wpcf7-validates-as-email\" aria-required=\"true\" aria-invalid=\"false\" placeholder=\"Email*\" value=\"\" type=\"email\" name=\"your-email\" \/><\/span>\n\t<\/p>\n<\/div>\n<div class=\"grid-100 tablet-grid-100 mobile-grid-100 one-column\" style=\"font-size:15px; padding-top:30px;\">\n\t<p>Adjuntar CV (m\u00e1ximo 2MB)*<br \/>\n<span class=\"wpcf7-form-control-wrap\" data-name=\"archivo\"><input size=\"40\" class=\"wpcf7-form-control wpcf7-file wpcf7-validates-as-required AdjuntarCV\" id=\"AdjuntarCV\" accept=\".pdf,.doc\" aria-required=\"true\" aria-invalid=\"false\" type=\"file\" name=\"archivo\" \/><\/span>\n\t<\/p>\n<\/div>\n<p style=\"font-size:12px\"><span class=\"wpcf7-form-control-wrap\" data-name=\"ckeck-legal\"><span class=\"wpcf7-form-control wpcf7-acceptance\"><span class=\"wpcf7-list-item\"><input type=\"checkbox\" name=\"ckeck-legal\" value=\"1\" aria-invalid=\"false\" \/><\/span><\/span><\/span>Acepto el tratamiento de mis datos para participar en los procesos de selecci\u00f3n y reclutamiento.<br \/>\n<span class=\"wpcf7-form-control-wrap\" data-name=\"mails-info\"><span class=\"wpcf7-form-control wpcf7-checkbox\"><span class=\"wpcf7-list-item first last\"><input type=\"checkbox\" name=\"mails-info[]\" value=\"Acepto env\u00edo de mails informativos\" \/><span class=\"wpcf7-list-item-label\">Acepto env\u00edo de mails informativos<\/span><\/span><\/span><\/span>\n<\/p>\n<div class=\"boton-fomrulario\">\n\t<p><input class=\"wpcf7-form-control wpcf7-submit has-spinner\" type=\"submit\" value=\"INSCRIBIRSE\" \/>\n\t<\/p>\n<\/div>\n<p style=\"font-size:12px\"><b>Protecci\u00f3n de datos personales:<\/b><br \/>\nEn ENGINEERS SOURCING trataremos sus datos para gestionar su candidatura y participaci\u00f3n en procesos de selecci\u00f3n de personal y actividades de reclutamiento llevadas a cabo por nuestra empresa. Para m\u00e1s informaci\u00f3n sobre el tratamiento y sus derechos, consulte la <a href=\"https:\/\/eshumancapital.com\/es\/politica-de-privacidad\/\" TARGET='_blank'>la pol\u00edtica de privacidad<\/a>\n<\/p><div class=\"wpcf7-response-output\" aria-hidden=\"true\"><\/div>\n<\/form>\n<\/div>\n\n<\/div>\n<\/div>\n<\/div><\/div>\n\n\n\n<div class=\"wp-block-cover alignfull has-white-background-color has-background-dim\"><div class=\"wp-block-cover__inner-container is-layout-flow wp-block-cover-is-layout-flow\">\n<div class=\"wp-block-group alignfull\"><div class=\"wp-block-group__inner-container is-layout-flow wp-block-group-is-layout-flow\">\n<h2 class=\"has-text-color wp-block-heading\" style=\"color:#0a2934\"> Ofertas de empleo    |<span style=\"color: #0a2934; font-size:20px;\"><a href=\"https:\/\/eshumancapital.com\/es\/category\/ofertas-de-empleo\/\" class=\"rank-math-link\">  VER TODAS <\/a><\/span><\/h2>\n\n\n\n<hr class=\"wp-block-separator has-text-color has-background is-style-wide hr-oferta\" style=\"background-color:#d2a549;color:#d2a549\"\/>\n\n\n<ul class=\"wp-block-latest-posts__list is-grid columns-4 has-dates aligncenter wp-block-latest-posts\"><li><div class=\"wp-block-latest-posts__featured-image\"><img fetchpriority=\"high\" decoding=\"async\" width=\"300\" height=\"300\" src=\"https:\/\/eshumancapital.com\/wp-content\/uploads\/2026\/03\/BUSINESS-DEVELOPMENT.png\" class=\"attachment-medium size-medium wp-post-image\" alt=\"\" style=\"\" srcset=\"https:\/\/eshumancapital.com\/wp-content\/uploads\/2026\/03\/BUSINESS-DEVELOPMENT.png 300w, https:\/\/eshumancapital.com\/wp-content\/uploads\/2026\/03\/BUSINESS-DEVELOPMENT-150x150.png 150w\" sizes=\"(max-width: 300px) 100vw, 300px\" \/><\/div><a class=\"wp-block-latest-posts__post-title\" href=\"https:\/\/eshumancapital.com\/es\/sector-industrial\/bussines-development-asia-pacific\/\">Commercial Director \u2013 Business Development \u00a0\u2014 ASIA PACIFIC<\/a><time datetime=\"2026-03-09T16:21:07+00:00\" class=\"wp-block-latest-posts__post-date\">09\/03\/2026<\/time><\/li>\n<li><div class=\"wp-block-latest-posts__featured-image\"><img decoding=\"async\" width=\"300\" height=\"300\" src=\"https:\/\/eshumancapital.com\/wp-content\/uploads\/2026\/02\/RESPONSABLE-DE-INGENIERIA-PR.png\" class=\"attachment-medium size-medium wp-post-image\" alt=\"\" style=\"\" srcset=\"https:\/\/eshumancapital.com\/wp-content\/uploads\/2026\/02\/RESPONSABLE-DE-INGENIERIA-PR.png 300w, https:\/\/eshumancapital.com\/wp-content\/uploads\/2026\/02\/RESPONSABLE-DE-INGENIERIA-PR-150x150.png 150w\" sizes=\"(max-width: 300px) 100vw, 300px\" \/><\/div><a class=\"wp-block-latest-posts__post-title\" href=\"https:\/\/eshumancapital.com\/es\/sector-industrial\/responsable-de-ingenieria-puesta-en-marcha-wtp-puerto-rico\/\">Responsable de Ingenier\u00eda \u2013 Puesta en Marcha WTP &#8211; PUERTO RICO<\/a><time datetime=\"2026-02-23T15:17:18+00:00\" class=\"wp-block-latest-posts__post-date\">23\/02\/2026<\/time><\/li>\n<li><div class=\"wp-block-latest-posts__featured-image\"><img decoding=\"async\" width=\"300\" height=\"300\" src=\"https:\/\/eshumancapital.com\/wp-content\/uploads\/2026\/02\/Gerente-de-Construccion-Hidraulica.png\" class=\"attachment-medium size-medium wp-post-image\" alt=\"\" style=\"\" srcset=\"https:\/\/eshumancapital.com\/wp-content\/uploads\/2026\/02\/Gerente-de-Construccion-Hidraulica.png 300w, https:\/\/eshumancapital.com\/wp-content\/uploads\/2026\/02\/Gerente-de-Construccion-Hidraulica-150x150.png 150w\" sizes=\"(max-width: 300px) 100vw, 300px\" \/><\/div><a class=\"wp-block-latest-posts__post-title\" href=\"https:\/\/eshumancapital.com\/es\/sector-industrial\/gerente-de-construccion-hidraulica-proyectos-epc-puerto-rico\/\">Gerente de Construcci\u00f3n Hidr\u00e1ulica \u2013 Proyectos EPC (Puerto Rico)<\/a><time datetime=\"2026-02-09T14:26:30+00:00\" class=\"wp-block-latest-posts__post-date\">09\/02\/2026<\/time><\/li>\n<li><div class=\"wp-block-latest-posts__featured-image\"><img loading=\"lazy\" decoding=\"async\" width=\"300\" height=\"300\" src=\"https:\/\/eshumancapital.com\/wp-content\/uploads\/2026\/01\/ANALISTAFUNCIONALPROPTECHMADRID.png\" class=\"attachment-medium size-medium wp-post-image\" alt=\"\" style=\"\" srcset=\"https:\/\/eshumancapital.com\/wp-content\/uploads\/2026\/01\/ANALISTAFUNCIONALPROPTECHMADRID.png 300w, https:\/\/eshumancapital.com\/wp-content\/uploads\/2026\/01\/ANALISTAFUNCIONALPROPTECHMADRID-150x150.png 150w\" sizes=\"(max-width: 300px) 100vw, 300px\" \/><\/div><a class=\"wp-block-latest-posts__post-title\" href=\"https:\/\/eshumancapital.com\/es\/sector-industrial\/analista-funcional-proyecto-nueva-plataforma-tecnologica-madrid\/\">ANALISTA FUNCIONAL &#8211; PROYECTO NUEVA PLATAFORMA TECNOL\u00d3GICA MADRID<\/a><time datetime=\"2026-01-26T17:57:46+00:00\" class=\"wp-block-latest-posts__post-date\">26\/01\/2026<\/time><\/li>\n<li><div class=\"wp-block-latest-posts__featured-image\"><img loading=\"lazy\" decoding=\"async\" width=\"300\" height=\"300\" src=\"https:\/\/eshumancapital.com\/wp-content\/uploads\/2026\/01\/CISOMADRID.png\" class=\"attachment-medium size-medium wp-post-image\" alt=\"\" style=\"\" srcset=\"https:\/\/eshumancapital.com\/wp-content\/uploads\/2026\/01\/CISOMADRID.png 300w, https:\/\/eshumancapital.com\/wp-content\/uploads\/2026\/01\/CISOMADRID-150x150.png 150w\" sizes=\"(max-width: 300px) 100vw, 300px\" \/><\/div><a class=\"wp-block-latest-posts__post-title\" href=\"https:\/\/eshumancapital.com\/es\/sector-industrial\/ciso-sector-proptech-madrid\/\">CISO Sector PROPTECH MADRID<\/a><time datetime=\"2026-01-26T17:19:03+00:00\" class=\"wp-block-latest-posts__post-date\">26\/01\/2026<\/time><\/li>\n<li><div class=\"wp-block-latest-posts__featured-image\"><img loading=\"lazy\" decoding=\"async\" width=\"300\" height=\"300\" src=\"https:\/\/eshumancapital.com\/wp-content\/uploads\/2026\/01\/TECNICO-MANTENIMIENTO-INSTALACIONES-ESPANA.png\" class=\"attachment-medium size-medium wp-post-image\" alt=\"\" style=\"\" srcset=\"https:\/\/eshumancapital.com\/wp-content\/uploads\/2026\/01\/TECNICO-MANTENIMIENTO-INSTALACIONES-ESPANA.png 300w, https:\/\/eshumancapital.com\/wp-content\/uploads\/2026\/01\/TECNICO-MANTENIMIENTO-INSTALACIONES-ESPANA-150x150.png 150w\" sizes=\"(max-width: 300px) 100vw, 300px\" \/><\/div><a class=\"wp-block-latest-posts__post-title\" href=\"https:\/\/eshumancapital.com\/es\/sector-industrial\/tecnicos-as-de-mantenimiento-electrico-mecanico-electromecanico-sat\/\">T\u00e9cnicos\/as de Mantenimiento (El\u00e9ctrico \/ Mec\u00e1nico \/ Electromec\u00e1nico \/ SAT)<\/a><time datetime=\"2026-01-26T15:19:41+00:00\" class=\"wp-block-latest-posts__post-date\">26\/01\/2026<\/time><\/li>\n<li><div class=\"wp-block-latest-posts__featured-image\"><img loading=\"lazy\" decoding=\"async\" width=\"300\" height=\"300\" src=\"https:\/\/eshumancapital.com\/wp-content\/uploads\/2026\/01\/DIRECTOR-OBRA-CIVIL-MADRID.png\" class=\"attachment-medium size-medium wp-post-image\" alt=\"\" style=\"\" srcset=\"https:\/\/eshumancapital.com\/wp-content\/uploads\/2026\/01\/DIRECTOR-OBRA-CIVIL-MADRID.png 300w, https:\/\/eshumancapital.com\/wp-content\/uploads\/2026\/01\/DIRECTOR-OBRA-CIVIL-MADRID-150x150.png 150w\" sizes=\"(max-width: 300px) 100vw, 300px\" \/><\/div><a class=\"wp-block-latest-posts__post-title\" href=\"https:\/\/eshumancapital.com\/es\/sector-industrial\/director-a-de-obra-urbanizacion-y-obra-vial-madrid\/\">DIRECTOR\/A DE OBRA \u2013 URBANIZACI\u00d3N Y OBRA VIAL &#8211; MADRID<\/a><time datetime=\"2026-01-05T15:10:53+00:00\" class=\"wp-block-latest-posts__post-date\">05\/01\/2026<\/time><\/li>\n<li><div class=\"wp-block-latest-posts__featured-image\"><img loading=\"lazy\" decoding=\"async\" width=\"300\" height=\"300\" src=\"https:\/\/eshumancapital.com\/wp-content\/uploads\/2026\/01\/INGENIERO_HIDRAULICO_MADRID.png\" class=\"attachment-medium size-medium wp-post-image\" alt=\"\" style=\"\" srcset=\"https:\/\/eshumancapital.com\/wp-content\/uploads\/2026\/01\/INGENIERO_HIDRAULICO_MADRID.png 300w, https:\/\/eshumancapital.com\/wp-content\/uploads\/2026\/01\/INGENIERO_HIDRAULICO_MADRID-150x150.png 150w\" sizes=\"(max-width: 300px) 100vw, 300px\" \/><\/div><a class=\"wp-block-latest-posts__post-title\" href=\"https:\/\/eshumancapital.com\/es\/ofertas-de-empleo\/ingeniero-a-de-hidraulica-urbana-abastecimiento-y-saneamiento-madrid\/\">INGENIERO\/A DE HIDR\u00c1ULICA URBANA \u2013 ABASTECIMIENTO Y SANEAMIENTO &#8211; MADRID<\/a><time datetime=\"2026-01-05T14:53:53+00:00\" class=\"wp-block-latest-posts__post-date\">05\/01\/2026<\/time><\/li>\n<\/ul><\/div><\/div>\n\n\n\n<div style=\"height:60px\" aria-hidden=\"true\" class=\"wp-block-spacer\"><\/div>\n<\/div><\/div>\n","protected":false},"excerpt":{"rendered":"","protected":false},"author":2,"featured_media":0,"parent":0,"menu_order":0,"comment_status":"closed","ping_status":"closed","template":"","meta":{"footnotes":""},"class_list":{"0":"post-629","1":"page","2":"type-page","3":"status-publish","5":"infinite-scroll-item"},"yoast_head":"<!-- This site is optimized with the Yoast SEO plugin v27.1.1 - https:\/\/yoast.com\/product\/yoast-seo-wordpress\/ -->\n<title>Enviar Curriculum - Engineers Sourcing - Headhunter<\/title>\n<meta name=\"robots\" content=\"index, follow, max-snippet:-1, max-image-preview:large, max-video-preview:-1\" \/>\n<link rel=\"canonical\" href=\"https:\/\/eshumancapital.com\/es\/enviar-curriculum\/\" \/>\n<meta property=\"og:locale\" content=\"es_ES\" \/>\n<meta property=\"og:type\" content=\"article\" \/>\n<meta property=\"og:title\" content=\"Enviar Curriculum - Engineers Sourcing - Headhunter\" \/>\n<meta property=\"og:url\" content=\"https:\/\/eshumancapital.com\/es\/enviar-curriculum\/\" \/>\n<meta property=\"og:site_name\" content=\"Engineers Sourcing - Headhunter\" \/>\n<meta property=\"article:modified_time\" content=\"2020-11-29T22:07:46+00:00\" \/>\n<meta name=\"twitter:card\" content=\"summary_large_image\" \/>\n<script type=\"application\/ld+json\" class=\"yoast-schema-graph\">{\"@context\":\"https:\/\/schema.org\",\"@graph\":[{\"@type\":\"WebPage\",\"@id\":\"https:\/\/eshumancapital.com\/es\/enviar-curriculum\/\",\"url\":\"https:\/\/eshumancapital.com\/es\/enviar-curriculum\/\",\"name\":\"Enviar Curriculum - Engineers Sourcing - Headhunter\",\"isPartOf\":{\"@id\":\"https:\/\/eshumancapital.com\/es\/#website\"},\"datePublished\":\"2020-09-06T10:48:47+00:00\",\"dateModified\":\"2020-11-29T22:07:46+00:00\",\"breadcrumb\":{\"@id\":\"https:\/\/eshumancapital.com\/es\/enviar-curriculum\/#breadcrumb\"},\"inLanguage\":\"es\",\"potentialAction\":[{\"@type\":\"ReadAction\",\"target\":[\"https:\/\/eshumancapital.com\/es\/enviar-curriculum\/\"]}]},{\"@type\":\"BreadcrumbList\",\"@id\":\"https:\/\/eshumancapital.com\/es\/enviar-curriculum\/#breadcrumb\",\"itemListElement\":[{\"@type\":\"ListItem\",\"position\":1,\"name\":\"Portada\",\"item\":\"https:\/\/eshumancapital.com\/es\/\"},{\"@type\":\"ListItem\",\"position\":2,\"name\":\"Enviar Curriculum\"}]},{\"@type\":\"WebSite\",\"@id\":\"https:\/\/eshumancapital.com\/es\/#website\",\"url\":\"https:\/\/eshumancapital.com\/es\/\",\"name\":\"Engineers Sourcing - Headhunter\",\"description\":\"Servicios de Headhunter, Outplacement y Recruiting. Buscamos talento como el tuyo\",\"publisher\":{\"@id\":\"https:\/\/eshumancapital.com\/es\/#organization\"},\"potentialAction\":[{\"@type\":\"SearchAction\",\"target\":{\"@type\":\"EntryPoint\",\"urlTemplate\":\"https:\/\/eshumancapital.com\/es\/?s={search_term_string}\"},\"query-input\":{\"@type\":\"PropertyValueSpecification\",\"valueRequired\":true,\"valueName\":\"search_term_string\"}}],\"inLanguage\":\"es\"},{\"@type\":\"Organization\",\"@id\":\"https:\/\/eshumancapital.com\/es\/#organization\",\"name\":\"Engineers Sourcing - Headhunter\",\"url\":\"https:\/\/eshumancapital.com\/es\/\",\"logo\":{\"@type\":\"ImageObject\",\"inLanguage\":\"es\",\"@id\":\"https:\/\/eshumancapital.com\/es\/#\/schema\/logo\/image\/\",\"url\":\"https:\/\/eshumancapital.com\/wp-content\/uploads\/2020\/08\/logotipo-web.png\",\"contentUrl\":\"https:\/\/eshumancapital.com\/wp-content\/uploads\/2020\/08\/logotipo-web.png\",\"width\":235,\"height\":114,\"caption\":\"Engineers Sourcing - Headhunter\"},\"image\":{\"@id\":\"https:\/\/eshumancapital.com\/es\/#\/schema\/logo\/image\/\"}}]}<\/script>\n<!-- \/ Yoast SEO plugin. -->","yoast_head_json":{"title":"Enviar Curriculum - Engineers Sourcing - Headhunter","robots":{"index":"index","follow":"follow","max-snippet":"max-snippet:-1","max-image-preview":"max-image-preview:large","max-video-preview":"max-video-preview:-1"},"canonical":"https:\/\/eshumancapital.com\/es\/enviar-curriculum\/","og_locale":"es_ES","og_type":"article","og_title":"Enviar Curriculum - Engineers Sourcing - Headhunter","og_url":"https:\/\/eshumancapital.com\/es\/enviar-curriculum\/","og_site_name":"Engineers Sourcing - Headhunter","article_modified_time":"2020-11-29T22:07:46+00:00","twitter_card":"summary_large_image","schema":{"@context":"https:\/\/schema.org","@graph":[{"@type":"WebPage","@id":"https:\/\/eshumancapital.com\/es\/enviar-curriculum\/","url":"https:\/\/eshumancapital.com\/es\/enviar-curriculum\/","name":"Enviar Curriculum - Engineers Sourcing - Headhunter","isPartOf":{"@id":"https:\/\/eshumancapital.com\/es\/#website"},"datePublished":"2020-09-06T10:48:47+00:00","dateModified":"2020-11-29T22:07:46+00:00","breadcrumb":{"@id":"https:\/\/eshumancapital.com\/es\/enviar-curriculum\/#breadcrumb"},"inLanguage":"es","potentialAction":[{"@type":"ReadAction","target":["https:\/\/eshumancapital.com\/es\/enviar-curriculum\/"]}]},{"@type":"BreadcrumbList","@id":"https:\/\/eshumancapital.com\/es\/enviar-curriculum\/#breadcrumb","itemListElement":[{"@type":"ListItem","position":1,"name":"Portada","item":"https:\/\/eshumancapital.com\/es\/"},{"@type":"ListItem","position":2,"name":"Enviar Curriculum"}]},{"@type":"WebSite","@id":"https:\/\/eshumancapital.com\/es\/#website","url":"https:\/\/eshumancapital.com\/es\/","name":"Engineers Sourcing - Headhunter","description":"Servicios de Headhunter, Outplacement y Recruiting. Buscamos talento como el tuyo","publisher":{"@id":"https:\/\/eshumancapital.com\/es\/#organization"},"potentialAction":[{"@type":"SearchAction","target":{"@type":"EntryPoint","urlTemplate":"https:\/\/eshumancapital.com\/es\/?s={search_term_string}"},"query-input":{"@type":"PropertyValueSpecification","valueRequired":true,"valueName":"search_term_string"}}],"inLanguage":"es"},{"@type":"Organization","@id":"https:\/\/eshumancapital.com\/es\/#organization","name":"Engineers Sourcing - Headhunter","url":"https:\/\/eshumancapital.com\/es\/","logo":{"@type":"ImageObject","inLanguage":"es","@id":"https:\/\/eshumancapital.com\/es\/#\/schema\/logo\/image\/","url":"https:\/\/eshumancapital.com\/wp-content\/uploads\/2020\/08\/logotipo-web.png","contentUrl":"https:\/\/eshumancapital.com\/wp-content\/uploads\/2020\/08\/logotipo-web.png","width":235,"height":114,"caption":"Engineers Sourcing - Headhunter"},"image":{"@id":"https:\/\/eshumancapital.com\/es\/#\/schema\/logo\/image\/"}}]}},"_links":{"self":[{"href":"https:\/\/eshumancapital.com\/es\/wp-json\/wp\/v2\/pages\/629","targetHints":{"allow":["GET"]}}],"collection":[{"href":"https:\/\/eshumancapital.com\/es\/wp-json\/wp\/v2\/pages"}],"about":[{"href":"https:\/\/eshumancapital.com\/es\/wp-json\/wp\/v2\/types\/page"}],"author":[{"embeddable":true,"href":"https:\/\/eshumancapital.com\/es\/wp-json\/wp\/v2\/users\/2"}],"replies":[{"embeddable":true,"href":"https:\/\/eshumancapital.com\/es\/wp-json\/wp\/v2\/comments?post=629"}],"version-history":[{"count":17,"href":"https:\/\/eshumancapital.com\/es\/wp-json\/wp\/v2\/pages\/629\/revisions"}],"predecessor-version":[{"id":1942,"href":"https:\/\/eshumancapital.com\/es\/wp-json\/wp\/v2\/pages\/629\/revisions\/1942"}],"wp:attachment":[{"href":"https:\/\/eshumancapital.com\/es\/wp-json\/wp\/v2\/media?parent=629"}],"curies":[{"name":"wp","href":"https:\/\/api.w.org\/{rel}","templated":true}]}}