{"id":601,"date":"2020-09-06T09:24:40","date_gmt":"2020-09-06T09:24:40","guid":{"rendered":"https:\/\/eshumancapital.com\/?page_id=601"},"modified":"2025-01-07T16:19:40","modified_gmt":"2025-01-07T16:19:40","slug":"outplacement","status":"publish","type":"page","link":"https:\/\/eshumancapital.com\/es\/servicios\/outplacement\/","title":{"rendered":"Outplacement"},"content":{"rendered":"\n<div class=\"wp-block-group alignfull\"><div class=\"wp-block-group__inner-container is-layout-flow wp-block-group-is-layout-flow\">\n<div style=\"height:30px\" aria-hidden=\"true\" class=\"wp-block-spacer\"><\/div>\n\n\n\n<div class=\"wp-block-columns alignwide is-layout-flex wp-container-core-columns-is-layout-9d6595d7 wp-block-columns-is-layout-flex\">\n<div class=\"wp-block-column columna-version-movil is-layout-flow wp-block-column-is-layout-flow\" style=\"flex-basis:15%\">\n<p><\/p>\n<\/div>\n\n\n\n<div class=\"wp-block-column is-vertically-aligned-center columna-central-movil is-layout-flow wp-block-column-is-layout-flow\" style=\"flex-basis:70%\">\n<h2 class=\"wp-block-heading has-text-align-center h2-home has-text-color\" style=\"color:#edddb5\">\u00bfDEBES PRESCINDIR DE ALGUNO DE TUS PROFESIONALES?<\/h2>\n\n\n\n<h2 class=\"wp-block-heading has-text-align-center h2-home has-text-color\" style=\"color:#edddb5\">Nosotros podemos reubicarlo<\/h2>\n\n\n\n<hr class=\"wp-block-separator has-text-color has-css-opacity has-background is-style-wide hr-servicios\" style=\"background-color:#c0a151;color:#c0a151\"\/>\n\n\n\n<p class=\"has-text-align-center\">Ofrecemos servicio de recolocaci\u00f3n de sus mejores profesionales que por diversas circunstancias eventuales del mercado se hayan tenido que desprender de ellos, les asesoramos y acompa\u00f1amos&nbsp; en la b\u00fasqueda laboral.<\/p>\n\n\n\n<div style=\"height:30px\" aria-hidden=\"true\" class=\"wp-block-spacer\"><\/div>\n<\/div>\n\n\n\n<div class=\"wp-block-column columna-version-movil is-layout-flow wp-block-column-is-layout-flow\" style=\"flex-basis:15%\"><\/div>\n<\/div>\n\n\n\n<div class=\"wp-block-columns is-layout-flex wp-container-core-columns-is-layout-9d6595d7 wp-block-columns-is-layout-flex\">\n<div class=\"wp-block-column is-layout-flow wp-block-column-is-layout-flow\" style=\"flex-basis:40%\"><div class=\"wp-block-image\">\n<figure class=\"alignleft size-large\"><img fetchpriority=\"high\" decoding=\"async\" width=\"920\" height=\"550\" src=\"https:\/\/eshumancapital.com\/wp-content\/uploads\/2020\/09\/ES-Human-Capital-reclitamiento-de-talentos-2.png\" alt=\"\" class=\"wp-image-710\" srcset=\"https:\/\/eshumancapital.com\/wp-content\/uploads\/2020\/09\/ES-Human-Capital-reclitamiento-de-talentos-2.png 920w, https:\/\/eshumancapital.com\/wp-content\/uploads\/2020\/09\/ES-Human-Capital-reclitamiento-de-talentos-2-300x179.png 300w, https:\/\/eshumancapital.com\/wp-content\/uploads\/2020\/09\/ES-Human-Capital-reclitamiento-de-talentos-2-768x459.png 768w\" sizes=\"(max-width: 920px) 100vw, 920px\" \/><\/figure>\n<\/div><\/div>\n\n\n\n<div class=\"wp-block-column is-layout-flow wp-block-column-is-layout-flow\" style=\"flex-basis:60%\">\n<div style=\"height:20px\" aria-hidden=\"true\" class=\"wp-block-spacer\"><\/div>\n\n\n\n<h3 class=\"wp-block-heading has-text-align-left\"><strong><strong>Beneficios para la empresa<\/strong><\/strong><\/h3>\n\n\n\n<ul class=\"wp-block-list\">\n<li>Facilitar la atracci\u00f3n del talento, posicionarse como un generador de desarrollo profesional.&nbsp;<\/li>\n\n\n\n<li>Incorporarse al mundo de la colaboraci\u00f3n creando&nbsp;un verdadero c\u00edrculo de contactos.<\/li>\n\n\n\n<li>Dotar de coherencia a las pol\u00edticas de sostenibilidad, diversidad&nbsp;e&nbsp;igualdad con&nbsp;el bienestar de las personas.&nbsp;<\/li>\n\n\n\n<li>Anteponer el futuro profesional a los conflictos econ\u00f3micos.&nbsp;&nbsp;<\/li>\n<\/ul>\n<\/div>\n<\/div>\n\n\n\n<div class=\"wp-block-columns is-layout-flex wp-container-core-columns-is-layout-9d6595d7 wp-block-columns-is-layout-flex\">\n<div class=\"wp-block-column is-layout-flow wp-block-column-is-layout-flow\" style=\"flex-basis:40%\"><div class=\"wp-block-image\">\n<figure class=\"alignleft size-large\"><img decoding=\"async\" width=\"920\" height=\"550\" src=\"https:\/\/eshumancapital.com\/wp-content\/uploads\/2020\/09\/ES-Human-Capital-reclitamiento-de-talentos-9.png\" alt=\"\" class=\"wp-image-711\" srcset=\"https:\/\/eshumancapital.com\/wp-content\/uploads\/2020\/09\/ES-Human-Capital-reclitamiento-de-talentos-9.png 920w, https:\/\/eshumancapital.com\/wp-content\/uploads\/2020\/09\/ES-Human-Capital-reclitamiento-de-talentos-9-300x179.png 300w, https:\/\/eshumancapital.com\/wp-content\/uploads\/2020\/09\/ES-Human-Capital-reclitamiento-de-talentos-9-768x459.png 768w\" sizes=\"(max-width: 920px) 100vw, 920px\" \/><\/figure>\n<\/div><\/div>\n\n\n\n<div class=\"wp-block-column is-layout-flow wp-block-column-is-layout-flow\" style=\"flex-basis:60%\">\n<div style=\"height:20px\" aria-hidden=\"true\" class=\"wp-block-spacer\"><\/div>\n\n\n\n<h3 class=\"wp-block-heading has-text-align-left\"><strong><strong>Beneficios para el trabajador<\/strong><\/strong><\/h3>\n\n\n\n<ul class=\"wp-block-list\">\n<li>Adquirir la habilidad de gestionar eficientemente la carrera profesional, a trav\u00e9s de profesionales expertos .<\/li>\n\n\n\n<li>Desarrollo de la huella y la marca personal. Ampl\u00eda tu&nbsp;networking.<\/li>\n\n\n\n<li>Reducir el impacto en el entorno familiar y&nbsp;social mediante un soporte constante y profesional.<\/li>\n\n\n\n<li>Focalizarse en el futuro, generando el mejor&nbsp;plan&nbsp;posible de carrera profesional para hoy y para los pr\u00f3ximos a\u00f1os.&nbsp;<\/li>\n<\/ul>\n<\/div>\n<\/div>\n\n\n\n<div style=\"height:47px\" aria-hidden=\"true\" class=\"wp-block-spacer\"><\/div>\n\n\n\n<p><\/p>\n<\/div><\/div>\n\n\n\n<div class=\"wp-block-group alignfull has-background\" style=\"background-color:#f7f3ea\"><div class=\"wp-block-group__inner-container is-layout-flow wp-block-group-is-layout-flow\">\n<div style=\"height:50px\" aria-hidden=\"true\" class=\"wp-block-spacer\"><\/div>\n\n\n\n<div class=\"wp-block-columns is-layout-flex wp-container-core-columns-is-layout-9d6595d7 wp-block-columns-is-layout-flex\">\n<div class=\"wp-block-column is-layout-flow wp-block-column-is-layout-flow\" style=\"flex-basis:25%\"><\/div>\n\n\n\n<div class=\"wp-block-column is-layout-flow wp-block-column-is-layout-flow\" style=\"flex-basis:70%\">\n<h2 class=\"wp-block-heading has-text-align-center\"><strong>Caracter\u00edsticas del sector<\/strong><\/h2>\n\n\n\n<p class=\"has-text-align-center\">Ofrecemos este servicio a nuestros clientes, y brindamos apoyo a los profesionales que por circunstancias del mercado deben abandonar su puesto de trabajo.<\/p>\n<\/div>\n\n\n\n<div class=\"wp-block-column is-layout-flow wp-block-column-is-layout-flow\" style=\"flex-basis:25%\"><\/div>\n<\/div>\n\n\n\n<div class=\"wp-block-columns are-vertically-aligned-top interior-texto is-layout-flex wp-container-core-columns-is-layout-9d6595d7 wp-block-columns-is-layout-flex\">\n<div class=\"wp-block-column is-vertically-aligned-top is-layout-flow wp-block-column-is-layout-flow\" style=\"flex-basis:33%\">\n<div style=\"height:20px\" aria-hidden=\"true\" class=\"wp-block-spacer\"><\/div>\n\n\n<div class=\"wp-block-image\">\n<figure class=\"aligncenter size-large is-resized\"><img decoding=\"async\" width=\"300\" height=\"300\" src=\"https:\/\/eshumancapital.com\/wp-content\/uploads\/2020\/09\/ES-Human-Capital-icono-11.png\" alt=\"\" class=\"wp-image-715\" style=\"width:75px;height:75px\" srcset=\"https:\/\/eshumancapital.com\/wp-content\/uploads\/2020\/09\/ES-Human-Capital-icono-11.png 300w, https:\/\/eshumancapital.com\/wp-content\/uploads\/2020\/09\/ES-Human-Capital-icono-11-150x150.png 150w\" sizes=\"(max-width: 300px) 100vw, 300px\" \/><\/figure>\n<\/div>\n\n\n<h3 class=\"wp-block-heading has-text-align-center has-text-color\" style=\"color:#cfa64e\"><strong>Duraci\u00f3n del servicio<\/strong><\/h3>\n\n\n\n<p class=\"has-text-align-center\">Por lo general el servicio de Outplacement es de seis meses por candidato.<\/p>\n<\/div>\n\n\n\n<div class=\"wp-block-column is-vertically-aligned-top is-layout-flow wp-block-column-is-layout-flow\" style=\"flex-basis:33%\">\n<div style=\"height:20px\" aria-hidden=\"true\" class=\"wp-block-spacer\"><\/div>\n\n\n<div class=\"wp-block-image\">\n<figure class=\"aligncenter size-large is-resized\"><img loading=\"lazy\" decoding=\"async\" width=\"300\" height=\"300\" src=\"https:\/\/eshumancapital.com\/wp-content\/uploads\/2020\/09\/ES-Human-Capital-icono-9.png\" alt=\"\" class=\"wp-image-713\" style=\"width:75px;height:75px\" srcset=\"https:\/\/eshumancapital.com\/wp-content\/uploads\/2020\/09\/ES-Human-Capital-icono-9.png 300w, https:\/\/eshumancapital.com\/wp-content\/uploads\/2020\/09\/ES-Human-Capital-icono-9-150x150.png 150w\" sizes=\"(max-width: 300px) 100vw, 300px\" \/><\/figure>\n<\/div>\n\n\n<h3 class=\"wp-block-heading has-text-align-center has-text-color\" style=\"color:#cfa64e\"><strong>Coste total <\/strong><\/h3>\n\n\n\n<p class=\"has-text-align-center\">Un coste muy competitivo por unos servicios de recolocaci\u00f3n impecables.<\/p>\n<\/div>\n\n\n\n<div class=\"wp-block-column is-vertically-aligned-top is-layout-flow wp-block-column-is-layout-flow\" style=\"flex-basis:33%\">\n<div style=\"height:20px\" aria-hidden=\"true\" class=\"wp-block-spacer\"><\/div>\n\n\n<div class=\"wp-block-image\">\n<figure class=\"aligncenter size-large is-resized\"><img loading=\"lazy\" decoding=\"async\" width=\"300\" height=\"300\" src=\"https:\/\/eshumancapital.com\/wp-content\/uploads\/2020\/09\/ES-Human-Capital-icono-10.png\" alt=\"\" class=\"wp-image-714\" style=\"width:75px;height:75px\" srcset=\"https:\/\/eshumancapital.com\/wp-content\/uploads\/2020\/09\/ES-Human-Capital-icono-10.png 300w, https:\/\/eshumancapital.com\/wp-content\/uploads\/2020\/09\/ES-Human-Capital-icono-10-150x150.png 150w\" sizes=\"(max-width: 300px) 100vw, 300px\" \/><\/figure>\n<\/div>\n\n\n<h3 class=\"wp-block-heading has-text-align-center has-text-color\" style=\"color:#cfa64e\"><strong>Qu\u00e9 incluye el servicio<\/strong><\/h3>\n\n\n\n<ul class=\"wp-block-list\">\n<li>Actualizaci\u00f3n de CV conforme a mercado.<\/li>\n\n\n\n<li>Red de contactos.<\/li>\n\n\n\n<li>Acompa\u00f1amiento psicol\u00f3gico.<\/li>\n<\/ul>\n<\/div>\n<\/div>\n\n\n\n<div style=\"height:22px\" aria-hidden=\"true\" class=\"wp-block-spacer\"><\/div>\n\n\n\n<div class=\"wp-block-buttons is-horizontal is-content-justification-center is-layout-flex wp-container-core-buttons-is-layout-499968f5 wp-block-buttons-is-layout-flex\">\n<div class=\"wp-block-button\"><a class=\"wp-block-button__link wp-element-button\" href=\"https:\/\/eshumancapital.com\/wp-content\/uploads\/2021\/11\/outplacement-Engineers-Sourcing_esp-1.pdf\" style=\"border-radius:3px\">M\u00e1s Informaci\u00f3n<\/a><\/div>\n<\/div>\n\n\n\n<div style=\"height:70px\" aria-hidden=\"true\" class=\"wp-block-spacer\"><\/div>\n\n\n\n<div style=\"height:30px\" aria-hidden=\"true\" class=\"wp-block-spacer\"><\/div>\n<\/div><\/div>\n\n\n\n<div class=\"wp-block-group alignwide\"><div class=\"wp-block-group__inner-container is-layout-flow wp-block-group-is-layout-flow\">\n<div class=\"wp-block-columns alignwide borde-headhunter is-layout-flex wp-container-core-columns-is-layout-9d6595d7 wp-block-columns-is-layout-flex\">\n<div class=\"wp-block-column is-vertically-aligned-top columna-color is-layout-flow wp-block-column-is-layout-flow\" style=\"flex-basis:33.33%\">\n<div style=\"height:20px\" aria-hidden=\"true\" class=\"wp-block-spacer\"><\/div>\n\n\n\n<div style=\"height:109px\" aria-hidden=\"true\" class=\"wp-block-spacer\"><\/div>\n\n\n\n<h2 class=\"wp-block-heading\">\u00bf<strong>Necesitas nuestro servicio Outplacement<\/strong>?<\/h2>\n\n\n\n<div style=\"height:107px\" aria-hidden=\"true\" class=\"wp-block-spacer\"><\/div>\n<\/div>\n\n\n\n<div class=\"wp-block-column is-layout-flow wp-block-column-is-layout-flow\" style=\"flex-basis:66.66%\">\n<div style=\"height:55px\" aria-hidden=\"true\" class=\"wp-block-spacer\"><\/div>\n\n\n\n<div class=\"wp-block-columns is-layout-flex wp-container-core-columns-is-layout-9d6595d7 wp-block-columns-is-layout-flex\">\n<div class=\"wp-block-column is-vertically-aligned-top paddin-columna-headhunter is-layout-flow wp-block-column-is-layout-flow\">\n<p>Trabajamos continuamente en la actualizaci\u00f3n de bases de datos de los mejores candidatos, as\u00ed como puestos de trabajo dentro del sector. Si tu empresa quiere mantener un contacto \u00edntegro con sus mejores talentos, este servicio es para ti. <\/p>\n\n\n\n<p>En Engineers Sourcing colaboramos con reconocidos <strong>\r\n\t<a class=\"paoc-popup-click paoc-popup-cust-12903 paoc-popup-simple_link paoc-popup-link\" href=\"javascript:void(0);\">especialistas<\/a>\r\n\r\n<\/strong> en el \u00e1mbito del coaching.<\/p>\n\n\n\n<div class=\"wp-block-buttons is-layout-flex wp-block-buttons-is-layout-flex\">\n<div class=\"wp-block-button\"><a class=\"wp-block-button__link wp-element-button\" href=\"https:\/\/eshumancapital.com\/contactar\/\" style=\"border-radius:3px\">Solicita informaci\u00f3n sobre nuestros planes<\/a><\/div>\n\n\n\n<div class=\"wp-block-button\"><a class=\"wp-block-button__link wp-element-button\" href=\"https:\/\/formacion.eshumancapital.com\/\" style=\"border-radius:3px\">Inscr\u00edbete y accede a nuestra plataforma de formaci\u00f3n <\/a><\/div>\n<\/div>\n<\/div>\n<\/div>\n<\/div>\n<\/div>\n<\/div><\/div>\n\n\n<div class=\"gb-container gb-container-56a8e2a9\">\n<div class=\"gb-container gb-container-a6260063\">\n<div class=\"gb-container gb-container-e8e7bd6b\">\n<div class=\"gb-container gb-container-a72ffc87\">\n<div class=\"gb-container gb-container-29e1a379\">\n<div class=\"gb-container gb-container-ea3807b7\">\n<div class=\"gb-container gb-container-251d75da\"><\/div>\n<\/div>\n<\/div>\n<\/div>\n<\/div>\n<\/div>\n<\/div>\n\n<div class=\"gb-container gb-container-7c6445c7\"><\/div>\n\n\n<p><\/p>\n","protected":false},"excerpt":{"rendered":"","protected":false},"author":2,"featured_media":0,"parent":543,"menu_order":0,"comment_status":"closed","ping_status":"closed","template":"","meta":{"footnotes":""},"class_list":{"0":"post-601","1":"page","2":"type-page","3":"status-publish","5":"infinite-scroll-item"},"yoast_head":"<!-- This site is optimized with the Yoast SEO plugin v27.1.1 - https:\/\/yoast.com\/product\/yoast-seo-wordpress\/ -->\n<title>Outplacement - Engineers Sourcing - Headhunter<\/title>\n<meta name=\"robots\" content=\"index, follow, max-snippet:-1, max-image-preview:large, max-video-preview:-1\" \/>\n<link rel=\"canonical\" href=\"https:\/\/eshumancapital.com\/es\/servicios\/outplacement\/\" \/>\n<meta property=\"og:locale\" content=\"es_ES\" \/>\n<meta property=\"og:type\" content=\"article\" \/>\n<meta property=\"og:title\" content=\"Outplacement - Engineers Sourcing - Headhunter\" \/>\n<meta property=\"og:url\" content=\"https:\/\/eshumancapital.com\/es\/servicios\/outplacement\/\" \/>\n<meta property=\"og:site_name\" content=\"Engineers Sourcing - Headhunter\" \/>\n<meta property=\"article:modified_time\" content=\"2025-01-07T16:19:40+00:00\" \/>\n<meta property=\"og:image\" content=\"https:\/\/eshumancapital.com\/wp-content\/uploads\/2020\/09\/ES-Human-Capital-reclitamiento-de-talentos-2.png\" \/>\n\t<meta property=\"og:image:width\" content=\"920\" \/>\n\t<meta property=\"og:image:height\" content=\"550\" \/>\n\t<meta property=\"og:image:type\" content=\"image\/png\" \/>\n<meta name=\"twitter:card\" content=\"summary_large_image\" \/>\n<meta name=\"twitter:label1\" content=\"Tiempo de lectura\" \/>\n\t<meta name=\"twitter:data1\" content=\"3 minutos\" \/>\n<script type=\"application\/ld+json\" class=\"yoast-schema-graph\">{\"@context\":\"https:\/\/schema.org\",\"@graph\":[{\"@type\":\"WebPage\",\"@id\":\"https:\/\/eshumancapital.com\/es\/servicios\/outplacement\/\",\"url\":\"https:\/\/eshumancapital.com\/es\/servicios\/outplacement\/\",\"name\":\"Outplacement - Engineers Sourcing - Headhunter\",\"isPartOf\":{\"@id\":\"https:\/\/eshumancapital.com\/es\/#website\"},\"primaryImageOfPage\":{\"@id\":\"https:\/\/eshumancapital.com\/es\/servicios\/outplacement\/#primaryimage\"},\"image\":{\"@id\":\"https:\/\/eshumancapital.com\/es\/servicios\/outplacement\/#primaryimage\"},\"thumbnailUrl\":\"https:\/\/eshumancapital.com\/wp-content\/uploads\/2020\/09\/ES-Human-Capital-reclitamiento-de-talentos-2.png\",\"datePublished\":\"2020-09-06T09:24:40+00:00\",\"dateModified\":\"2025-01-07T16:19:40+00:00\",\"breadcrumb\":{\"@id\":\"https:\/\/eshumancapital.com\/es\/servicios\/outplacement\/#breadcrumb\"},\"inLanguage\":\"es\",\"potentialAction\":[{\"@type\":\"ReadAction\",\"target\":[\"https:\/\/eshumancapital.com\/es\/servicios\/outplacement\/\"]}]},{\"@type\":\"ImageObject\",\"inLanguage\":\"es\",\"@id\":\"https:\/\/eshumancapital.com\/es\/servicios\/outplacement\/#primaryimage\",\"url\":\"https:\/\/eshumancapital.com\/wp-content\/uploads\/2020\/09\/ES-Human-Capital-reclitamiento-de-talentos-2.png\",\"contentUrl\":\"https:\/\/eshumancapital.com\/wp-content\/uploads\/2020\/09\/ES-Human-Capital-reclitamiento-de-talentos-2.png\"},{\"@type\":\"BreadcrumbList\",\"@id\":\"https:\/\/eshumancapital.com\/es\/servicios\/outplacement\/#breadcrumb\",\"itemListElement\":[{\"@type\":\"ListItem\",\"position\":1,\"name\":\"Portada\",\"item\":\"https:\/\/eshumancapital.com\/es\/\"},{\"@type\":\"ListItem\",\"position\":2,\"name\":\"Servicios de Headhunter, Outplacement y Recruiting\",\"item\":\"https:\/\/eshumancapital.com\/es\/servicios\/\"},{\"@type\":\"ListItem\",\"position\":3,\"name\":\"Outplacement\"}]},{\"@type\":\"WebSite\",\"@id\":\"https:\/\/eshumancapital.com\/es\/#website\",\"url\":\"https:\/\/eshumancapital.com\/es\/\",\"name\":\"Engineers Sourcing - Headhunter\",\"description\":\"Servicios de Headhunter, Outplacement y Recruiting. Buscamos talento como el tuyo\",\"publisher\":{\"@id\":\"https:\/\/eshumancapital.com\/es\/#organization\"},\"potentialAction\":[{\"@type\":\"SearchAction\",\"target\":{\"@type\":\"EntryPoint\",\"urlTemplate\":\"https:\/\/eshumancapital.com\/es\/?s={search_term_string}\"},\"query-input\":{\"@type\":\"PropertyValueSpecification\",\"valueRequired\":true,\"valueName\":\"search_term_string\"}}],\"inLanguage\":\"es\"},{\"@type\":\"Organization\",\"@id\":\"https:\/\/eshumancapital.com\/es\/#organization\",\"name\":\"Engineers Sourcing - Headhunter\",\"url\":\"https:\/\/eshumancapital.com\/es\/\",\"logo\":{\"@type\":\"ImageObject\",\"inLanguage\":\"es\",\"@id\":\"https:\/\/eshumancapital.com\/es\/#\/schema\/logo\/image\/\",\"url\":\"https:\/\/eshumancapital.com\/wp-content\/uploads\/2020\/08\/logotipo-web.png\",\"contentUrl\":\"https:\/\/eshumancapital.com\/wp-content\/uploads\/2020\/08\/logotipo-web.png\",\"width\":235,\"height\":114,\"caption\":\"Engineers Sourcing - Headhunter\"},\"image\":{\"@id\":\"https:\/\/eshumancapital.com\/es\/#\/schema\/logo\/image\/\"}}]}<\/script>\n<!-- \/ Yoast SEO plugin. -->","yoast_head_json":{"title":"Outplacement - Engineers Sourcing - Headhunter","robots":{"index":"index","follow":"follow","max-snippet":"max-snippet:-1","max-image-preview":"max-image-preview:large","max-video-preview":"max-video-preview:-1"},"canonical":"https:\/\/eshumancapital.com\/es\/servicios\/outplacement\/","og_locale":"es_ES","og_type":"article","og_title":"Outplacement - Engineers Sourcing - Headhunter","og_url":"https:\/\/eshumancapital.com\/es\/servicios\/outplacement\/","og_site_name":"Engineers Sourcing - Headhunter","article_modified_time":"2025-01-07T16:19:40+00:00","og_image":[{"width":920,"height":550,"url":"https:\/\/eshumancapital.com\/wp-content\/uploads\/2020\/09\/ES-Human-Capital-reclitamiento-de-talentos-2.png","type":"image\/png"}],"twitter_card":"summary_large_image","twitter_misc":{"Tiempo de lectura":"3 minutos"},"schema":{"@context":"https:\/\/schema.org","@graph":[{"@type":"WebPage","@id":"https:\/\/eshumancapital.com\/es\/servicios\/outplacement\/","url":"https:\/\/eshumancapital.com\/es\/servicios\/outplacement\/","name":"Outplacement - Engineers Sourcing - Headhunter","isPartOf":{"@id":"https:\/\/eshumancapital.com\/es\/#website"},"primaryImageOfPage":{"@id":"https:\/\/eshumancapital.com\/es\/servicios\/outplacement\/#primaryimage"},"image":{"@id":"https:\/\/eshumancapital.com\/es\/servicios\/outplacement\/#primaryimage"},"thumbnailUrl":"https:\/\/eshumancapital.com\/wp-content\/uploads\/2020\/09\/ES-Human-Capital-reclitamiento-de-talentos-2.png","datePublished":"2020-09-06T09:24:40+00:00","dateModified":"2025-01-07T16:19:40+00:00","breadcrumb":{"@id":"https:\/\/eshumancapital.com\/es\/servicios\/outplacement\/#breadcrumb"},"inLanguage":"es","potentialAction":[{"@type":"ReadAction","target":["https:\/\/eshumancapital.com\/es\/servicios\/outplacement\/"]}]},{"@type":"ImageObject","inLanguage":"es","@id":"https:\/\/eshumancapital.com\/es\/servicios\/outplacement\/#primaryimage","url":"https:\/\/eshumancapital.com\/wp-content\/uploads\/2020\/09\/ES-Human-Capital-reclitamiento-de-talentos-2.png","contentUrl":"https:\/\/eshumancapital.com\/wp-content\/uploads\/2020\/09\/ES-Human-Capital-reclitamiento-de-talentos-2.png"},{"@type":"BreadcrumbList","@id":"https:\/\/eshumancapital.com\/es\/servicios\/outplacement\/#breadcrumb","itemListElement":[{"@type":"ListItem","position":1,"name":"Portada","item":"https:\/\/eshumancapital.com\/es\/"},{"@type":"ListItem","position":2,"name":"Servicios de Headhunter, Outplacement y Recruiting","item":"https:\/\/eshumancapital.com\/es\/servicios\/"},{"@type":"ListItem","position":3,"name":"Outplacement"}]},{"@type":"WebSite","@id":"https:\/\/eshumancapital.com\/es\/#website","url":"https:\/\/eshumancapital.com\/es\/","name":"Engineers Sourcing - Headhunter","description":"Servicios de Headhunter, Outplacement y Recruiting. Buscamos talento como el tuyo","publisher":{"@id":"https:\/\/eshumancapital.com\/es\/#organization"},"potentialAction":[{"@type":"SearchAction","target":{"@type":"EntryPoint","urlTemplate":"https:\/\/eshumancapital.com\/es\/?s={search_term_string}"},"query-input":{"@type":"PropertyValueSpecification","valueRequired":true,"valueName":"search_term_string"}}],"inLanguage":"es"},{"@type":"Organization","@id":"https:\/\/eshumancapital.com\/es\/#organization","name":"Engineers Sourcing - Headhunter","url":"https:\/\/eshumancapital.com\/es\/","logo":{"@type":"ImageObject","inLanguage":"es","@id":"https:\/\/eshumancapital.com\/es\/#\/schema\/logo\/image\/","url":"https:\/\/eshumancapital.com\/wp-content\/uploads\/2020\/08\/logotipo-web.png","contentUrl":"https:\/\/eshumancapital.com\/wp-content\/uploads\/2020\/08\/logotipo-web.png","width":235,"height":114,"caption":"Engineers Sourcing - Headhunter"},"image":{"@id":"https:\/\/eshumancapital.com\/es\/#\/schema\/logo\/image\/"}}]}},"_links":{"self":[{"href":"https:\/\/eshumancapital.com\/es\/wp-json\/wp\/v2\/pages\/601","targetHints":{"allow":["GET"]}}],"collection":[{"href":"https:\/\/eshumancapital.com\/es\/wp-json\/wp\/v2\/pages"}],"about":[{"href":"https:\/\/eshumancapital.com\/es\/wp-json\/wp\/v2\/types\/page"}],"author":[{"embeddable":true,"href":"https:\/\/eshumancapital.com\/es\/wp-json\/wp\/v2\/users\/2"}],"replies":[{"embeddable":true,"href":"https:\/\/eshumancapital.com\/es\/wp-json\/wp\/v2\/comments?post=601"}],"version-history":[{"count":44,"href":"https:\/\/eshumancapital.com\/es\/wp-json\/wp\/v2\/pages\/601\/revisions"}],"predecessor-version":[{"id":13159,"href":"https:\/\/eshumancapital.com\/es\/wp-json\/wp\/v2\/pages\/601\/revisions\/13159"}],"up":[{"embeddable":true,"href":"https:\/\/eshumancapital.com\/es\/wp-json\/wp\/v2\/pages\/543"}],"wp:attachment":[{"href":"https:\/\/eshumancapital.com\/es\/wp-json\/wp\/v2\/media?parent=601"}],"curies":[{"name":"wp","href":"https:\/\/api.w.org\/{rel}","templated":true}]}}