{"id":13375,"date":"2025-02-10T16:52:55","date_gmt":"2025-02-10T16:52:55","guid":{"rendered":"https:\/\/eshumancapital.com\/?page_id=13375"},"modified":"2025-04-17T07:12:03","modified_gmt":"2025-04-17T07:12:03","slug":"politica-de-privacidad","status":"publish","type":"page","link":"https:\/\/eshumancapital.com\/es\/politica-de-privacidad\/","title":{"rendered":"Pol\u00edtica de privacidad"},"content":{"rendered":"\n<h2 class=\"wp-block-heading\">Pol\u00edtica de privacidad<\/h2>\n\n\n\n<p><strong>1. INFORMACI\u00d3N A LA PERSONA USUARIA<\/strong><\/p>\n\n\n\n<p><strong>Responsable del tratamiento de datos personales<\/strong><\/p>\n\n\n\n<ul class=\"wp-block-list\">\n<li><strong>Entidad responsable:<\/strong> SOURCING ENGINEERS, S.L.<\/li>\n\n\n\n<li><strong>NIF:<\/strong> B09812710<\/li>\n\n\n\n<li><strong>Domicilio:<\/strong> Calle Baracaldo 42, 28029 Madrid<\/li>\n\n\n\n<li><strong>Correo electr\u00f3nico:<\/strong> <a href=\"mailto:info@eshumancapital.com\">info@eshumancapital.com<\/a><\/li>\n<\/ul>\n\n\n\n<p><strong>Finalidades del tratamiento de los datos personales<\/strong><\/p>\n\n\n\n<p>Los datos personales facilitados a trav\u00e9s de los formularios de contacto de nuestra web ser\u00e1n tratados de forma confidencial y con las siguientes finalidades:<\/p>\n\n\n\n<ul class=\"wp-block-list\">\n<li><strong>Tramitar encargos, solicitudes o cualquier tipo de petici\u00f3n que sea realizada por la persona usuaria.<\/strong><em><br>(Legitimaci\u00f3n: Inter\u00e9s leg\u00edtimo del responsable, art. 6.1.f GDPR)<\/em><\/li>\n<\/ul>\n\n\n\n<p>Asimismo, los datos personales facilitados mediante el formulario \u201cEnv\u00edanos tu Curr\u00edculum\u201d o los incluidos en las ofertas de empleo publicadas en la web \u2013adem\u00e1s de aquellos remitidos por otros canales con el mismo objetivo\u2013 se tratar\u00e1n de manera confidencial y para:<\/p>\n\n\n\n<ul class=\"wp-block-list\">\n<li><strong>Gestionar las candidaturas y participaci\u00f3n en procesos de selecci\u00f3n:<\/strong> Se administrar\u00e1n los datos para evaluar la incorporaci\u00f3n en procesos de selecci\u00f3n y actividades de reclutamiento.<br><em>(Legitimaci\u00f3n: Consentimiento de la persona interesada, art. 6.1.a GDPR)<\/em><\/li>\n<\/ul>\n\n\n\n<p><strong>Conservaci\u00f3n de los datos personales<\/strong><\/p>\n\n\n\n<ul class=\"wp-block-list\">\n<li><strong>Datos de contacto:<\/strong> Se conservar\u00e1n mientras sean necesarios para la finalidad del tratamiento y, en todo caso, durante el plazo legal aplicable. Posteriormente, se proceder\u00e1 a su eliminaci\u00f3n mediante medidas de seguridad adecuadas.<\/li>\n\n\n\n<li><strong>Datos de candidaturas:<\/strong> Se conservar\u00e1n por un m\u00e1ximo de 1 a\u00f1o desde su recepci\u00f3n, a menos que la persona interesada solicite su mantenimiento o exprese inter\u00e9s en futuras oportunidades.<\/li>\n\n\n\n<li><strong>Actualizaci\u00f3n de datos:<\/strong> En caso de producirse alguna modificaci\u00f3n en sus datos, le rogamos nos lo comunique por escrito lo antes posible, con objeto de mantener sus datos debidamente actualizados.<\/li>\n<\/ul>\n\n\n\n<p><strong>Comunicaci\u00f3n de los datos personales<\/strong><\/p>\n\n\n\n<ul class=\"wp-block-list\">\n<li><strong>Destinatarios y transferencias fuera del EEE en procesos de selecci\u00f3n:<\/strong><br>En caso de ser preseleccionade para una candidatura, los datos personales se facilitar\u00e1n a la empresa cliente encargada del proceso, con el objetivo de gestionar la selecci\u00f3n final e incorporaci\u00f3n. Si dicha empresa se encuentra fuera del Espacio Econ\u00f3mico Europeo (EEE), se podr\u00e1n transferir los datos al pa\u00eds en cuesti\u00f3n, incluso si este no ofrece un nivel de protecci\u00f3n equivalente al europeo. En todo caso, se informar\u00e1 previamente de la identidad de la empresa receptora y del pa\u00eds.<\/li>\n\n\n\n<li><strong>Transferencias fuera del EEE:<\/strong><br>SOURCING ENGINEERS, S.L. aloja datos y realiza videollamadas a trav\u00e9s de Microsoft, ampar\u00e1ndose en el EU-U.S. Data Privacy Framework.<\/li>\n<\/ul>\n\n\n\n<p><strong>Derechos de las personas interesadas<\/strong><\/p>\n\n\n\n<p>Toda persona interesada puede ejercer sus derechos de <strong>acceso, rectificaci\u00f3n, supresi\u00f3n, limitaci\u00f3n del tratamiento, oposici\u00f3n, portabilidad y retirada del consentimiento<\/strong>. Para ello, deber\u00e1 enviar una solicitud a <a href=\"mailto:info@eshumancapital.com\">info@eshumancapital.com<\/a> o por correo postal a: <strong>SOURCING ENGINEERS, S.L. <\/strong>Calle Baracaldo 42, 28029 Madrid.<\/p>\n\n\n\n<p>Si se considera que los tratamientos de datos no se ajustan a la normativa vigente o que derechos no han sido respetados, podr\u00e1 presentar una reclamaci\u00f3n ante la Agencia Espa\u00f1ola de Protecci\u00f3n de Datos (<a href=\"http:\/\/www.aepd.es\/\">www.aepd.es<\/a>).<\/p>\n\n\n\n<p><strong>2. CAR\u00c1CTER OBLIGATORIO O FACULTATIVO DE LOS DATOS FACILITADOS<\/strong><\/p>\n\n\n\n<p>La persona usuaria garantiza que los datos personales proporcionados son veraces y se compromete a comunicar cualquier modificaci\u00f3n. La informaci\u00f3n se\u00f1alada con un asterisco (*) en los formularios es obligatoria para atender la solicitud. En caso de no facilitar dichos datos, no se garantiza una respuesta adecuada.<\/p>\n\n\n\n<p><strong>3. MEDIDAS DE SEGURIDAD<\/strong><\/p>\n\n\n\n<p>SOURCING ENGINEERS, S.L. se compromete a cumplir con el Reglamento General de Protecci\u00f3n de Datos (GDPR) y la Ley Org\u00e1nica de Protecci\u00f3n de Datos Personales y Garant\u00eda de los Derechos Digitales (LOPDGDD), asegurando que los datos personales:<\/p>\n\n\n\n<ul class=\"wp-block-list\">\n<li>Se tratan de forma l\u00edcita, leal y transparente.<\/li>\n\n\n\n<li>Son adecuados, pertinentes y limitados a la finalidad establecida.<\/li>\n\n\n\n<li>Se protegen mediante medidas de seguridad t\u00e9cnicas y organizativas apropiadas.<\/li>\n<\/ul>\n\n\n\n<p>Para cualquier consulta o solicitud de informaci\u00f3n adicional, se puede contactar a trav\u00e9s del correo <a href=\"mailto:info@eshumancapital.com\">info@eshumancapital.com<\/a> o en la direcci\u00f3n postal indicada anteriormente.<\/p>\n","protected":false},"excerpt":{"rendered":"","protected":false},"author":2,"featured_media":0,"parent":0,"menu_order":0,"comment_status":"closed","ping_status":"closed","template":"","meta":{"footnotes":""},"class_list":{"0":"post-13375","1":"page","2":"type-page","3":"status-publish","5":"infinite-scroll-item"},"yoast_head":"<!-- This site is optimized with the Yoast SEO plugin v27.1.1 - https:\/\/yoast.com\/product\/yoast-seo-wordpress\/ -->\n<title>Pol\u00edtica de privacidad - Engineers Sourcing - Headhunter<\/title>\n<meta name=\"robots\" content=\"index, follow, max-snippet:-1, max-image-preview:large, max-video-preview:-1\" \/>\n<link rel=\"canonical\" href=\"https:\/\/eshumancapital.com\/es\/politica-de-privacidad\/\" \/>\n<meta property=\"og:locale\" content=\"es_ES\" \/>\n<meta property=\"og:type\" content=\"article\" \/>\n<meta property=\"og:title\" content=\"Pol\u00edtica de privacidad - Engineers Sourcing - Headhunter\" \/>\n<meta property=\"og:url\" content=\"https:\/\/eshumancapital.com\/es\/politica-de-privacidad\/\" \/>\n<meta property=\"og:site_name\" content=\"Engineers Sourcing - Headhunter\" \/>\n<meta property=\"article:modified_time\" content=\"2025-04-17T07:12:03+00:00\" \/>\n<meta name=\"twitter:card\" content=\"summary_large_image\" \/>\n<meta name=\"twitter:label1\" content=\"Tiempo de lectura\" \/>\n\t<meta name=\"twitter:data1\" content=\"3 minutos\" \/>\n<script type=\"application\/ld+json\" class=\"yoast-schema-graph\">{\"@context\":\"https:\/\/schema.org\",\"@graph\":[{\"@type\":\"WebPage\",\"@id\":\"https:\/\/eshumancapital.com\/es\/politica-de-privacidad\/\",\"url\":\"https:\/\/eshumancapital.com\/es\/politica-de-privacidad\/\",\"name\":\"Pol\u00edtica de privacidad - Engineers Sourcing - Headhunter\",\"isPartOf\":{\"@id\":\"https:\/\/eshumancapital.com\/es\/#website\"},\"datePublished\":\"2025-02-10T16:52:55+00:00\",\"dateModified\":\"2025-04-17T07:12:03+00:00\",\"breadcrumb\":{\"@id\":\"https:\/\/eshumancapital.com\/es\/politica-de-privacidad\/#breadcrumb\"},\"inLanguage\":\"es\",\"potentialAction\":[{\"@type\":\"ReadAction\",\"target\":[\"https:\/\/eshumancapital.com\/es\/politica-de-privacidad\/\"]}]},{\"@type\":\"BreadcrumbList\",\"@id\":\"https:\/\/eshumancapital.com\/es\/politica-de-privacidad\/#breadcrumb\",\"itemListElement\":[{\"@type\":\"ListItem\",\"position\":1,\"name\":\"Portada\",\"item\":\"https:\/\/eshumancapital.com\/es\/\"},{\"@type\":\"ListItem\",\"position\":2,\"name\":\"Pol\u00edtica de privacidad\"}]},{\"@type\":\"WebSite\",\"@id\":\"https:\/\/eshumancapital.com\/es\/#website\",\"url\":\"https:\/\/eshumancapital.com\/es\/\",\"name\":\"Engineers Sourcing - Headhunter\",\"description\":\"Servicios de Headhunter, Outplacement y Recruiting. Buscamos talento como el tuyo\",\"publisher\":{\"@id\":\"https:\/\/eshumancapital.com\/es\/#organization\"},\"potentialAction\":[{\"@type\":\"SearchAction\",\"target\":{\"@type\":\"EntryPoint\",\"urlTemplate\":\"https:\/\/eshumancapital.com\/es\/?s={search_term_string}\"},\"query-input\":{\"@type\":\"PropertyValueSpecification\",\"valueRequired\":true,\"valueName\":\"search_term_string\"}}],\"inLanguage\":\"es\"},{\"@type\":\"Organization\",\"@id\":\"https:\/\/eshumancapital.com\/es\/#organization\",\"name\":\"Engineers Sourcing - Headhunter\",\"url\":\"https:\/\/eshumancapital.com\/es\/\",\"logo\":{\"@type\":\"ImageObject\",\"inLanguage\":\"es\",\"@id\":\"https:\/\/eshumancapital.com\/es\/#\/schema\/logo\/image\/\",\"url\":\"https:\/\/eshumancapital.com\/wp-content\/uploads\/2020\/08\/logotipo-web.png\",\"contentUrl\":\"https:\/\/eshumancapital.com\/wp-content\/uploads\/2020\/08\/logotipo-web.png\",\"width\":235,\"height\":114,\"caption\":\"Engineers Sourcing - Headhunter\"},\"image\":{\"@id\":\"https:\/\/eshumancapital.com\/es\/#\/schema\/logo\/image\/\"}}]}<\/script>\n<!-- \/ Yoast SEO plugin. -->","yoast_head_json":{"title":"Pol\u00edtica de privacidad - Engineers Sourcing - Headhunter","robots":{"index":"index","follow":"follow","max-snippet":"max-snippet:-1","max-image-preview":"max-image-preview:large","max-video-preview":"max-video-preview:-1"},"canonical":"https:\/\/eshumancapital.com\/es\/politica-de-privacidad\/","og_locale":"es_ES","og_type":"article","og_title":"Pol\u00edtica de privacidad - Engineers Sourcing - Headhunter","og_url":"https:\/\/eshumancapital.com\/es\/politica-de-privacidad\/","og_site_name":"Engineers Sourcing - Headhunter","article_modified_time":"2025-04-17T07:12:03+00:00","twitter_card":"summary_large_image","twitter_misc":{"Tiempo de lectura":"3 minutos"},"schema":{"@context":"https:\/\/schema.org","@graph":[{"@type":"WebPage","@id":"https:\/\/eshumancapital.com\/es\/politica-de-privacidad\/","url":"https:\/\/eshumancapital.com\/es\/politica-de-privacidad\/","name":"Pol\u00edtica de privacidad - Engineers Sourcing - Headhunter","isPartOf":{"@id":"https:\/\/eshumancapital.com\/es\/#website"},"datePublished":"2025-02-10T16:52:55+00:00","dateModified":"2025-04-17T07:12:03+00:00","breadcrumb":{"@id":"https:\/\/eshumancapital.com\/es\/politica-de-privacidad\/#breadcrumb"},"inLanguage":"es","potentialAction":[{"@type":"ReadAction","target":["https:\/\/eshumancapital.com\/es\/politica-de-privacidad\/"]}]},{"@type":"BreadcrumbList","@id":"https:\/\/eshumancapital.com\/es\/politica-de-privacidad\/#breadcrumb","itemListElement":[{"@type":"ListItem","position":1,"name":"Portada","item":"https:\/\/eshumancapital.com\/es\/"},{"@type":"ListItem","position":2,"name":"Pol\u00edtica de privacidad"}]},{"@type":"WebSite","@id":"https:\/\/eshumancapital.com\/es\/#website","url":"https:\/\/eshumancapital.com\/es\/","name":"Engineers Sourcing - Headhunter","description":"Servicios de Headhunter, Outplacement y Recruiting. Buscamos talento como el tuyo","publisher":{"@id":"https:\/\/eshumancapital.com\/es\/#organization"},"potentialAction":[{"@type":"SearchAction","target":{"@type":"EntryPoint","urlTemplate":"https:\/\/eshumancapital.com\/es\/?s={search_term_string}"},"query-input":{"@type":"PropertyValueSpecification","valueRequired":true,"valueName":"search_term_string"}}],"inLanguage":"es"},{"@type":"Organization","@id":"https:\/\/eshumancapital.com\/es\/#organization","name":"Engineers Sourcing - Headhunter","url":"https:\/\/eshumancapital.com\/es\/","logo":{"@type":"ImageObject","inLanguage":"es","@id":"https:\/\/eshumancapital.com\/es\/#\/schema\/logo\/image\/","url":"https:\/\/eshumancapital.com\/wp-content\/uploads\/2020\/08\/logotipo-web.png","contentUrl":"https:\/\/eshumancapital.com\/wp-content\/uploads\/2020\/08\/logotipo-web.png","width":235,"height":114,"caption":"Engineers Sourcing - Headhunter"},"image":{"@id":"https:\/\/eshumancapital.com\/es\/#\/schema\/logo\/image\/"}}]}},"_links":{"self":[{"href":"https:\/\/eshumancapital.com\/es\/wp-json\/wp\/v2\/pages\/13375","targetHints":{"allow":["GET"]}}],"collection":[{"href":"https:\/\/eshumancapital.com\/es\/wp-json\/wp\/v2\/pages"}],"about":[{"href":"https:\/\/eshumancapital.com\/es\/wp-json\/wp\/v2\/types\/page"}],"author":[{"embeddable":true,"href":"https:\/\/eshumancapital.com\/es\/wp-json\/wp\/v2\/users\/2"}],"replies":[{"embeddable":true,"href":"https:\/\/eshumancapital.com\/es\/wp-json\/wp\/v2\/comments?post=13375"}],"version-history":[{"count":4,"href":"https:\/\/eshumancapital.com\/es\/wp-json\/wp\/v2\/pages\/13375\/revisions"}],"predecessor-version":[{"id":14052,"href":"https:\/\/eshumancapital.com\/es\/wp-json\/wp\/v2\/pages\/13375\/revisions\/14052"}],"wp:attachment":[{"href":"https:\/\/eshumancapital.com\/es\/wp-json\/wp\/v2\/media?parent=13375"}],"curies":[{"name":"wp","href":"https:\/\/api.w.org\/{rel}","templated":true}]}}