{"id":9050,"date":"2024-04-11T10:50:24","date_gmt":"2024-04-11T10:50:24","guid":{"rendered":"https:\/\/eshumancapital.com\/?page_id=9050"},"modified":"2025-01-07T16:25:26","modified_gmt":"2025-01-07T16:25:26","slug":"outplacement","status":"publish","type":"page","link":"https:\/\/eshumancapital.com\/de\/seite-dienstleistungen\/outplacement\/","title":{"rendered":"Outplacement- AL"},"content":{"rendered":"\n<div class=\"wp-block-group alignfull\"><div class=\"wp-block-group__inner-container is-layout-flow wp-block-group-is-layout-flow\">\n<div style=\"height:30px\" aria-hidden=\"true\" class=\"wp-block-spacer\"><\/div>\n\n\n\n<div class=\"wp-block-columns alignwide is-layout-flex wp-container-core-columns-is-layout-9d6595d7 wp-block-columns-is-layout-flex\">\n<div class=\"wp-block-column columna-version-movil is-layout-flow wp-block-column-is-layout-flow\" style=\"flex-basis:15%\">\n<p><\/p>\n<\/div>\n\n\n\n<div class=\"wp-block-column is-vertically-aligned-center columna-central-movil is-layout-flow wp-block-column-is-layout-flow\" style=\"flex-basis:70%\">\n<h2 class=\"wp-block-heading has-text-align-center h2-home has-text-color\" style=\"color:#edddb5\">M\u00dcSSEN SIE AUF EINEN IHRER FACHLEUTE VERZICHTEN?<\/h2>\n\n\n\n<h2 class=\"wp-block-heading has-text-align-center h2-home has-text-color\" style=\"color:#edddb5\">Wir k\u00f6nnen ihn woanders unterbringen.<\/h2>\n\n\n\n<hr class=\"wp-block-separator has-text-color has-css-opacity has-background is-style-wide hr-servicios\" style=\"background-color:#c0a151;color:#c0a151\"\/>\n\n\n\n<p class=\"has-text-align-center\">Wir bieten einen Outplacement-Service f\u00fcr Ihre besten Fachkr\u00e4fte, die aufgrund verschiedener Umst\u00e4nde auf dem Markt entlassen wurden. Wir beraten sie und begleiten sie bei der Arbeitssuche.<\/p>\n\n\n\n<div style=\"height:30px\" aria-hidden=\"true\" class=\"wp-block-spacer\"><\/div>\n<\/div>\n\n\n\n<div class=\"wp-block-column columna-version-movil is-layout-flow wp-block-column-is-layout-flow\" style=\"flex-basis:15%\"><\/div>\n<\/div>\n\n\n\n<div class=\"wp-block-columns is-layout-flex wp-container-core-columns-is-layout-9d6595d7 wp-block-columns-is-layout-flex\">\n<div class=\"wp-block-column is-layout-flow wp-block-column-is-layout-flow\" style=\"flex-basis:40%\"><div class=\"wp-block-image\">\n<figure class=\"alignleft size-large\"><img fetchpriority=\"high\" decoding=\"async\" width=\"920\" height=\"550\" src=\"https:\/\/eshumancapital.com\/wp-content\/uploads\/2020\/09\/ES-Human-Capital-reclitamiento-de-talentos-2.png\" alt=\"\" class=\"wp-image-710\" srcset=\"https:\/\/eshumancapital.com\/wp-content\/uploads\/2020\/09\/ES-Human-Capital-reclitamiento-de-talentos-2.png 920w, https:\/\/eshumancapital.com\/wp-content\/uploads\/2020\/09\/ES-Human-Capital-reclitamiento-de-talentos-2-300x179.png 300w, https:\/\/eshumancapital.com\/wp-content\/uploads\/2020\/09\/ES-Human-Capital-reclitamiento-de-talentos-2-768x459.png 768w\" sizes=\"(max-width: 920px) 100vw, 920px\" \/><\/figure>\n<\/div><\/div>\n\n\n\n<div class=\"wp-block-column is-layout-flow wp-block-column-is-layout-flow\" style=\"flex-basis:60%\">\n<div style=\"height:20px\" aria-hidden=\"true\" class=\"wp-block-spacer\"><\/div>\n\n\n\n<h3 class=\"wp-block-heading has-text-align-left\"><strong><strong>Vorteile f\u00fcr das Unternehmen<\/strong><\/strong><\/h3>\n\n\n\n<ul class=\"wp-block-list\">\n<li>Erleichtern der Anwerbung von Talenten und Positionierung als Impulsgeber f\u00fcr die berufliche Entwicklung.<\/li>\n\n\n\n<li>Einbindung in die Welt der Zusammenarbeit durch die Schaffung eines effektiven Kontaktkreises.<\/li>\n\n\n\n<li>Nachhaltigkeits-, Diversit\u00e4ts- und Gleichstellungspolitik mit dem Wohlergehen der Menschen in Einklang bringen.<\/li>\n\n\n\n<li>Vorrang der beruflichen Zukunft vor wirtschaftlichen Konflikten.<\/li>\n<\/ul>\n<\/div>\n<\/div>\n\n\n\n<div class=\"wp-block-columns is-layout-flex wp-container-core-columns-is-layout-9d6595d7 wp-block-columns-is-layout-flex\">\n<div class=\"wp-block-column is-layout-flow wp-block-column-is-layout-flow\" style=\"flex-basis:40%\"><div class=\"wp-block-image\">\n<figure class=\"alignleft size-large\"><img decoding=\"async\" width=\"920\" height=\"550\" src=\"https:\/\/eshumancapital.com\/wp-content\/uploads\/2020\/09\/ES-Human-Capital-reclitamiento-de-talentos-9.png\" alt=\"\" class=\"wp-image-711\" srcset=\"https:\/\/eshumancapital.com\/wp-content\/uploads\/2020\/09\/ES-Human-Capital-reclitamiento-de-talentos-9.png 920w, https:\/\/eshumancapital.com\/wp-content\/uploads\/2020\/09\/ES-Human-Capital-reclitamiento-de-talentos-9-300x179.png 300w, https:\/\/eshumancapital.com\/wp-content\/uploads\/2020\/09\/ES-Human-Capital-reclitamiento-de-talentos-9-768x459.png 768w\" sizes=\"(max-width: 920px) 100vw, 920px\" \/><\/figure>\n<\/div><\/div>\n\n\n\n<div class=\"wp-block-column is-layout-flow wp-block-column-is-layout-flow\" style=\"flex-basis:60%\">\n<div style=\"height:20px\" aria-hidden=\"true\" class=\"wp-block-spacer\"><\/div>\n\n\n\n<h3 class=\"wp-block-heading has-text-align-left\"><strong><strong>Vorteile f\u00fcr den Arbeitnehmer<\/strong><\/strong><\/h3>\n\n\n\n<ul class=\"wp-block-list\">\n<li>Die F\u00e4higkeit erwerben, die berufliche Laufbahn mit Hilfe von Fachleuten effizient zu gestalten.<\/li>\n\n\n\n<li>Entwicklung des Profils und der pers\u00f6nlichen Marke. Erweitern Sie Ihr Networking.<\/li>\n\n\n\n<li>Verringerung der Auswirkungen auf die Familie und das soziale Umfeld durch konstante und professionelle Unterst\u00fctzung.<\/li>\n\n\n\n<li>Fokussierung auf die Zukunft, um den bestm\u00f6glichen Karriereplan f\u00fcr heute und die kommenden Jahre zu erstellen.<\/li>\n<\/ul>\n<\/div>\n<\/div>\n\n\n\n<div style=\"height:47px\" aria-hidden=\"true\" class=\"wp-block-spacer\"><\/div>\n\n\n\n<p><\/p>\n<\/div><\/div>\n\n\n\n<div class=\"wp-block-group alignfull has-background\" style=\"background-color:#f7f3ea\"><div class=\"wp-block-group__inner-container is-layout-flow wp-block-group-is-layout-flow\">\n<div style=\"height:50px\" aria-hidden=\"true\" class=\"wp-block-spacer\"><\/div>\n\n\n\n<div class=\"wp-block-columns is-layout-flex wp-container-core-columns-is-layout-9d6595d7 wp-block-columns-is-layout-flex\">\n<div class=\"wp-block-column is-layout-flow wp-block-column-is-layout-flow\" style=\"flex-basis:25%\"><\/div>\n\n\n\n<div class=\"wp-block-column is-layout-flow wp-block-column-is-layout-flow\" style=\"flex-basis:70%\">\n<h2 class=\"wp-block-heading has-text-align-center\"><strong>Merkmale des Sektors<\/strong><\/h2>\n\n\n\n<p class=\"has-text-align-center\">Wir bieten unseren Kunden diese Dienstleistung an und unterst\u00fctzen Fachkr\u00e4fte, die aufgrund der Marktlage ihren Arbeitsplatz aufgeben m\u00fcssen.<\/p>\n<\/div>\n\n\n\n<div class=\"wp-block-column is-layout-flow wp-block-column-is-layout-flow\" style=\"flex-basis:25%\"><\/div>\n<\/div>\n\n\n\n<div class=\"wp-block-columns are-vertically-aligned-top interior-texto is-layout-flex wp-container-core-columns-is-layout-9d6595d7 wp-block-columns-is-layout-flex\">\n<div class=\"wp-block-column is-vertically-aligned-top is-layout-flow wp-block-column-is-layout-flow\" style=\"flex-basis:33%\">\n<div style=\"height:20px\" aria-hidden=\"true\" class=\"wp-block-spacer\"><\/div>\n\n\n<div class=\"wp-block-image\">\n<figure class=\"aligncenter size-large is-resized\"><img decoding=\"async\" width=\"300\" height=\"300\" src=\"https:\/\/eshumancapital.com\/wp-content\/uploads\/2020\/09\/ES-Human-Capital-icono-11.png\" alt=\"\" class=\"wp-image-715\" style=\"width:75px;height:75px\" srcset=\"https:\/\/eshumancapital.com\/wp-content\/uploads\/2020\/09\/ES-Human-Capital-icono-11.png 300w, https:\/\/eshumancapital.com\/wp-content\/uploads\/2020\/09\/ES-Human-Capital-icono-11-150x150.png 150w\" sizes=\"(max-width: 300px) 100vw, 300px\" \/><\/figure>\n<\/div>\n\n\n<h3 class=\"wp-block-heading has-text-align-center has-text-color\" style=\"color:#cfa64e\"><strong>Dauer der Dienstleistung<\/strong><\/h3>\n\n\n\n<p class=\"has-text-align-center\">In der Regel dauert die Outplacement-Dienstleistung sechs Monate pro Kandidat.<\/p>\n<\/div>\n\n\n\n<div class=\"wp-block-column is-vertically-aligned-top is-layout-flow wp-block-column-is-layout-flow\" style=\"flex-basis:33%\">\n<div style=\"height:20px\" aria-hidden=\"true\" class=\"wp-block-spacer\"><\/div>\n\n\n<div class=\"wp-block-image\">\n<figure class=\"aligncenter size-large is-resized\"><img loading=\"lazy\" decoding=\"async\" width=\"300\" height=\"300\" src=\"https:\/\/eshumancapital.com\/wp-content\/uploads\/2020\/09\/ES-Human-Capital-icono-9.png\" alt=\"\" class=\"wp-image-713\" style=\"width:75px;height:75px\" srcset=\"https:\/\/eshumancapital.com\/wp-content\/uploads\/2020\/09\/ES-Human-Capital-icono-9.png 300w, https:\/\/eshumancapital.com\/wp-content\/uploads\/2020\/09\/ES-Human-Capital-icono-9-150x150.png 150w\" sizes=\"(max-width: 300px) 100vw, 300px\" \/><\/figure>\n<\/div>\n\n\n<h3 class=\"wp-block-heading has-text-align-center has-text-color\" style=\"color:#cfa64e\"><strong>Gesamtkosten<\/strong><\/h3>\n\n\n\n<p class=\"has-text-align-center\">Ein sehr wettbewerbsf\u00e4higer Preis f\u00fcr einwandfreie Outplacement-Dienstleistungen.<\/p>\n<\/div>\n\n\n\n<div class=\"wp-block-column is-vertically-aligned-top is-layout-flow wp-block-column-is-layout-flow\" style=\"flex-basis:33%\">\n<div style=\"height:20px\" aria-hidden=\"true\" class=\"wp-block-spacer\"><\/div>\n\n\n<div class=\"wp-block-image\">\n<figure class=\"aligncenter size-large is-resized\"><img loading=\"lazy\" decoding=\"async\" width=\"300\" height=\"300\" src=\"https:\/\/eshumancapital.com\/wp-content\/uploads\/2020\/09\/ES-Human-Capital-icono-10.png\" alt=\"\" class=\"wp-image-714\" style=\"width:75px;height:75px\" srcset=\"https:\/\/eshumancapital.com\/wp-content\/uploads\/2020\/09\/ES-Human-Capital-icono-10.png 300w, https:\/\/eshumancapital.com\/wp-content\/uploads\/2020\/09\/ES-Human-Capital-icono-10-150x150.png 150w\" sizes=\"(max-width: 300px) 100vw, 300px\" \/><\/figure>\n<\/div>\n\n\n<h3 class=\"wp-block-heading has-text-align-center has-text-color\" style=\"color:#cfa64e\"><strong>Was der Service beinhaltet<\/strong><\/h3>\n\n\n\n<ul class=\"wp-block-list\">\n<li>Aktualisierung des Lebenslaufs je nach Marktlage.<\/li>\n\n\n\n<li>Netzwerk.<\/li>\n\n\n\n<li>Psychologische Unterst\u00fctzung.<\/li>\n<\/ul>\n<\/div>\n<\/div>\n\n\n\n<div style=\"height:22px\" aria-hidden=\"true\" class=\"wp-block-spacer\"><\/div>\n\n\n\n<div class=\"wp-block-buttons is-horizontal is-content-justification-center is-layout-flex wp-container-core-buttons-is-layout-499968f5 wp-block-buttons-is-layout-flex\">\n<div class=\"wp-block-button\"><a class=\"wp-block-button__link wp-element-button\" href=\"https:\/\/eshumancapital.com\/de\/kontaktseite\/\" style=\"border-radius:3px\">Kontaktieren Sie unser Team<\/a><\/div>\n<\/div>\n\n\n\n<div style=\"height:70px\" aria-hidden=\"true\" class=\"wp-block-spacer\"><\/div>\n\n\n\n<div style=\"height:30px\" aria-hidden=\"true\" class=\"wp-block-spacer\"><\/div>\n<\/div><\/div>\n\n\n\n<div class=\"wp-block-group alignwide\"><div class=\"wp-block-group__inner-container is-layout-flow wp-block-group-is-layout-flow\">\n<div class=\"wp-block-columns alignwide borde-headhunter is-layout-flex wp-container-core-columns-is-layout-9d6595d7 wp-block-columns-is-layout-flex\">\n<div class=\"wp-block-column is-vertically-aligned-top columna-color is-layout-flow wp-block-column-is-layout-flow\" style=\"flex-basis:33.33%\">\n<div style=\"height:20px\" aria-hidden=\"true\" class=\"wp-block-spacer\"><\/div>\n\n\n\n<div style=\"height:83px\" aria-hidden=\"true\" class=\"wp-block-spacer\"><\/div>\n\n\n\n<h2 class=\"wp-block-heading\">Sie brauchen unseren Outplacement-Service<\/h2>\n\n\n\n<div style=\"height:83px\" aria-hidden=\"true\" class=\"wp-block-spacer\"><\/div>\n<\/div>\n\n\n\n<div class=\"wp-block-column is-layout-flow wp-block-column-is-layout-flow\" style=\"flex-basis:66.66%\">\n<div style=\"height:55px\" aria-hidden=\"true\" class=\"wp-block-spacer\"><\/div>\n\n\n\n<div class=\"wp-block-columns is-layout-flex wp-container-core-columns-is-layout-9d6595d7 wp-block-columns-is-layout-flex\">\n<div class=\"wp-block-column is-vertically-aligned-top paddin-columna-headhunter is-layout-flow wp-block-column-is-layout-flow\">\n<p>Wir arbeiten st\u00e4ndig an der Aktualisierung der Datenbanken mit den besten Bewerbern und Jobangeboten des Sektors. Wenn Ihr Unternehmen den Kontakt zu seinen besten Talenten aufrechterhalten m\u00f6chte, ist dieser Service genau das Richtige f\u00fcr Sie.<\/p>\n\n\n\n<div class=\"wp-block-buttons is-layout-flex wp-block-buttons-is-layout-flex\">\n<div class=\"wp-block-button\"><a class=\"wp-block-button__link wp-element-button\" href=\"https:\/\/eshumancapital.com\/de\/kontaktseite\/\" style=\"border-radius:3px\">Informationen \u00fcber unsere Pl\u00e4ne anfordern<\/a><\/div>\n\n\n\n<div class=\"wp-block-button\"><a class=\"wp-block-button__link wp-element-button\" href=\"https:\/\/formacion.eshumancapital.com\/?lang=en\" style=\"border-radius:3px\">Registrieren und Zugang zu unserer Schulungsplattform<\/a><\/div>\n<\/div>\n<\/div>\n<\/div>\n<\/div>\n<\/div>\n<\/div><\/div>\n\n\n\n<div style=\"height:76px\" aria-hidden=\"true\" class=\"wp-block-spacer\"><\/div>\n","protected":false},"excerpt":{"rendered":"","protected":false},"author":2,"featured_media":0,"parent":9046,"menu_order":0,"comment_status":"closed","ping_status":"closed","template":"","meta":{"footnotes":""},"class_list":{"0":"post-9050","1":"page","2":"type-page","3":"status-publish","5":"infinite-scroll-item"},"yoast_head":"<!-- This site is optimized with the Yoast SEO plugin v27.1.1 - https:\/\/yoast.com\/product\/yoast-seo-wordpress\/ -->\n<title>Outplacement- AL - Engineers Sourcing - Headhunter<\/title>\n<meta name=\"robots\" content=\"index, follow, max-snippet:-1, max-image-preview:large, max-video-preview:-1\" \/>\n<link rel=\"canonical\" href=\"https:\/\/eshumancapital.com\/de\/seite-dienstleistungen\/outplacement\/\" \/>\n<meta property=\"og:locale\" content=\"de_DE\" \/>\n<meta property=\"og:type\" content=\"article\" \/>\n<meta property=\"og:title\" content=\"Outplacement- AL - Engineers Sourcing - Headhunter\" \/>\n<meta property=\"og:url\" content=\"https:\/\/eshumancapital.com\/de\/seite-dienstleistungen\/outplacement\/\" \/>\n<meta property=\"og:site_name\" content=\"Engineers Sourcing - Headhunter\" \/>\n<meta property=\"article:modified_time\" content=\"2025-01-07T16:25:26+00:00\" \/>\n<meta property=\"og:image\" content=\"https:\/\/eshumancapital.com\/wp-content\/uploads\/2020\/09\/ES-Human-Capital-reclitamiento-de-talentos-2.png\" \/>\n\t<meta property=\"og:image:width\" content=\"920\" \/>\n\t<meta property=\"og:image:height\" content=\"550\" \/>\n\t<meta property=\"og:image:type\" content=\"image\/png\" \/>\n<meta name=\"twitter:card\" content=\"summary_large_image\" \/>\n<meta name=\"twitter:label1\" content=\"Gesch\u00e4tzte Lesezeit\" \/>\n\t<meta name=\"twitter:data1\" content=\"3 minutes\" \/>\n<script type=\"application\/ld+json\" class=\"yoast-schema-graph\">{\"@context\":\"https:\/\/schema.org\",\"@graph\":[{\"@type\":\"WebPage\",\"@id\":\"https:\/\/eshumancapital.com\/de\/seite-dienstleistungen\/outplacement\/\",\"url\":\"https:\/\/eshumancapital.com\/de\/seite-dienstleistungen\/outplacement\/\",\"name\":\"Outplacement- AL - Engineers Sourcing - Headhunter\",\"isPartOf\":{\"@id\":\"https:\/\/eshumancapital.com\/de\/#website\"},\"primaryImageOfPage\":{\"@id\":\"https:\/\/eshumancapital.com\/de\/seite-dienstleistungen\/outplacement\/#primaryimage\"},\"image\":{\"@id\":\"https:\/\/eshumancapital.com\/de\/seite-dienstleistungen\/outplacement\/#primaryimage\"},\"thumbnailUrl\":\"https:\/\/eshumancapital.com\/wp-content\/uploads\/2020\/09\/ES-Human-Capital-reclitamiento-de-talentos-2.png\",\"datePublished\":\"2024-04-11T10:50:24+00:00\",\"dateModified\":\"2025-01-07T16:25:26+00:00\",\"breadcrumb\":{\"@id\":\"https:\/\/eshumancapital.com\/de\/seite-dienstleistungen\/outplacement\/#breadcrumb\"},\"inLanguage\":\"de-DE\",\"potentialAction\":[{\"@type\":\"ReadAction\",\"target\":[\"https:\/\/eshumancapital.com\/de\/seite-dienstleistungen\/outplacement\/\"]}]},{\"@type\":\"ImageObject\",\"inLanguage\":\"de-DE\",\"@id\":\"https:\/\/eshumancapital.com\/de\/seite-dienstleistungen\/outplacement\/#primaryimage\",\"url\":\"https:\/\/eshumancapital.com\/wp-content\/uploads\/2020\/09\/ES-Human-Capital-reclitamiento-de-talentos-2.png\",\"contentUrl\":\"https:\/\/eshumancapital.com\/wp-content\/uploads\/2020\/09\/ES-Human-Capital-reclitamiento-de-talentos-2.png\"},{\"@type\":\"BreadcrumbList\",\"@id\":\"https:\/\/eshumancapital.com\/de\/seite-dienstleistungen\/outplacement\/#breadcrumb\",\"itemListElement\":[{\"@type\":\"ListItem\",\"position\":1,\"name\":\"Portada\",\"item\":\"https:\/\/eshumancapital.com\/de\/busqueda-y-seleccion-de-profesionales\/\"},{\"@type\":\"ListItem\",\"position\":2,\"name\":\"Dienstleistungen f\u00fcr Headhunter, Outplacement und Rekrutierung\",\"item\":\"https:\/\/eshumancapital.com\/de\/seite-dienstleistungen\/\"},{\"@type\":\"ListItem\",\"position\":3,\"name\":\"Outplacement- AL\"}]},{\"@type\":\"WebSite\",\"@id\":\"https:\/\/eshumancapital.com\/de\/#website\",\"url\":\"https:\/\/eshumancapital.com\/de\/\",\"name\":\"Engineers Sourcing - Headhunter\",\"description\":\"Servicios de Headhunter, Outplacement y Recruiting. Buscamos talento como el tuyo\",\"publisher\":{\"@id\":\"https:\/\/eshumancapital.com\/de\/#organization\"},\"potentialAction\":[{\"@type\":\"SearchAction\",\"target\":{\"@type\":\"EntryPoint\",\"urlTemplate\":\"https:\/\/eshumancapital.com\/de\/?s={search_term_string}\"},\"query-input\":{\"@type\":\"PropertyValueSpecification\",\"valueRequired\":true,\"valueName\":\"search_term_string\"}}],\"inLanguage\":\"de-DE\"},{\"@type\":\"Organization\",\"@id\":\"https:\/\/eshumancapital.com\/de\/#organization\",\"name\":\"Engineers Sourcing - Headhunter\",\"url\":\"https:\/\/eshumancapital.com\/de\/\",\"logo\":{\"@type\":\"ImageObject\",\"inLanguage\":\"de-DE\",\"@id\":\"https:\/\/eshumancapital.com\/de\/#\/schema\/logo\/image\/\",\"url\":\"https:\/\/eshumancapital.com\/wp-content\/uploads\/2020\/08\/logotipo-web.png\",\"contentUrl\":\"https:\/\/eshumancapital.com\/wp-content\/uploads\/2020\/08\/logotipo-web.png\",\"width\":235,\"height\":114,\"caption\":\"Engineers Sourcing - Headhunter\"},\"image\":{\"@id\":\"https:\/\/eshumancapital.com\/de\/#\/schema\/logo\/image\/\"}}]}<\/script>\n<!-- \/ Yoast SEO plugin. -->","yoast_head_json":{"title":"Outplacement- AL - Engineers Sourcing - Headhunter","robots":{"index":"index","follow":"follow","max-snippet":"max-snippet:-1","max-image-preview":"max-image-preview:large","max-video-preview":"max-video-preview:-1"},"canonical":"https:\/\/eshumancapital.com\/de\/seite-dienstleistungen\/outplacement\/","og_locale":"de_DE","og_type":"article","og_title":"Outplacement- AL - Engineers Sourcing - Headhunter","og_url":"https:\/\/eshumancapital.com\/de\/seite-dienstleistungen\/outplacement\/","og_site_name":"Engineers Sourcing - Headhunter","article_modified_time":"2025-01-07T16:25:26+00:00","og_image":[{"width":920,"height":550,"url":"https:\/\/eshumancapital.com\/wp-content\/uploads\/2020\/09\/ES-Human-Capital-reclitamiento-de-talentos-2.png","type":"image\/png"}],"twitter_card":"summary_large_image","twitter_misc":{"Gesch\u00e4tzte Lesezeit":"3 minutes"},"schema":{"@context":"https:\/\/schema.org","@graph":[{"@type":"WebPage","@id":"https:\/\/eshumancapital.com\/de\/seite-dienstleistungen\/outplacement\/","url":"https:\/\/eshumancapital.com\/de\/seite-dienstleistungen\/outplacement\/","name":"Outplacement- AL - Engineers Sourcing - Headhunter","isPartOf":{"@id":"https:\/\/eshumancapital.com\/de\/#website"},"primaryImageOfPage":{"@id":"https:\/\/eshumancapital.com\/de\/seite-dienstleistungen\/outplacement\/#primaryimage"},"image":{"@id":"https:\/\/eshumancapital.com\/de\/seite-dienstleistungen\/outplacement\/#primaryimage"},"thumbnailUrl":"https:\/\/eshumancapital.com\/wp-content\/uploads\/2020\/09\/ES-Human-Capital-reclitamiento-de-talentos-2.png","datePublished":"2024-04-11T10:50:24+00:00","dateModified":"2025-01-07T16:25:26+00:00","breadcrumb":{"@id":"https:\/\/eshumancapital.com\/de\/seite-dienstleistungen\/outplacement\/#breadcrumb"},"inLanguage":"de-DE","potentialAction":[{"@type":"ReadAction","target":["https:\/\/eshumancapital.com\/de\/seite-dienstleistungen\/outplacement\/"]}]},{"@type":"ImageObject","inLanguage":"de-DE","@id":"https:\/\/eshumancapital.com\/de\/seite-dienstleistungen\/outplacement\/#primaryimage","url":"https:\/\/eshumancapital.com\/wp-content\/uploads\/2020\/09\/ES-Human-Capital-reclitamiento-de-talentos-2.png","contentUrl":"https:\/\/eshumancapital.com\/wp-content\/uploads\/2020\/09\/ES-Human-Capital-reclitamiento-de-talentos-2.png"},{"@type":"BreadcrumbList","@id":"https:\/\/eshumancapital.com\/de\/seite-dienstleistungen\/outplacement\/#breadcrumb","itemListElement":[{"@type":"ListItem","position":1,"name":"Portada","item":"https:\/\/eshumancapital.com\/de\/busqueda-y-seleccion-de-profesionales\/"},{"@type":"ListItem","position":2,"name":"Dienstleistungen f\u00fcr Headhunter, Outplacement und Rekrutierung","item":"https:\/\/eshumancapital.com\/de\/seite-dienstleistungen\/"},{"@type":"ListItem","position":3,"name":"Outplacement- AL"}]},{"@type":"WebSite","@id":"https:\/\/eshumancapital.com\/de\/#website","url":"https:\/\/eshumancapital.com\/de\/","name":"Engineers Sourcing - Headhunter","description":"Servicios de Headhunter, Outplacement y Recruiting. Buscamos talento como el tuyo","publisher":{"@id":"https:\/\/eshumancapital.com\/de\/#organization"},"potentialAction":[{"@type":"SearchAction","target":{"@type":"EntryPoint","urlTemplate":"https:\/\/eshumancapital.com\/de\/?s={search_term_string}"},"query-input":{"@type":"PropertyValueSpecification","valueRequired":true,"valueName":"search_term_string"}}],"inLanguage":"de-DE"},{"@type":"Organization","@id":"https:\/\/eshumancapital.com\/de\/#organization","name":"Engineers Sourcing - Headhunter","url":"https:\/\/eshumancapital.com\/de\/","logo":{"@type":"ImageObject","inLanguage":"de-DE","@id":"https:\/\/eshumancapital.com\/de\/#\/schema\/logo\/image\/","url":"https:\/\/eshumancapital.com\/wp-content\/uploads\/2020\/08\/logotipo-web.png","contentUrl":"https:\/\/eshumancapital.com\/wp-content\/uploads\/2020\/08\/logotipo-web.png","width":235,"height":114,"caption":"Engineers Sourcing - Headhunter"},"image":{"@id":"https:\/\/eshumancapital.com\/de\/#\/schema\/logo\/image\/"}}]}},"_links":{"self":[{"href":"https:\/\/eshumancapital.com\/de\/wp-json\/wp\/v2\/pages\/9050","targetHints":{"allow":["GET"]}}],"collection":[{"href":"https:\/\/eshumancapital.com\/de\/wp-json\/wp\/v2\/pages"}],"about":[{"href":"https:\/\/eshumancapital.com\/de\/wp-json\/wp\/v2\/types\/page"}],"author":[{"embeddable":true,"href":"https:\/\/eshumancapital.com\/de\/wp-json\/wp\/v2\/users\/2"}],"replies":[{"embeddable":true,"href":"https:\/\/eshumancapital.com\/de\/wp-json\/wp\/v2\/comments?post=9050"}],"version-history":[{"count":6,"href":"https:\/\/eshumancapital.com\/de\/wp-json\/wp\/v2\/pages\/9050\/revisions"}],"predecessor-version":[{"id":13167,"href":"https:\/\/eshumancapital.com\/de\/wp-json\/wp\/v2\/pages\/9050\/revisions\/13167"}],"up":[{"embeddable":true,"href":"https:\/\/eshumancapital.com\/de\/wp-json\/wp\/v2\/pages\/9046"}],"wp:attachment":[{"href":"https:\/\/eshumancapital.com\/de\/wp-json\/wp\/v2\/media?parent=9050"}],"curies":[{"name":"wp","href":"https:\/\/api.w.org\/{rel}","templated":true}]}}