{"id":9042,"date":"2024-04-11T11:04:04","date_gmt":"2024-04-11T11:04:04","guid":{"rendered":"https:\/\/eshumancapital.com\/?page_id=9042"},"modified":"2024-04-11T13:58:06","modified_gmt":"2024-04-11T13:58:06","slug":"lebenslauf-senden","status":"publish","type":"page","link":"https:\/\/eshumancapital.com\/de\/lebenslauf-senden\/","title":{"rendered":"Lebenslauf senden"},"content":{"rendered":"\n<div class=\"wp-block-group alignwide\"><div class=\"wp-block-group__inner-container is-layout-flow wp-block-group-is-layout-flow\">\n<div class=\"wp-block-columns alignwide is-layout-flex wp-container-core-columns-is-layout-9d6595d7 wp-block-columns-is-layout-flex\">\n<div class=\"wp-block-column columna-color columna-margenes is-layout-flow wp-block-column-is-layout-flow\" style=\"flex-basis:33.33%\">\n<h3 class=\"wp-block-heading\">SIE SUCHEN EINEN JOB?<\/h3>\n\n\n\n<h2 class=\"wp-block-heading\"><strong>Wir sind auf der Suche nach Talenten wie Ihrem.<\/strong><\/h2>\n\n\n\n<h2 class=\"wp-block-heading\"><strong>Schicken Sie uns Ihren Lebenslauf und werden Sie Teil unserer Gemeinschaft.<\/strong><\/h2>\n\n\n\n<div style=\"height:40px\" aria-hidden=\"true\" class=\"wp-block-spacer\"><\/div>\n<\/div>\n\n\n\n<div class=\"wp-block-column columnas-espacio is-layout-flow wp-block-column-is-layout-flow\" style=\"flex-basis:66.66%\">\n<div style=\"height:25px\" aria-hidden=\"true\" class=\"wp-block-spacer\"><\/div>\n\n\n\n<div class=\"wpcf7 no-js\" id=\"wpcf7-f9105-o1\" lang=\"de-DE\" dir=\"ltr\" data-wpcf7-id=\"9105\">\n<div class=\"screen-reader-response\"><p role=\"status\" aria-live=\"polite\" aria-atomic=\"true\"><\/p> <ul><\/ul><\/div>\n<form action=\"\/de\/wp-json\/wp\/v2\/pages\/9042#wpcf7-f9105-o1\" method=\"post\" class=\"wpcf7-form init\" aria-label=\"Kontaktformular\" enctype=\"multipart\/form-data\" novalidate=\"novalidate\" data-status=\"init\">\n<fieldset class=\"hidden-fields-container\"><input type=\"hidden\" name=\"_wpcf7\" value=\"9105\" \/><input type=\"hidden\" name=\"_wpcf7_version\" value=\"6.1.5\" \/><input type=\"hidden\" name=\"_wpcf7_locale\" value=\"de_DE\" \/><input type=\"hidden\" name=\"_wpcf7_unit_tag\" value=\"wpcf7-f9105-o1\" \/><input type=\"hidden\" name=\"_wpcf7_container_post\" value=\"0\" \/><input type=\"hidden\" name=\"_wpcf7_posted_data_hash\" value=\"\" \/><input type=\"hidden\" name=\"_wpcf7_recaptcha_response\" value=\"\" \/>\n<\/fieldset>\n<div class=\"grid-33 tablet-grid-33 mobile-grid-100 first-column\" style=\"font-size:15px;\">\n\t<p><span class=\"wpcf7-form-control-wrap\" data-name=\"your-name\"><input size=\"40\" maxlength=\"400\" class=\"wpcf7-form-control wpcf7-text wpcf7-validates-as-required\" aria-required=\"true\" aria-invalid=\"false\" placeholder=\"Name*\" value=\"\" type=\"text\" name=\"your-name\" \/><\/span>\n\t<\/p>\n<\/div>\n<div class=\"grid-33 tablet-grid-33 mobile-grid-100 second-column\" style=\"font-size:15px;\">\n\t<p><span class=\"wpcf7-form-control-wrap\" data-name=\"phone-number\"><input size=\"40\" maxlength=\"400\" class=\"wpcf7-form-control wpcf7-tel wpcf7-validates-as-required wpcf7-text wpcf7-validates-as-tel\" aria-required=\"true\" aria-invalid=\"false\" placeholder=\"Telefon*\" value=\"\" type=\"tel\" name=\"phone-number\" \/><\/span>\n\t<\/p>\n<\/div>\n<div class=\"grid-33 tablet-grid-33 mobile-grid-100 third-column\" style=\"font-size:15px;\">\n\t<p><span class=\"wpcf7-form-control-wrap\" data-name=\"your-email\"><input size=\"40\" maxlength=\"400\" class=\"wpcf7-form-control wpcf7-email wpcf7-validates-as-required wpcf7-text wpcf7-validates-as-email\" aria-required=\"true\" aria-invalid=\"false\" placeholder=\"E-mail*\" value=\"\" type=\"email\" name=\"your-email\" \/><\/span>\n\t<\/p>\n<\/div>\n<div class=\"grid-100 tablet-grid-100 mobile-grid-100 one-column\" style=\"font-size:15px; padding-top:30px;\">\n\t<p>Lebenslauf anh\u00e4ngen (maximal 2MB)*<br \/>\n<span class=\"wpcf7-form-control-wrap\" data-name=\"archivo\"><input size=\"40\" class=\"wpcf7-form-control wpcf7-file wpcf7-validates-as-required AdjuntarCV\" id=\"AdjuntarCV\" accept=\".pdf,.doc\" aria-required=\"true\" aria-invalid=\"false\" type=\"file\" name=\"archivo\" \/><\/span>\n\t<\/p>\n<\/div>\n<p style=\"font-size:12px\"><span class=\"wpcf7-form-control-wrap\" data-name=\"ckeck-legal\"><span class=\"wpcf7-form-control wpcf7-acceptance\"><span class=\"wpcf7-list-item\"><input type=\"checkbox\" name=\"ckeck-legal\" value=\"1\" aria-invalid=\"false\" \/><\/span><\/span><\/span>Ich habe die <a href=\"https:\/\/eshumancapital.com\/en\/privacy-policy\/\" TARGET='_blank'>Datenschutzbestimmungen gelesen und akzeptiere sie<\/a><br \/>\n<span class=\"wpcf7-form-control-wrap\" data-name=\"mails-info\"><span class=\"wpcf7-form-control wpcf7-checkbox\"><span class=\"wpcf7-list-item first last\"><input type=\"checkbox\" name=\"mails-info[]\" value=\"Ich akzeptiere die Zusendung von Informationsmails\" \/><span class=\"wpcf7-list-item-label\">Ich akzeptiere die Zusendung von Informationsmails<\/span><\/span><\/span><\/span>\n<\/p>\n<div class=\"boton-fomrulario\">\n\t<p><input class=\"wpcf7-form-control wpcf7-submit has-spinner\" type=\"submit\" value=\"REGISTRIEREN\" \/>\n\t<\/p>\n<\/div>\n<p style=\"font-size:12px\"><b>Verantwortlich:<\/b> ES ENGINEERS SOURCING SL, 28039 MADRID<br \/>\n<b>Zweck:<\/b> Personalberatungsdienste<br \/>\n<b>Legitimit\u00e4t:<\/b> Vertragliche oder kommerzielle Beziehung<br \/>\n<b>Konservierung:<\/b> 2 a\u00f1os despu\u00e9s del \u00faltimo contacto de inter\u00e9s<br \/>\n<b>Zielgruppe:<\/b> 2 Jahre nach dem letzten Kontakt von Interesse<br \/>\n<b>Internationale \u00dcberweisungen:<\/b>Es gibt keine Pl\u00e4ne<br \/>\n<b>Provenienz:<\/b> Der Interessent selbst<br \/>\n<b>Rechte:<\/b> Sie haben das Recht, auf Ihre Daten zuzugreifen, sie zu berichtigen, zu l\u00f6schen, ihre Verarbeitung einzuschr\u00e4nken oder abzulehnen, ihre \u00dcbertragbarkeit zu verlangen, nicht Gegenstand automatisierter Entscheidungen zu sein, Ihre Zustimmung zu widerrufen und Beschwerden bei der Aufsichtsbeh\u00f6rde (Spanische Datenschutzbeh\u00f6rde) einzureichen.\n<\/p><div class=\"wpcf7-response-output\" aria-hidden=\"true\"><\/div>\n<\/form>\n<\/div>\n\n<\/div>\n<\/div>\n<\/div><\/div>\n\n\n\n<div class=\"wp-block-cover alignfull is-light\"><span aria-hidden=\"true\" class=\"wp-block-cover__background has-white-background-color has-background-dim-100 has-background-dim\"><\/span><div class=\"wp-block-cover__inner-container is-layout-flow wp-block-cover-is-layout-flow\">\n<div class=\"wp-block-group alignfull\"><div class=\"wp-block-group__inner-container is-layout-flow wp-block-group-is-layout-flow\">\n<h2 class=\"wp-block-heading has-text-color\" style=\"color:#0a2934\">Jobangebote |<span style=\"color: #0a2934; font-size:20px;\"><a class=\"rank-math-link\" href=\"https:\/\/eshumancapital.com\/es\/category\/ofertas-de-empleo\/\"> <a href=\"https:\/\/eshumancapital.com\/categoria\/ofertas-de-empleo\/\">\u00a0ALLE ANZEIGEN<\/a><\/a><\/span><\/h2>\n\n\n\n<hr class=\"wp-block-separator has-text-color has-css-opacity has-background is-style-wide hr-oferta\" style=\"background-color:#d2a549;color:#d2a549\"\/>\n\n\n<ul class=\"wp-block-latest-posts__list is-grid columns-4 has-dates aligncenter wp-block-latest-posts\"><li><div class=\"wp-block-latest-posts__featured-image\"><img fetchpriority=\"high\" decoding=\"async\" width=\"300\" height=\"300\" src=\"https:\/\/eshumancapital.com\/wp-content\/uploads\/2025\/12\/PROJECT-MANAGER-Obra-Lineal-MADRID.png\" class=\"attachment-medium size-medium wp-post-image\" alt=\"\" style=\"\" srcset=\"https:\/\/eshumancapital.com\/wp-content\/uploads\/2025\/12\/PROJECT-MANAGER-Obra-Lineal-MADRID.png 300w, https:\/\/eshumancapital.com\/wp-content\/uploads\/2025\/12\/PROJECT-MANAGER-Obra-Lineal-MADRID-150x150.png 150w\" sizes=\"(max-width: 300px) 100vw, 300px\" \/><\/div><a class=\"wp-block-latest-posts__post-title\" href=\"https:\/\/eshumancapital.com\/de\/blog\/senior-project-manager-rail-infrastructure-madrid\/\">Senior Project Manager \u2013 Rail &amp; Infrastructure (Madrid)<\/a><time datetime=\"2025-12-15T16:19:34+00:00\" class=\"wp-block-latest-posts__post-date\">15\/12\/2025<\/time><\/li>\n<li><div class=\"wp-block-latest-posts__featured-image\"><img decoding=\"async\" width=\"300\" height=\"300\" src=\"https:\/\/eshumancapital.com\/wp-content\/uploads\/2025\/11\/LIDERELECTRICOMADRID.png\" class=\"attachment-medium size-medium wp-post-image\" alt=\"\" style=\"\" srcset=\"https:\/\/eshumancapital.com\/wp-content\/uploads\/2025\/11\/LIDERELECTRICOMADRID.png 300w, https:\/\/eshumancapital.com\/wp-content\/uploads\/2025\/11\/LIDERELECTRICOMADRID-150x150.png 150w\" sizes=\"(max-width: 300px) 100vw, 300px\" \/><\/div><a class=\"wp-block-latest-posts__post-title\" href=\"https:\/\/eshumancapital.com\/de\/jobangebote\/responsable-electrico-og-madrid\/\">RESPONSABLE EL\u00c9CTRICO O&amp;G-MADRID<\/a><time datetime=\"2025-11-07T09:38:23+00:00\" class=\"wp-block-latest-posts__post-date\">07\/11\/2025<\/time><\/li>\n<li><div class=\"wp-block-latest-posts__featured-image\"><img decoding=\"async\" width=\"300\" height=\"300\" src=\"https:\/\/eshumancapital.com\/wp-content\/uploads\/2025\/09\/TECNICO-DE-FAIS-AEROESPACIAL-SEVILLA.png\" class=\"attachment-medium size-medium wp-post-image\" alt=\"\" style=\"\" srcset=\"https:\/\/eshumancapital.com\/wp-content\/uploads\/2025\/09\/TECNICO-DE-FAIS-AEROESPACIAL-SEVILLA.png 300w, https:\/\/eshumancapital.com\/wp-content\/uploads\/2025\/09\/TECNICO-DE-FAIS-AEROESPACIAL-SEVILLA-150x150.png 150w\" sizes=\"(max-width: 300px) 100vw, 300px\" \/><\/div><a class=\"wp-block-latest-posts__post-title\" href=\"https:\/\/eshumancapital.com\/de\/jobangebote\/process-engineer_-fais-aerospace-sector\/\">PROCESS ENGINEER_ FAIs-Aerospace Sector<\/a><time datetime=\"2025-09-25T15:27:00+00:00\" class=\"wp-block-latest-posts__post-date\">25\/09\/2025<\/time><\/li>\n<li><div class=\"wp-block-latest-posts__featured-image\"><img loading=\"lazy\" decoding=\"async\" width=\"300\" height=\"300\" src=\"https:\/\/eshumancapital.com\/wp-content\/uploads\/2025\/09\/ING-QUIMICO-DE-PROCESOS-MADRID.png\" class=\"attachment-medium size-medium wp-post-image\" alt=\"\" style=\"\" srcset=\"https:\/\/eshumancapital.com\/wp-content\/uploads\/2025\/09\/ING-QUIMICO-DE-PROCESOS-MADRID.png 300w, https:\/\/eshumancapital.com\/wp-content\/uploads\/2025\/09\/ING-QUIMICO-DE-PROCESOS-MADRID-150x150.png 150w\" sizes=\"(max-width: 300px) 100vw, 300px\" \/><\/div><a class=\"wp-block-latest-posts__post-title\" href=\"https:\/\/eshumancapital.com\/de\/jobangebote\/process-engineer-water-plants-madrid\/\">PROCESS ENGINEER-WATER PLANTS-MADRID<\/a><time datetime=\"2025-09-25T14:45:28+00:00\" class=\"wp-block-latest-posts__post-date\">25\/09\/2025<\/time><\/li>\n<li><div class=\"wp-block-latest-posts__featured-image\"><img loading=\"lazy\" decoding=\"async\" width=\"300\" height=\"300\" src=\"https:\/\/eshumancapital.com\/wp-content\/uploads\/2025\/08\/ELECTRICAL-DESIGN-LEAD-LONDON-UK.png\" class=\"attachment-medium size-medium wp-post-image\" alt=\"\" style=\"\" srcset=\"https:\/\/eshumancapital.com\/wp-content\/uploads\/2025\/08\/ELECTRICAL-DESIGN-LEAD-LONDON-UK.png 300w, https:\/\/eshumancapital.com\/wp-content\/uploads\/2025\/08\/ELECTRICAL-DESIGN-LEAD-LONDON-UK-150x150.png 150w\" sizes=\"(max-width: 300px) 100vw, 300px\" \/><\/div><a class=\"wp-block-latest-posts__post-title\" href=\"https:\/\/eshumancapital.com\/de\/jobangebote\/electrical-design-lead-london-uk\/\">ELECTRICAL DESIGN LEAD-LONDON UK<\/a><time datetime=\"2025-08-22T04:30:39+00:00\" class=\"wp-block-latest-posts__post-date\">22\/08\/2025<\/time><\/li>\n<li><div class=\"wp-block-latest-posts__featured-image\"><img loading=\"lazy\" decoding=\"async\" width=\"300\" height=\"300\" src=\"https:\/\/eshumancapital.com\/wp-content\/uploads\/2025\/08\/SENIOR-ENGINEERS-KUWAIT.png\" class=\"attachment-medium size-medium wp-post-image\" alt=\"\" style=\"\" srcset=\"https:\/\/eshumancapital.com\/wp-content\/uploads\/2025\/08\/SENIOR-ENGINEERS-KUWAIT.png 300w, https:\/\/eshumancapital.com\/wp-content\/uploads\/2025\/08\/SENIOR-ENGINEERS-KUWAIT-150x150.png 150w\" sizes=\"(max-width: 300px) 100vw, 300px\" \/><\/div><a class=\"wp-block-latest-posts__post-title\" href=\"https:\/\/eshumancapital.com\/de\/jobangebote\/procurement-technician-water-treatment-plants-madrid-2\/\">SR ENGINEERS FOR CC PLANT-Kuwait<\/a><time datetime=\"2025-08-12T13:43:59+00:00\" class=\"wp-block-latest-posts__post-date\">12\/08\/2025<\/time><\/li>\n<li><div class=\"wp-block-latest-posts__featured-image\"><img loading=\"lazy\" decoding=\"async\" width=\"300\" height=\"300\" src=\"https:\/\/eshumancapital.com\/wp-content\/uploads\/2025\/07\/PROCUREMENT_TECH_MADRID.png\" class=\"attachment-medium size-medium wp-post-image\" alt=\"\" style=\"\" srcset=\"https:\/\/eshumancapital.com\/wp-content\/uploads\/2025\/07\/PROCUREMENT_TECH_MADRID.png 300w, https:\/\/eshumancapital.com\/wp-content\/uploads\/2025\/07\/PROCUREMENT_TECH_MADRID-150x150.png 150w\" sizes=\"(max-width: 300px) 100vw, 300px\" \/><\/div><a class=\"wp-block-latest-posts__post-title\" href=\"https:\/\/eshumancapital.com\/de\/jobangebote\/procurement-technician-water-treatment-plants-madrid\/\">PROCUREMENT TECHNICIAN-Water Treatment Plants-Madrid<\/a><time datetime=\"2025-07-07T11:31:54+00:00\" class=\"wp-block-latest-posts__post-date\">07\/07\/2025<\/time><\/li>\n<li><div class=\"wp-block-latest-posts__featured-image\"><img loading=\"lazy\" decoding=\"async\" width=\"300\" height=\"300\" src=\"https:\/\/eshumancapital.com\/wp-content\/uploads\/2025\/07\/247-ING-DE-PROCESOS-SEVILLA.png\" class=\"attachment-medium size-medium wp-post-image\" alt=\"\" style=\"\" srcset=\"https:\/\/eshumancapital.com\/wp-content\/uploads\/2025\/07\/247-ING-DE-PROCESOS-SEVILLA.png 300w, https:\/\/eshumancapital.com\/wp-content\/uploads\/2025\/07\/247-ING-DE-PROCESOS-SEVILLA-150x150.png 150w\" sizes=\"(max-width: 300px) 100vw, 300px\" \/><\/div><a class=\"wp-block-latest-posts__post-title\" href=\"https:\/\/eshumancapital.com\/de\/jobangebote\/ingeniero-de-procesos-y-carga-capacidad-sector-aeronautico-sevilla\/\">INGENIERO DE PROCESOS Y CARGA\/CAPACIDAD- Sector Aeron\u00e1utico-Sevilla<\/a><time datetime=\"2025-07-07T11:04:04+00:00\" class=\"wp-block-latest-posts__post-date\">07\/07\/2025<\/time><\/li>\n<\/ul><\/div><\/div>\n\n\n\n<div style=\"height:60px\" aria-hidden=\"true\" class=\"wp-block-spacer\"><\/div>\n<\/div><\/div>\n","protected":false},"excerpt":{"rendered":"","protected":false},"author":2,"featured_media":0,"parent":0,"menu_order":0,"comment_status":"closed","ping_status":"closed","template":"","meta":{"footnotes":""},"class_list":{"0":"post-9042","1":"page","2":"type-page","3":"status-publish","5":"infinite-scroll-item"},"yoast_head":"<!-- This site is optimized with the Yoast SEO plugin v27.1.1 - https:\/\/yoast.com\/product\/yoast-seo-wordpress\/ -->\n<title>Lebenslauf senden - Engineers Sourcing - Headhunter<\/title>\n<meta name=\"robots\" content=\"index, follow, max-snippet:-1, max-image-preview:large, max-video-preview:-1\" \/>\n<link rel=\"canonical\" href=\"https:\/\/eshumancapital.com\/de\/lebenslauf-senden\/\" \/>\n<meta property=\"og:locale\" content=\"de_DE\" \/>\n<meta property=\"og:type\" content=\"article\" \/>\n<meta property=\"og:title\" content=\"Lebenslauf senden - Engineers Sourcing - Headhunter\" \/>\n<meta property=\"og:url\" content=\"https:\/\/eshumancapital.com\/de\/lebenslauf-senden\/\" \/>\n<meta property=\"og:site_name\" content=\"Engineers Sourcing - Headhunter\" \/>\n<meta property=\"article:modified_time\" content=\"2024-04-11T13:58:06+00:00\" \/>\n<meta name=\"twitter:card\" content=\"summary_large_image\" \/>\n<script type=\"application\/ld+json\" class=\"yoast-schema-graph\">{\"@context\":\"https:\/\/schema.org\",\"@graph\":[{\"@type\":\"WebPage\",\"@id\":\"https:\/\/eshumancapital.com\/de\/lebenslauf-senden\/\",\"url\":\"https:\/\/eshumancapital.com\/de\/lebenslauf-senden\/\",\"name\":\"Lebenslauf senden - Engineers Sourcing - Headhunter\",\"isPartOf\":{\"@id\":\"https:\/\/eshumancapital.com\/de\/#website\"},\"datePublished\":\"2024-04-11T11:04:04+00:00\",\"dateModified\":\"2024-04-11T13:58:06+00:00\",\"breadcrumb\":{\"@id\":\"https:\/\/eshumancapital.com\/de\/lebenslauf-senden\/#breadcrumb\"},\"inLanguage\":\"de-DE\",\"potentialAction\":[{\"@type\":\"ReadAction\",\"target\":[\"https:\/\/eshumancapital.com\/de\/lebenslauf-senden\/\"]}]},{\"@type\":\"BreadcrumbList\",\"@id\":\"https:\/\/eshumancapital.com\/de\/lebenslauf-senden\/#breadcrumb\",\"itemListElement\":[{\"@type\":\"ListItem\",\"position\":1,\"name\":\"Portada\",\"item\":\"https:\/\/eshumancapital.com\/de\/busqueda-y-seleccion-de-profesionales\/\"},{\"@type\":\"ListItem\",\"position\":2,\"name\":\"Lebenslauf senden\"}]},{\"@type\":\"WebSite\",\"@id\":\"https:\/\/eshumancapital.com\/de\/#website\",\"url\":\"https:\/\/eshumancapital.com\/de\/\",\"name\":\"Engineers Sourcing - Headhunter\",\"description\":\"Servicios de Headhunter, Outplacement y Recruiting. Buscamos talento como el tuyo\",\"publisher\":{\"@id\":\"https:\/\/eshumancapital.com\/de\/#organization\"},\"potentialAction\":[{\"@type\":\"SearchAction\",\"target\":{\"@type\":\"EntryPoint\",\"urlTemplate\":\"https:\/\/eshumancapital.com\/de\/?s={search_term_string}\"},\"query-input\":{\"@type\":\"PropertyValueSpecification\",\"valueRequired\":true,\"valueName\":\"search_term_string\"}}],\"inLanguage\":\"de-DE\"},{\"@type\":\"Organization\",\"@id\":\"https:\/\/eshumancapital.com\/de\/#organization\",\"name\":\"Engineers Sourcing - Headhunter\",\"url\":\"https:\/\/eshumancapital.com\/de\/\",\"logo\":{\"@type\":\"ImageObject\",\"inLanguage\":\"de-DE\",\"@id\":\"https:\/\/eshumancapital.com\/de\/#\/schema\/logo\/image\/\",\"url\":\"https:\/\/eshumancapital.com\/wp-content\/uploads\/2020\/08\/logotipo-web.png\",\"contentUrl\":\"https:\/\/eshumancapital.com\/wp-content\/uploads\/2020\/08\/logotipo-web.png\",\"width\":235,\"height\":114,\"caption\":\"Engineers Sourcing - Headhunter\"},\"image\":{\"@id\":\"https:\/\/eshumancapital.com\/de\/#\/schema\/logo\/image\/\"}}]}<\/script>\n<!-- \/ Yoast SEO plugin. -->","yoast_head_json":{"title":"Lebenslauf senden - Engineers Sourcing - Headhunter","robots":{"index":"index","follow":"follow","max-snippet":"max-snippet:-1","max-image-preview":"max-image-preview:large","max-video-preview":"max-video-preview:-1"},"canonical":"https:\/\/eshumancapital.com\/de\/lebenslauf-senden\/","og_locale":"de_DE","og_type":"article","og_title":"Lebenslauf senden - Engineers Sourcing - Headhunter","og_url":"https:\/\/eshumancapital.com\/de\/lebenslauf-senden\/","og_site_name":"Engineers Sourcing - Headhunter","article_modified_time":"2024-04-11T13:58:06+00:00","twitter_card":"summary_large_image","schema":{"@context":"https:\/\/schema.org","@graph":[{"@type":"WebPage","@id":"https:\/\/eshumancapital.com\/de\/lebenslauf-senden\/","url":"https:\/\/eshumancapital.com\/de\/lebenslauf-senden\/","name":"Lebenslauf senden - Engineers Sourcing - Headhunter","isPartOf":{"@id":"https:\/\/eshumancapital.com\/de\/#website"},"datePublished":"2024-04-11T11:04:04+00:00","dateModified":"2024-04-11T13:58:06+00:00","breadcrumb":{"@id":"https:\/\/eshumancapital.com\/de\/lebenslauf-senden\/#breadcrumb"},"inLanguage":"de-DE","potentialAction":[{"@type":"ReadAction","target":["https:\/\/eshumancapital.com\/de\/lebenslauf-senden\/"]}]},{"@type":"BreadcrumbList","@id":"https:\/\/eshumancapital.com\/de\/lebenslauf-senden\/#breadcrumb","itemListElement":[{"@type":"ListItem","position":1,"name":"Portada","item":"https:\/\/eshumancapital.com\/de\/busqueda-y-seleccion-de-profesionales\/"},{"@type":"ListItem","position":2,"name":"Lebenslauf senden"}]},{"@type":"WebSite","@id":"https:\/\/eshumancapital.com\/de\/#website","url":"https:\/\/eshumancapital.com\/de\/","name":"Engineers Sourcing - Headhunter","description":"Servicios de Headhunter, Outplacement y Recruiting. Buscamos talento como el tuyo","publisher":{"@id":"https:\/\/eshumancapital.com\/de\/#organization"},"potentialAction":[{"@type":"SearchAction","target":{"@type":"EntryPoint","urlTemplate":"https:\/\/eshumancapital.com\/de\/?s={search_term_string}"},"query-input":{"@type":"PropertyValueSpecification","valueRequired":true,"valueName":"search_term_string"}}],"inLanguage":"de-DE"},{"@type":"Organization","@id":"https:\/\/eshumancapital.com\/de\/#organization","name":"Engineers Sourcing - Headhunter","url":"https:\/\/eshumancapital.com\/de\/","logo":{"@type":"ImageObject","inLanguage":"de-DE","@id":"https:\/\/eshumancapital.com\/de\/#\/schema\/logo\/image\/","url":"https:\/\/eshumancapital.com\/wp-content\/uploads\/2020\/08\/logotipo-web.png","contentUrl":"https:\/\/eshumancapital.com\/wp-content\/uploads\/2020\/08\/logotipo-web.png","width":235,"height":114,"caption":"Engineers Sourcing - Headhunter"},"image":{"@id":"https:\/\/eshumancapital.com\/de\/#\/schema\/logo\/image\/"}}]}},"_links":{"self":[{"href":"https:\/\/eshumancapital.com\/de\/wp-json\/wp\/v2\/pages\/9042","targetHints":{"allow":["GET"]}}],"collection":[{"href":"https:\/\/eshumancapital.com\/de\/wp-json\/wp\/v2\/pages"}],"about":[{"href":"https:\/\/eshumancapital.com\/de\/wp-json\/wp\/v2\/types\/page"}],"author":[{"embeddable":true,"href":"https:\/\/eshumancapital.com\/de\/wp-json\/wp\/v2\/users\/2"}],"replies":[{"embeddable":true,"href":"https:\/\/eshumancapital.com\/de\/wp-json\/wp\/v2\/comments?post=9042"}],"version-history":[{"count":3,"href":"https:\/\/eshumancapital.com\/de\/wp-json\/wp\/v2\/pages\/9042\/revisions"}],"predecessor-version":[{"id":9106,"href":"https:\/\/eshumancapital.com\/de\/wp-json\/wp\/v2\/pages\/9042\/revisions\/9106"}],"wp:attachment":[{"href":"https:\/\/eshumancapital.com\/de\/wp-json\/wp\/v2\/media?parent=9042"}],"curies":[{"name":"wp","href":"https:\/\/api.w.org\/{rel}","templated":true}]}}