{"id":9040,"date":"2024-04-11T11:06:00","date_gmt":"2024-04-11T11:06:00","guid":{"rendered":"https:\/\/eshumancapital.com\/?page_id=9040"},"modified":"2024-04-11T14:36:54","modified_gmt":"2024-04-11T14:36:54","slug":"kontaktseite","status":"publish","type":"page","link":"https:\/\/eshumancapital.com\/de\/kontaktseite\/","title":{"rendered":"Kontaktseite"},"content":{"rendered":"\n<div class=\"wp-block-group alignfull\"><div class=\"wp-block-group__inner-container is-layout-flow wp-block-group-is-layout-flow\">\n<div class=\"wp-block-columns alignwide is-layout-flex wp-container-core-columns-is-layout-9d6595d7 wp-block-columns-is-layout-flex\">\n<div class=\"wp-block-column columna-color columna-margenes is-layout-flow wp-block-column-is-layout-flow\" style=\"flex-basis:33.33%\">\n<h2 class=\"wp-block-heading\"><strong>Spezialisten f\u00fcr die Auswahl und Wiedereingliederung von hochqualifizierten Fachkr\u00e4ften.<\/strong><\/h2>\n\n\n\n<div style=\"height:40px\" aria-hidden=\"true\" class=\"wp-block-spacer\"><\/div>\n\n\n\n<h3 class=\"wp-block-heading\"><strong>Kontaktdaten:<\/strong><\/h3>\n\n\n\n<div><i class=\"fas fa-mobile-alt\"><\/i><a class=\"rank-math-link\" href=\"tel:+34630773419\"> 630 773 419<\/a><\/p>\n<p><i class=\"far fa-envelope\"><\/i><a href=\"mailto:info@eshumancapital.com\" target=\"_blank\" rel=\"noreferrer noopener\"> info@eshumancapital.com<\/a><\/p>\n<\/div>\n<\/div>\n\n\n\n<div class=\"wp-block-column columnas-espacio is-layout-flow wp-block-column-is-layout-flow\" style=\"flex-basis:66.66%\">\n<div style=\"height:25px\" aria-hidden=\"true\" class=\"wp-block-spacer\"><\/div>\n\n\n\n<div class=\"wpcf7 no-js\" id=\"wpcf7-f9107-o1\" lang=\"de-DE\" dir=\"ltr\" data-wpcf7-id=\"9107\">\n<div class=\"screen-reader-response\"><p role=\"status\" aria-live=\"polite\" aria-atomic=\"true\"><\/p> <ul><\/ul><\/div>\n<form action=\"\/de\/wp-json\/wp\/v2\/pages\/9040#wpcf7-f9107-o1\" method=\"post\" class=\"wpcf7-form init\" aria-label=\"Kontaktformular\" novalidate=\"novalidate\" data-status=\"init\">\n<fieldset class=\"hidden-fields-container\"><input type=\"hidden\" name=\"_wpcf7\" value=\"9107\" \/><input type=\"hidden\" name=\"_wpcf7_version\" value=\"6.1.5\" \/><input type=\"hidden\" name=\"_wpcf7_locale\" value=\"de_DE\" \/><input type=\"hidden\" name=\"_wpcf7_unit_tag\" value=\"wpcf7-f9107-o1\" \/><input type=\"hidden\" name=\"_wpcf7_container_post\" value=\"0\" \/><input type=\"hidden\" name=\"_wpcf7_posted_data_hash\" value=\"\" \/><input type=\"hidden\" name=\"_wpcf7_recaptcha_response\" value=\"\" \/>\n<\/fieldset>\n<div class=\"grid-33 tablet-grid-33 mobile-grid-100 first-column\" style=\"font-size:15px;\">\n\t<p><span class=\"wpcf7-form-control-wrap\" data-name=\"your-name\"><input size=\"40\" maxlength=\"400\" class=\"wpcf7-form-control wpcf7-text wpcf7-validates-as-required\" aria-required=\"true\" aria-invalid=\"false\" placeholder=\"Vor- und Nachname:*\" value=\"\" type=\"text\" name=\"your-name\" \/><\/span>\n\t<\/p>\n<\/div>\n<div class=\"grid-33 tablet-grid-33 mobile-grid-100 second-column\" style=\"font-size:15px;\">\n\t<p><span class=\"wpcf7-form-control-wrap\" data-name=\"phone-number\"><input size=\"40\" maxlength=\"400\" class=\"wpcf7-form-control wpcf7-tel wpcf7-validates-as-required wpcf7-text wpcf7-validates-as-tel\" aria-required=\"true\" aria-invalid=\"false\" placeholder=\"Telefon*\" value=\"\" type=\"tel\" name=\"phone-number\" \/><\/span>\n\t<\/p>\n<\/div>\n<div class=\"grid-33 tablet-grid-33 mobile-grid-100 third-column\" style=\"font-size:15px;\">\n\t<p><span class=\"wpcf7-form-control-wrap\" data-name=\"your-email\"><input size=\"40\" maxlength=\"400\" class=\"wpcf7-form-control wpcf7-email wpcf7-validates-as-required wpcf7-text wpcf7-validates-as-email\" aria-required=\"true\" aria-invalid=\"false\" placeholder=\"E-mail*\" value=\"\" type=\"email\" name=\"your-email\" \/><\/span>\n\t<\/p>\n<\/div>\n<div class=\"grid-100 tablet-grid-100 mobile-grid-100 one-column\" style=\"font-size:15px; padding-top:20px;\">\n\t<p><span class=\"wpcf7-form-control-wrap\" data-name=\"your-message\"><textarea cols=\"40\" rows=\"10\" maxlength=\"2000\" class=\"wpcf7-form-control wpcf7-textarea\" aria-invalid=\"false\" placeholder=\"Anmerkungen\" name=\"your-message\"><\/textarea><\/span>\n\t<\/p>\n<\/div>\n<p style=\"font-size:12px\"><span class=\"wpcf7-form-control-wrap\" data-name=\"ckeck-legal\"><span class=\"wpcf7-form-control wpcf7-acceptance\"><span class=\"wpcf7-list-item\"><input type=\"checkbox\" name=\"ckeck-legal\" value=\"1\" aria-invalid=\"false\" \/><\/span><\/span><\/span>Ich habe die <a href=\"https:\/\/eshumancapital.com\/en\/privacy-policy\/\" TARGET='_blank'>Datenschutzbestimmungen gelesen und akzeptiere sie<\/a><span class=\"wpcf7-form-control-wrap\" data-name=\"mails-info\"><span class=\"wpcf7-form-control wpcf7-checkbox\"><span class=\"wpcf7-list-item first last\"><input type=\"checkbox\" name=\"mails-info[]\" value=\"Ich akzeptiere die Zusendung von Informationsmails\" \/><span class=\"wpcf7-list-item-label\">Ich akzeptiere die Zusendung von Informationsmails<\/span><\/span><\/span><\/span>\n<\/p>\n<div class=\"boton-fomrulario\">\n\t<p><input class=\"wpcf7-form-control wpcf7-submit has-spinner\" type=\"submit\" value=\"SENDEN\" \/>\n\t<\/p>\n<\/div>\n<p style=\"font-size:12px\"><b>Verantwortlich:<\/b> ES ENGINEERS SOURCING SL, 28039 MADRID<br \/>\n<b>Zweck:<\/b> Personalberatungsdienste<br \/>\n<b>Legitimit\u00e4t:<\/b> Vertragliche oder kommerzielle Beziehung<br \/>\n<b>Konservierung:<\/b> 2 a\u00f1os despu\u00e9s del \u00faltimo contacto de inter\u00e9s<br \/>\n<b>Zielgruppe:<\/b> 2 Jahre nach dem letzten Kontakt von Interesse<br \/>\n<b>Internationale \u00dcberweisungen:<\/b>Es gibt keine Pl\u00e4ne<br \/>\n<b>Provenienz:<\/b> Der Interessent selbst<br \/>\n<b>Rechte:<\/b> Sie haben das Recht, auf Ihre Daten zuzugreifen, sie zu berichtigen, zu l\u00f6schen, ihre Verarbeitung einzuschr\u00e4nken oder abzulehnen, ihre \u00dcbertragbarkeit zu verlangen, nicht Gegenstand automatisierter Entscheidungen zu sein, Ihre Zustimmung zu widerrufen und Beschwerden bei der Aufsichtsbeh\u00f6rde (Spanische Datenschutzbeh\u00f6rde) einzureichen.\n<\/p><div class=\"wpcf7-response-output\" aria-hidden=\"true\"><\/div>\n<\/form>\n<\/div>\n\n<\/div>\n<\/div>\n<\/div><\/div>\n\n\n\n<div class=\"wp-block-group alignwide estilo-fondo\"><div class=\"wp-block-group__inner-container is-layout-flow wp-block-group-is-layout-flow\">\n<div class=\"wp-block-cover alignwide is-light\" style=\"min-height:350px;aspect-ratio:unset;\"><span aria-hidden=\"true\" class=\"wp-block-cover__background has-background-dim-0 has-background-dim\"><\/span><img fetchpriority=\"high\" decoding=\"async\" width=\"1522\" height=\"497\" class=\"wp-block-cover__image-background wp-image-14\" alt=\"\" src=\"https:\/\/eshumancapital.com\/wp-content\/uploads\/2020\/08\/EsHumanCapitan-CTA-home-1.jpg\" data-object-fit=\"cover\" srcset=\"https:\/\/eshumancapital.com\/wp-content\/uploads\/2020\/08\/EsHumanCapitan-CTA-home-1.jpg 1522w, https:\/\/eshumancapital.com\/wp-content\/uploads\/2020\/08\/EsHumanCapitan-CTA-home-1-300x98.jpg 300w, https:\/\/eshumancapital.com\/wp-content\/uploads\/2020\/08\/EsHumanCapitan-CTA-home-1-1024x334.jpg 1024w, https:\/\/eshumancapital.com\/wp-content\/uploads\/2020\/08\/EsHumanCapitan-CTA-home-1-768x251.jpg 768w\" sizes=\"(max-width: 1522px) 100vw, 1522px\" \/><div class=\"wp-block-cover__inner-container is-layout-flow wp-block-cover-is-layout-flow\">\n<h3 class=\"wp-block-heading\" id=\"block-b0337925-b623-42af-ab8b-d5fb2b861382\">SIE SUCHEN EINEN JOB?<\/h3>\n\n\n\n<h2 class=\"wp-block-heading\" id=\"block-a5901151-82fc-4026-a276-7ae518ec6092\"><strong>Wir sind auf der Suche nach Talenten wie Ihrem.<\/strong><\/h2>\n\n\n\n<h2 class=\"wp-block-heading has-black-color has-text-color\" id=\"block-e6824924-e5ff-45dc-baf4-eefe26bf9529\"><strong><a href=\"https:\/\/eshumancapital.com\/de\/lebenslauf-senden\/\">Schicken Sie uns Ihren Lebenslauf<\/a><\/strong><\/h2>\n\n\n\n<p><\/p>\n<\/div><\/div>\n\n\n\n<p><\/p>\n<\/div><\/div>\n\n\n\n<div style=\"height:60px\" aria-hidden=\"true\" class=\"wp-block-spacer columna-version-movil\"><\/div>\n","protected":false},"excerpt":{"rendered":"","protected":false},"author":2,"featured_media":0,"parent":0,"menu_order":0,"comment_status":"closed","ping_status":"closed","template":"","meta":{"footnotes":""},"class_list":{"0":"post-9040","1":"page","2":"type-page","3":"status-publish","5":"infinite-scroll-item"},"yoast_head":"<!-- This site is optimized with the Yoast SEO plugin v27.1.1 - https:\/\/yoast.com\/product\/yoast-seo-wordpress\/ -->\n<title>Kontaktseite - Engineers Sourcing - Headhunter<\/title>\n<meta name=\"robots\" content=\"index, follow, max-snippet:-1, max-image-preview:large, max-video-preview:-1\" \/>\n<link rel=\"canonical\" href=\"https:\/\/eshumancapital.com\/de\/kontaktseite\/\" \/>\n<meta property=\"og:locale\" content=\"de_DE\" \/>\n<meta property=\"og:type\" content=\"article\" \/>\n<meta property=\"og:title\" content=\"Kontaktseite - Engineers Sourcing - Headhunter\" \/>\n<meta property=\"og:url\" content=\"https:\/\/eshumancapital.com\/de\/kontaktseite\/\" \/>\n<meta property=\"og:site_name\" content=\"Engineers Sourcing - Headhunter\" \/>\n<meta property=\"article:modified_time\" content=\"2024-04-11T14:36:54+00:00\" \/>\n<meta property=\"og:image\" content=\"https:\/\/eshumancapital.com\/wp-content\/uploads\/2020\/08\/EsHumanCapitan-CTA-home-1.jpg\" \/>\n<meta name=\"twitter:card\" content=\"summary_large_image\" \/>\n<script type=\"application\/ld+json\" class=\"yoast-schema-graph\">{\"@context\":\"https:\/\/schema.org\",\"@graph\":[{\"@type\":\"WebPage\",\"@id\":\"https:\/\/eshumancapital.com\/de\/kontaktseite\/\",\"url\":\"https:\/\/eshumancapital.com\/de\/kontaktseite\/\",\"name\":\"Kontaktseite - Engineers Sourcing - Headhunter\",\"isPartOf\":{\"@id\":\"https:\/\/eshumancapital.com\/de\/#website\"},\"primaryImageOfPage\":{\"@id\":\"https:\/\/eshumancapital.com\/de\/kontaktseite\/#primaryimage\"},\"image\":{\"@id\":\"https:\/\/eshumancapital.com\/de\/kontaktseite\/#primaryimage\"},\"thumbnailUrl\":\"https:\/\/eshumancapital.com\/wp-content\/uploads\/2020\/08\/EsHumanCapitan-CTA-home-1.jpg\",\"datePublished\":\"2024-04-11T11:06:00+00:00\",\"dateModified\":\"2024-04-11T14:36:54+00:00\",\"breadcrumb\":{\"@id\":\"https:\/\/eshumancapital.com\/de\/kontaktseite\/#breadcrumb\"},\"inLanguage\":\"de-DE\",\"potentialAction\":[{\"@type\":\"ReadAction\",\"target\":[\"https:\/\/eshumancapital.com\/de\/kontaktseite\/\"]}]},{\"@type\":\"ImageObject\",\"inLanguage\":\"de-DE\",\"@id\":\"https:\/\/eshumancapital.com\/de\/kontaktseite\/#primaryimage\",\"url\":\"https:\/\/eshumancapital.com\/wp-content\/uploads\/2020\/08\/EsHumanCapitan-CTA-home-1.jpg\",\"contentUrl\":\"https:\/\/eshumancapital.com\/wp-content\/uploads\/2020\/08\/EsHumanCapitan-CTA-home-1.jpg\"},{\"@type\":\"BreadcrumbList\",\"@id\":\"https:\/\/eshumancapital.com\/de\/kontaktseite\/#breadcrumb\",\"itemListElement\":[{\"@type\":\"ListItem\",\"position\":1,\"name\":\"Portada\",\"item\":\"https:\/\/eshumancapital.com\/de\/busqueda-y-seleccion-de-profesionales\/\"},{\"@type\":\"ListItem\",\"position\":2,\"name\":\"Kontaktseite\"}]},{\"@type\":\"WebSite\",\"@id\":\"https:\/\/eshumancapital.com\/de\/#website\",\"url\":\"https:\/\/eshumancapital.com\/de\/\",\"name\":\"Engineers Sourcing - Headhunter\",\"description\":\"Servicios de Headhunter, Outplacement y Recruiting. Buscamos talento como el tuyo\",\"publisher\":{\"@id\":\"https:\/\/eshumancapital.com\/de\/#organization\"},\"potentialAction\":[{\"@type\":\"SearchAction\",\"target\":{\"@type\":\"EntryPoint\",\"urlTemplate\":\"https:\/\/eshumancapital.com\/de\/?s={search_term_string}\"},\"query-input\":{\"@type\":\"PropertyValueSpecification\",\"valueRequired\":true,\"valueName\":\"search_term_string\"}}],\"inLanguage\":\"de-DE\"},{\"@type\":\"Organization\",\"@id\":\"https:\/\/eshumancapital.com\/de\/#organization\",\"name\":\"Engineers Sourcing - Headhunter\",\"url\":\"https:\/\/eshumancapital.com\/de\/\",\"logo\":{\"@type\":\"ImageObject\",\"inLanguage\":\"de-DE\",\"@id\":\"https:\/\/eshumancapital.com\/de\/#\/schema\/logo\/image\/\",\"url\":\"https:\/\/eshumancapital.com\/wp-content\/uploads\/2020\/08\/logotipo-web.png\",\"contentUrl\":\"https:\/\/eshumancapital.com\/wp-content\/uploads\/2020\/08\/logotipo-web.png\",\"width\":235,\"height\":114,\"caption\":\"Engineers Sourcing - Headhunter\"},\"image\":{\"@id\":\"https:\/\/eshumancapital.com\/de\/#\/schema\/logo\/image\/\"}}]}<\/script>\n<!-- \/ Yoast SEO plugin. -->","yoast_head_json":{"title":"Kontaktseite - Engineers Sourcing - Headhunter","robots":{"index":"index","follow":"follow","max-snippet":"max-snippet:-1","max-image-preview":"max-image-preview:large","max-video-preview":"max-video-preview:-1"},"canonical":"https:\/\/eshumancapital.com\/de\/kontaktseite\/","og_locale":"de_DE","og_type":"article","og_title":"Kontaktseite - Engineers Sourcing - Headhunter","og_url":"https:\/\/eshumancapital.com\/de\/kontaktseite\/","og_site_name":"Engineers Sourcing - Headhunter","article_modified_time":"2024-04-11T14:36:54+00:00","og_image":[{"url":"https:\/\/eshumancapital.com\/wp-content\/uploads\/2020\/08\/EsHumanCapitan-CTA-home-1.jpg","type":"","width":"","height":""}],"twitter_card":"summary_large_image","schema":{"@context":"https:\/\/schema.org","@graph":[{"@type":"WebPage","@id":"https:\/\/eshumancapital.com\/de\/kontaktseite\/","url":"https:\/\/eshumancapital.com\/de\/kontaktseite\/","name":"Kontaktseite - Engineers Sourcing - Headhunter","isPartOf":{"@id":"https:\/\/eshumancapital.com\/de\/#website"},"primaryImageOfPage":{"@id":"https:\/\/eshumancapital.com\/de\/kontaktseite\/#primaryimage"},"image":{"@id":"https:\/\/eshumancapital.com\/de\/kontaktseite\/#primaryimage"},"thumbnailUrl":"https:\/\/eshumancapital.com\/wp-content\/uploads\/2020\/08\/EsHumanCapitan-CTA-home-1.jpg","datePublished":"2024-04-11T11:06:00+00:00","dateModified":"2024-04-11T14:36:54+00:00","breadcrumb":{"@id":"https:\/\/eshumancapital.com\/de\/kontaktseite\/#breadcrumb"},"inLanguage":"de-DE","potentialAction":[{"@type":"ReadAction","target":["https:\/\/eshumancapital.com\/de\/kontaktseite\/"]}]},{"@type":"ImageObject","inLanguage":"de-DE","@id":"https:\/\/eshumancapital.com\/de\/kontaktseite\/#primaryimage","url":"https:\/\/eshumancapital.com\/wp-content\/uploads\/2020\/08\/EsHumanCapitan-CTA-home-1.jpg","contentUrl":"https:\/\/eshumancapital.com\/wp-content\/uploads\/2020\/08\/EsHumanCapitan-CTA-home-1.jpg"},{"@type":"BreadcrumbList","@id":"https:\/\/eshumancapital.com\/de\/kontaktseite\/#breadcrumb","itemListElement":[{"@type":"ListItem","position":1,"name":"Portada","item":"https:\/\/eshumancapital.com\/de\/busqueda-y-seleccion-de-profesionales\/"},{"@type":"ListItem","position":2,"name":"Kontaktseite"}]},{"@type":"WebSite","@id":"https:\/\/eshumancapital.com\/de\/#website","url":"https:\/\/eshumancapital.com\/de\/","name":"Engineers Sourcing - Headhunter","description":"Servicios de Headhunter, Outplacement y Recruiting. Buscamos talento como el tuyo","publisher":{"@id":"https:\/\/eshumancapital.com\/de\/#organization"},"potentialAction":[{"@type":"SearchAction","target":{"@type":"EntryPoint","urlTemplate":"https:\/\/eshumancapital.com\/de\/?s={search_term_string}"},"query-input":{"@type":"PropertyValueSpecification","valueRequired":true,"valueName":"search_term_string"}}],"inLanguage":"de-DE"},{"@type":"Organization","@id":"https:\/\/eshumancapital.com\/de\/#organization","name":"Engineers Sourcing - Headhunter","url":"https:\/\/eshumancapital.com\/de\/","logo":{"@type":"ImageObject","inLanguage":"de-DE","@id":"https:\/\/eshumancapital.com\/de\/#\/schema\/logo\/image\/","url":"https:\/\/eshumancapital.com\/wp-content\/uploads\/2020\/08\/logotipo-web.png","contentUrl":"https:\/\/eshumancapital.com\/wp-content\/uploads\/2020\/08\/logotipo-web.png","width":235,"height":114,"caption":"Engineers Sourcing - Headhunter"},"image":{"@id":"https:\/\/eshumancapital.com\/de\/#\/schema\/logo\/image\/"}}]}},"_links":{"self":[{"href":"https:\/\/eshumancapital.com\/de\/wp-json\/wp\/v2\/pages\/9040","targetHints":{"allow":["GET"]}}],"collection":[{"href":"https:\/\/eshumancapital.com\/de\/wp-json\/wp\/v2\/pages"}],"about":[{"href":"https:\/\/eshumancapital.com\/de\/wp-json\/wp\/v2\/types\/page"}],"author":[{"embeddable":true,"href":"https:\/\/eshumancapital.com\/de\/wp-json\/wp\/v2\/users\/2"}],"replies":[{"embeddable":true,"href":"https:\/\/eshumancapital.com\/de\/wp-json\/wp\/v2\/comments?post=9040"}],"version-history":[{"count":4,"href":"https:\/\/eshumancapital.com\/de\/wp-json\/wp\/v2\/pages\/9040\/revisions"}],"predecessor-version":[{"id":9118,"href":"https:\/\/eshumancapital.com\/de\/wp-json\/wp\/v2\/pages\/9040\/revisions\/9118"}],"wp:attachment":[{"href":"https:\/\/eshumancapital.com\/de\/wp-json\/wp\/v2\/media?parent=9040"}],"curies":[{"name":"wp","href":"https:\/\/api.w.org\/{rel}","templated":true}]}}